{"id":3437,"date":"2023-01-19T15:42:11","date_gmt":"2023-01-19T13:42:11","guid":{"rendered":"https:\/\/saas-fee.com\/pistenplan\/"},"modified":"2023-01-19T15:42:36","modified_gmt":"2023-01-19T13:42:36","slug":"pistenplan","status":"publish","type":"page","link":"https:\/\/saas-fee.com\/de\/wintersport\/pistenplan\/","title":{"rendered":"Pistenplan"},"content":{"rendered":"\t\t<div data-elementor-type=\"wp-post\" data-elementor-id=\"3437\" class=\"elementor elementor-3437 elementor-2837\">\n\t\t\t\t\t\t<div class=\"elementor-inner\">\n\t\t\t\t<div class=\"elementor-section-wrap\">\n\t\t\t\t\t\t\t\t\t<section class=\"elementor-section elementor-top-section elementor-element elementor-element-d2381ea elementor-section-height-min-height elementor-section-items-bottom elementor-section-boxed elementor-section-height-default\" data-id=\"d2381ea\" data-element_type=\"section\" data-settings=\"{&quot;background_background&quot;:&quot;classic&quot;}\">\n\t\t\t\t\t\t\t<div class=\"elementor-background-overlay\"><\/div>\n\t\t\t\t\t\t\t<div class=\"elementor-container elementor-column-gap-default\">\n\t\t\t\t\t\t\t<div class=\"elementor-row\">\n\t\t\t\t\t<div class=\"elementor-column elementor-col-100 elementor-top-column elementor-element elementor-element-fdc56de\" data-id=\"fdc56de\" data-element_type=\"column\">\n\t\t\t<div class=\"elementor-column-wrap elementor-element-populated\">\n\t\t\t\t\t\t\t<div class=\"elementor-widget-wrap\">\n\t\t\t\t\t\t<div class=\"elementor-element elementor-element-a3f1579 elementor-widget elementor-widget-heading\" data-id=\"a3f1579\" data-element_type=\"widget\" data-widget_type=\"heading.default\">\n\t\t\t\t<div class=\"elementor-widget-container\">\n\t\t\t<h1 class=\"elementor-heading-title elementor-size-default\">Pistenplan Saas-Fee  \n<\/h1>\t\t<\/div>\n\t\t\t\t<\/div>\n\t\t\t\t<div class=\"elementor-element elementor-element-6ae417f elementor-widget elementor-widget-breadcrumbs\" data-id=\"6ae417f\" data-element_type=\"widget\" data-widget_type=\"breadcrumbs.default\">\n\t\t\t\t<div class=\"elementor-widget-container\">\n\t\t\t<nav id=\"breadcrumbs\"><span><span><a href=\"https:\/\/saas-fee.com\/de\/homepage\/\">Home<\/a><\/span><\/span><\/nav>\t\t<\/div>\n\t\t\t\t<\/div>\n\t\t\t\t\t\t<\/div>\n\t\t\t\t\t<\/div>\n\t\t<\/div>\n\t\t\t\t\t\t\t\t<\/div>\n\t\t\t\t\t<\/div>\n\t\t<\/section>\n\t\t\t\t<section class=\"elementor-section elementor-top-section elementor-element elementor-element-f1e5e1b elementor-section-boxed elementor-section-height-default elementor-section-height-default\" data-id=\"f1e5e1b\" data-element_type=\"section\">\n\t\t\t\t\t\t<div class=\"elementor-container elementor-column-gap-default\">\n\t\t\t\t\t\t\t<div class=\"elementor-row\">\n\t\t\t\t\t<div class=\"elementor-column elementor-col-66 elementor-top-column elementor-element elementor-element-2b74201\" data-id=\"2b74201\" data-element_type=\"column\">\n\t\t\t<div class=\"elementor-column-wrap elementor-element-populated\">\n\t\t\t\t\t\t\t<div class=\"elementor-widget-wrap\">\n\t\t\t\t\t\t<div class=\"elementor-element elementor-element-7970b7f elementor-widget elementor-widget-text-editor\" data-id=\"7970b7f\" data-element_type=\"widget\" data-widget_type=\"text-editor.default\">\n\t\t\t\t<div class=\"elementor-widget-container\">\n\t\t\t\t\t\t\t\t<div class=\"elementor-text-editor elementor-clearfix\">\n\t\t\t\t<p><span style=\"font-weight: 400;\">Das Skigebiet Saas-Fee liegt in den Schweizer Alpen und bietet eine Vielzahl von Pisten f\u00fcr Skifahrer aller Schwierigkeitsgrade. Die Pisten f\u00fcr Anf\u00e4nger befinden sich in der N\u00e4he des Skigebiets, w\u00e4hrend die fortgeschrittenen Pisten weiter oben am Berg liegen.  <\/span><\/p>\n\t\t\t\t\t<\/div>\n\t\t\t\t\t\t<\/div>\n\t\t\t\t<\/div>\n\t\t\t\t<div class=\"elementor-element elementor-element-3e9cefb elementor-widget elementor-widget-image\" data-id=\"3e9cefb\" data-element_type=\"widget\" data-widget_type=\"image.default\">\n\t\t\t\t<div class=\"elementor-widget-container\">\n\t\t\t\t\t\t\t\t<div class=\"elementor-image\">\n\t\t\t\t\t\t\t\t\t\t\t\t<img decoding=\"async\" width=\"640\" height=\"427\" src=\"https:\/\/saas-fee.com\/wp-content\/uploads\/2023\/01\/william-jones-U_G0lWPF_cM-unsplash.jpg\" class=\"attachment-large size-large wp-image-3308\" alt=\"\" srcset=\"https:\/\/saas-fee.com\/wp-content\/uploads\/2023\/01\/william-jones-U_G0lWPF_cM-unsplash.jpg 640w, https:\/\/saas-fee.com\/wp-content\/uploads\/2023\/01\/william-jones-U_G0lWPF_cM-unsplash-300x200.jpg 300w\" sizes=\"(max-width: 640px) 100vw, 640px\" \/>\t\t\t\t\t\t\t\t\t\t\t\t\t\t<\/div>\n\t\t\t\t\t\t<\/div>\n\t\t\t\t<\/div>\n\t\t\t\t<div class=\"elementor-element elementor-element-fe94acf elementor-widget-divider--view-line elementor-widget elementor-widget-divider\" data-id=\"fe94acf\" data-element_type=\"widget\" data-widget_type=\"divider.default\">\n\t\t\t\t<div class=\"elementor-widget-container\">\n\t\t\t\t\t<div class=\"elementor-divider\">\n\t\t\t<span class=\"elementor-divider-separator\">\n\t\t\t\t\t\t<\/span>\n\t\t<\/div>\n\t\t\t\t<\/div>\n\t\t\t\t<\/div>\n\t\t\t\t<div class=\"elementor-element elementor-element-2f897a1 elementor-widget elementor-widget-heading\" data-id=\"2f897a1\" data-element_type=\"widget\" data-widget_type=\"heading.default\">\n\t\t\t\t<div class=\"elementor-widget-container\">\n\t\t\t<h2 class=\"elementor-heading-title elementor-size-default\">Pisten- und Skiplan Saas-Fee\n<\/h2>\t\t<\/div>\n\t\t\t\t<\/div>\n\t\t\t\t<div class=\"elementor-element elementor-element-1622dcc elementor-widget elementor-widget-text-editor\" data-id=\"1622dcc\" data-element_type=\"widget\" data-widget_type=\"text-editor.default\">\n\t\t\t\t<div class=\"elementor-widget-container\">\n\t\t\t\t\t\t\t\t<div class=\"elementor-text-editor elementor-clearfix\">\n\t\t\t\t<p><span style=\"font-weight: 400;\">Die beste Art, sich im Skigebiet zurechtzufinden, ist die Verwendung der Skikarte. Dieser Pistenplan f\u00fcr Saas-Fee zeigt alle Pisten und deren Schwierigkeitsgrade, so dass Sie Ihre Route anhand des Pistenplans planen k\u00f6nnen, bevor Sie losfahren. Die Wanderkarte ist farblich gekennzeichnet, so dass Sie leicht erkennen k\u00f6nnen, welche Wanderwege ge\u00f6ffnet und welche geschlossen sind. Egal, ob Sie Anf\u00e4nger oder Experte sind, die Skikarte von Saas-Fee hilft Ihnen, das Beste aus Ihrer Zeit auf den Pisten zu machen.<\/span><\/p>\n<p><span style=\"font-weight: 400;\">Sehen Sie sich den Pistenplan von Saas-Fee unten an oder laden Sie den Pistenplan von Saas-Fee hier als pdf herunter.  <\/span><\/p>\n\t\t\t\t\t<\/div>\n\t\t\t\t\t\t<\/div>\n\t\t\t\t<\/div>\n\t\t\t\t\t\t<\/div>\n\t\t\t\t\t<\/div>\n\t\t<\/div>\n\t\t\t\t<div class=\"elementor-column elementor-col-33 elementor-top-column elementor-element elementor-element-7d51094\" data-id=\"7d51094\" data-element_type=\"column\">\n\t\t\t<div class=\"elementor-column-wrap elementor-element-populated\">\n\t\t\t\t\t\t\t<div class=\"elementor-widget-wrap\">\n\t\t\t\t\t\t<div class=\"elementor-element elementor-element-c5019b3 elementor-cta--skin-classic elementor-animated-content elementor-widget elementor-widget-global elementor-global-3484 elementor-global-3188 elementor-widget-call-to-action\" data-id=\"c5019b3\" data-element_type=\"widget\" data-settings=\"{&quot;sticky&quot;:&quot;top&quot;,&quot;sticky_offset&quot;:120,&quot;sticky_on&quot;:[&quot;desktop&quot;,&quot;tablet&quot;,&quot;mobile&quot;],&quot;sticky_effects_offset&quot;:0}\" data-widget_type=\"call-to-action.default\">\n\t\t\t\t<div class=\"elementor-widget-container\">\n\t\t\t\t\t<a class=\"elementor-cta\" href=\"https:\/\/saas-fee.com\/overnight\/reservations\/\">\n\t\t\t\t\t<div class=\"elementor-cta__bg-wrapper\">\n\t\t\t\t<div class=\"elementor-cta__bg elementor-bg\" style=\"background-image: url(https:\/\/saas-fee.com\/wp-content\/uploads\/2022\/07\/10_DSC06563_Chateau-A-41_March-2022_interiors_Puzzle-Media-1024x683.jpg);\"><\/div>\n\t\t\t\t<div class=\"elementor-cta__bg-overlay\"><\/div>\n\t\t\t<\/div>\n\t\t\t\t\t\t\t<div class=\"elementor-cta__content\">\n\t\t\t\t\n\t\t\t\t<span class=\"elementor-cta__title elementor-cta__content-item elementor-content-item\">Suchen Sie nach einer einzigartigen \u00dcbernachtung in Saas-Fee?<\/span>\n\t\t\t\t\n\t\t\t\t\t\t\t\t\t<div class=\"elementor-cta__button-wrapper elementor-cta__content-item elementor-content-item \">\n\t\t\t\t\t<span class=\"elementor-cta__button elementor-button elementor-size-sm\">\n\t\t\t\t\t\tJetzt buchen\t\t\t\t\t<\/span>\n\t\t\t\t\t<\/div>\n\t\t\t\t\t\t\t<\/div>\n\t\t\t\t\t\t<\/a>\n\t\t\t\t<\/div>\n\t\t\t\t<\/div>\n\t\t\t\t\t\t<\/div>\n\t\t\t\t\t<\/div>\n\t\t<\/div>\n\t\t\t\t\t\t\t\t<\/div>\n\t\t\t\t\t<\/div>\n\t\t<\/section>\n\t\t\t\t\t\t\t\t\t<\/div>\n\t\t\t<\/div>\n\t\t\t\t\t<\/div>\n\t\t","protected":false},"excerpt":{"rendered":"<p>Pistenplan Saas-Fee Das Skigebiet Saas-Fee liegt in den Schweizer Alpen und bietet eine Vielzahl von Pisten f\u00fcr Skifahrer aller Schwierigkeitsgrade. Die Pisten f\u00fcr Anf\u00e4nger befinden sich in der N\u00e4he des Skigebiets, w\u00e4hrend die fortgeschrittenen Pisten weiter oben am Berg liegen. Pisten- und Skiplan Saas-Fee Die beste Art, sich im Skigebiet zurechtzufinden, ist die Verwendung der [&hellip;]<\/p>\n","protected":false},"author":2,"featured_media":0,"parent":3505,"menu_order":7,"comment_status":"closed","ping_status":"closed","template":"elementor_theme","meta":{"inline_featured_image":false},"yoast_head":"<!-- This site is optimized with the Yoast SEO plugin v19.14 - https:\/\/yoast.com\/wordpress\/plugins\/seo\/ -->\n<title>Pistenplan Saas-Fee<\/title>\n<meta name=\"description\" content=\"Um sich im Skigebiet Saas-Fee zurechtzufinden, benutzen Sie am besten den Pistenplan Saas-Fee. Dieser Pistenplan zeigt die verschiedenen Pisten und ihren Schwierigkeitsgrad.\" \/>\n<meta name=\"robots\" content=\"index, follow, max-snippet:-1, max-image-preview:large, max-video-preview:-1\" \/>\n<link rel=\"canonical\" href=\"https:\/\/saas-fee.com\/de\/wintersport\/pistenplan\/\" \/>\n<meta property=\"og:locale\" content=\"de_DE\" \/>\n<meta property=\"og:type\" content=\"article\" \/>\n<meta property=\"og:title\" content=\"Pistenplan Saas-Fee\" \/>\n<meta property=\"og:description\" content=\"Um sich im Skigebiet Saas-Fee zurechtzufinden, benutzen Sie am besten den Pistenplan Saas-Fee. Dieser Pistenplan zeigt die verschiedenen Pisten und ihren Schwierigkeitsgrad.\" \/>\n<meta property=\"og:url\" content=\"https:\/\/saas-fee.com\/de\/wintersport\/pistenplan\/\" \/>\n<meta property=\"og:site_name\" content=\"Saas-Fee\" \/>\n<meta property=\"article:modified_time\" content=\"2023-01-19T13:42:36+00:00\" \/>\n<meta property=\"og:image\" content=\"https:\/\/saas-fee.com\/wp-content\/uploads\/2023\/01\/william-jones-U_G0lWPF_cM-unsplash.jpg\" \/>\n<meta name=\"twitter:card\" content=\"summary_large_image\" \/>\n<meta name=\"twitter:label1\" content=\"Gesch\u00e4tzte Lesezeit\" \/>\n\t<meta name=\"twitter:data1\" content=\"1\u00a0Minute\" \/>\n<script type=\"application\/ld+json\" class=\"yoast-schema-graph\">{\"@context\":\"https:\/\/schema.org\",\"@graph\":[{\"@type\":\"WebPage\",\"@id\":\"https:\/\/saas-fee.com\/de\/wintersport\/pistenplan\/\",\"url\":\"https:\/\/saas-fee.com\/de\/wintersport\/pistenplan\/\",\"name\":\"Pistenplan Saas-Fee\",\"isPartOf\":{\"@id\":\"https:\/\/saas-fee.com\/de\/#website\"},\"datePublished\":\"2023-01-19T13:42:11+00:00\",\"dateModified\":\"2023-01-19T13:42:36+00:00\",\"description\":\"Um sich im Skigebiet Saas-Fee zurechtzufinden, benutzen Sie am besten den Pistenplan Saas-Fee. Dieser Pistenplan zeigt die verschiedenen Pisten und ihren Schwierigkeitsgrad.\",\"breadcrumb\":{\"@id\":\"https:\/\/saas-fee.com\/de\/wintersport\/pistenplan\/#breadcrumb\"},\"inLanguage\":\"de\",\"potentialAction\":[{\"@type\":\"ReadAction\",\"target\":[\"https:\/\/saas-fee.com\/de\/wintersport\/pistenplan\/\"]}]},{\"@type\":\"BreadcrumbList\",\"@id\":\"https:\/\/saas-fee.com\/de\/wintersport\/pistenplan\/#breadcrumb\",\"itemListElement\":[{\"@type\":\"ListItem\",\"position\":1,\"name\":\"Home\",\"item\":\"https:\/\/saas-fee.com\/de\/homepage\/\"},{\"@type\":\"ListItem\",\"position\":2,\"name\":\"Pistenplan\"}]},{\"@type\":\"WebSite\",\"@id\":\"https:\/\/saas-fee.com\/de\/#website\",\"url\":\"https:\/\/saas-fee.com\/de\/\",\"name\":\"Saas-Fee\",\"description\":\"Huur een chalet in Saas-Fee, de parel van de Alpen\",\"publisher\":{\"@id\":\"https:\/\/saas-fee.com\/de\/#organization\"},\"potentialAction\":[{\"@type\":\"SearchAction\",\"target\":{\"@type\":\"EntryPoint\",\"urlTemplate\":\"https:\/\/saas-fee.com\/de\/?s={search_term_string}\"},\"query-input\":\"required name=search_term_string\"}],\"inLanguage\":\"de\"},{\"@type\":\"Organization\",\"@id\":\"https:\/\/saas-fee.com\/de\/#organization\",\"name\":\"Saas-Fee\",\"url\":\"https:\/\/saas-fee.com\/de\/\",\"logo\":{\"@type\":\"ImageObject\",\"inLanguage\":\"de\",\"@id\":\"https:\/\/saas-fee.com\/de\/#\/schema\/logo\/image\/\",\"url\":\"https:\/\/saas-fee.com\/wp-content\/uploads\/2022\/08\/Saas-Fee-logo-tijdelijk.svg\",\"contentUrl\":\"https:\/\/saas-fee.com\/wp-content\/uploads\/2022\/08\/Saas-Fee-logo-tijdelijk.svg\",\"width\":137,\"height\":26,\"caption\":\"Saas-Fee\"},\"image\":{\"@id\":\"https:\/\/saas-fee.com\/de\/#\/schema\/logo\/image\/\"}}]}<\/script>\n<!-- \/ Yoast SEO plugin. -->","yoast_head_json":{"title":"Pistenplan Saas-Fee","description":"Um sich im Skigebiet Saas-Fee zurechtzufinden, benutzen Sie am besten den Pistenplan Saas-Fee. Dieser Pistenplan zeigt die verschiedenen Pisten und ihren Schwierigkeitsgrad.","robots":{"index":"index","follow":"follow","max-snippet":"max-snippet:-1","max-image-preview":"max-image-preview:large","max-video-preview":"max-video-preview:-1"},"canonical":"https:\/\/saas-fee.com\/de\/wintersport\/pistenplan\/","og_locale":"de_DE","og_type":"article","og_title":"Pistenplan Saas-Fee","og_description":"Um sich im Skigebiet Saas-Fee zurechtzufinden, benutzen Sie am besten den Pistenplan Saas-Fee. Dieser Pistenplan zeigt die verschiedenen Pisten und ihren Schwierigkeitsgrad.","og_url":"https:\/\/saas-fee.com\/de\/wintersport\/pistenplan\/","og_site_name":"Saas-Fee","article_modified_time":"2023-01-19T13:42:36+00:00","og_image":[{"url":"https:\/\/saas-fee.com\/wp-content\/uploads\/2023\/01\/william-jones-U_G0lWPF_cM-unsplash.jpg"}],"twitter_card":"summary_large_image","twitter_misc":{"Gesch\u00e4tzte Lesezeit":"1\u00a0Minute"},"schema":{"@context":"https:\/\/schema.org","@graph":[{"@type":"WebPage","@id":"https:\/\/saas-fee.com\/de\/wintersport\/pistenplan\/","url":"https:\/\/saas-fee.com\/de\/wintersport\/pistenplan\/","name":"Pistenplan Saas-Fee","isPartOf":{"@id":"https:\/\/saas-fee.com\/de\/#website"},"datePublished":"2023-01-19T13:42:11+00:00","dateModified":"2023-01-19T13:42:36+00:00","description":"Um sich im Skigebiet Saas-Fee zurechtzufinden, benutzen Sie am besten den Pistenplan Saas-Fee. Dieser Pistenplan zeigt die verschiedenen Pisten und ihren Schwierigkeitsgrad.","breadcrumb":{"@id":"https:\/\/saas-fee.com\/de\/wintersport\/pistenplan\/#breadcrumb"},"inLanguage":"de","potentialAction":[{"@type":"ReadAction","target":["https:\/\/saas-fee.com\/de\/wintersport\/pistenplan\/"]}]},{"@type":"BreadcrumbList","@id":"https:\/\/saas-fee.com\/de\/wintersport\/pistenplan\/#breadcrumb","itemListElement":[{"@type":"ListItem","position":1,"name":"Home","item":"https:\/\/saas-fee.com\/de\/homepage\/"},{"@type":"ListItem","position":2,"name":"Pistenplan"}]},{"@type":"WebSite","@id":"https:\/\/saas-fee.com\/de\/#website","url":"https:\/\/saas-fee.com\/de\/","name":"Saas-Fee","description":"Huur een chalet in Saas-Fee, de parel van de Alpen","publisher":{"@id":"https:\/\/saas-fee.com\/de\/#organization"},"potentialAction":[{"@type":"SearchAction","target":{"@type":"EntryPoint","urlTemplate":"https:\/\/saas-fee.com\/de\/?s={search_term_string}"},"query-input":"required name=search_term_string"}],"inLanguage":"de"},{"@type":"Organization","@id":"https:\/\/saas-fee.com\/de\/#organization","name":"Saas-Fee","url":"https:\/\/saas-fee.com\/de\/","logo":{"@type":"ImageObject","inLanguage":"de","@id":"https:\/\/saas-fee.com\/de\/#\/schema\/logo\/image\/","url":"https:\/\/saas-fee.com\/wp-content\/uploads\/2022\/08\/Saas-Fee-logo-tijdelijk.svg","contentUrl":"https:\/\/saas-fee.com\/wp-content\/uploads\/2022\/08\/Saas-Fee-logo-tijdelijk.svg","width":137,"height":26,"caption":"Saas-Fee"},"image":{"@id":"https:\/\/saas-fee.com\/de\/#\/schema\/logo\/image\/"}}]}},"_links":{"self":[{"href":"https:\/\/saas-fee.com\/de\/wp-json\/wp\/v2\/pages\/3437"}],"collection":[{"href":"https:\/\/saas-fee.com\/de\/wp-json\/wp\/v2\/pages"}],"about":[{"href":"https:\/\/saas-fee.com\/de\/wp-json\/wp\/v2\/types\/page"}],"author":[{"embeddable":true,"href":"https:\/\/saas-fee.com\/de\/wp-json\/wp\/v2\/users\/2"}],"replies":[{"embeddable":true,"href":"https:\/\/saas-fee.com\/de\/wp-json\/wp\/v2\/comments?post=3437"}],"version-history":[{"count":3,"href":"https:\/\/saas-fee.com\/de\/wp-json\/wp\/v2\/pages\/3437\/revisions"}],"predecessor-version":[{"id":3465,"href":"https:\/\/saas-fee.com\/de\/wp-json\/wp\/v2\/pages\/3437\/revisions\/3465"}],"up":[{"embeddable":true,"href":"https:\/\/saas-fee.com\/de\/wp-json\/wp\/v2\/pages\/3505"}],"wp:attachment":[{"href":"https:\/\/saas-fee.com\/de\/wp-json\/wp\/v2\/media?parent=3437"}],"curies":[{"name":"wp","href":"https:\/\/api.w.org\/{rel}","templated":true}]}}