{"id":3439,"date":"2023-01-19T15:42:16","date_gmt":"2023-01-19T13:42:16","guid":{"rendered":"https:\/\/saas-fee.com\/einkaufen\/"},"modified":"2023-01-19T15:42:41","modified_gmt":"2023-01-19T13:42:41","slug":"einkaufen","status":"publish","type":"page","link":"https:\/\/saas-fee.com\/de\/entspannung\/einkaufen\/","title":{"rendered":"Einkaufen"},"content":{"rendered":"\t\t<div data-elementor-type=\"wp-post\" data-elementor-id=\"3439\" class=\"elementor elementor-3439 elementor-2840\">\n\t\t\t\t\t\t<div class=\"elementor-inner\">\n\t\t\t\t<div class=\"elementor-section-wrap\">\n\t\t\t\t\t\t\t\t\t<section class=\"elementor-section elementor-top-section elementor-element elementor-element-d2381ea elementor-section-height-min-height elementor-section-items-bottom elementor-section-boxed elementor-section-height-default\" data-id=\"d2381ea\" data-element_type=\"section\" data-settings=\"{&quot;background_background&quot;:&quot;classic&quot;}\">\n\t\t\t\t\t\t\t<div class=\"elementor-background-overlay\"><\/div>\n\t\t\t\t\t\t\t<div class=\"elementor-container elementor-column-gap-default\">\n\t\t\t\t\t\t\t<div class=\"elementor-row\">\n\t\t\t\t\t<div class=\"elementor-column elementor-col-100 elementor-top-column elementor-element elementor-element-fdc56de\" data-id=\"fdc56de\" data-element_type=\"column\">\n\t\t\t<div class=\"elementor-column-wrap elementor-element-populated\">\n\t\t\t\t\t\t\t<div class=\"elementor-widget-wrap\">\n\t\t\t\t\t\t<div class=\"elementor-element elementor-element-a3f1579 elementor-widget elementor-widget-heading\" data-id=\"a3f1579\" data-element_type=\"widget\" data-widget_type=\"heading.default\">\n\t\t\t\t<div class=\"elementor-widget-container\">\n\t\t\t<h1 class=\"elementor-heading-title elementor-size-default\">Einkaufen in Saas-Fee<\/h1>\t\t<\/div>\n\t\t\t\t<\/div>\n\t\t\t\t<div class=\"elementor-element elementor-element-6ae417f elementor-widget elementor-widget-breadcrumbs\" data-id=\"6ae417f\" data-element_type=\"widget\" data-widget_type=\"breadcrumbs.default\">\n\t\t\t\t<div class=\"elementor-widget-container\">\n\t\t\t<nav id=\"breadcrumbs\"><span><span><a href=\"https:\/\/saas-fee.com\/de\/homepage\/\">Home<\/a><\/span><\/span><\/nav>\t\t<\/div>\n\t\t\t\t<\/div>\n\t\t\t\t\t\t<\/div>\n\t\t\t\t\t<\/div>\n\t\t<\/div>\n\t\t\t\t\t\t\t\t<\/div>\n\t\t\t\t\t<\/div>\n\t\t<\/section>\n\t\t\t\t<section class=\"elementor-section elementor-top-section elementor-element elementor-element-f1e5e1b elementor-section-boxed elementor-section-height-default elementor-section-height-default\" data-id=\"f1e5e1b\" data-element_type=\"section\">\n\t\t\t\t\t\t<div class=\"elementor-container elementor-column-gap-default\">\n\t\t\t\t\t\t\t<div class=\"elementor-row\">\n\t\t\t\t\t<div class=\"elementor-column elementor-col-66 elementor-top-column elementor-element elementor-element-2b74201\" data-id=\"2b74201\" data-element_type=\"column\">\n\t\t\t<div class=\"elementor-column-wrap elementor-element-populated\">\n\t\t\t\t\t\t\t<div class=\"elementor-widget-wrap\">\n\t\t\t\t\t\t<div class=\"elementor-element elementor-element-7970b7f elementor-widget elementor-widget-text-editor\" data-id=\"7970b7f\" data-element_type=\"widget\" data-widget_type=\"text-editor.default\">\n\t\t\t\t<div class=\"elementor-widget-container\">\n\t\t\t\t\t\t\t\t<div class=\"elementor-text-editor elementor-clearfix\">\n\t\t\t\t<p><span style=\"font-weight: 400;\">Die Einkaufsstrassen von Saas-Fee bieten alles, was das Herz begehrt: von feinen Boutiquen mit einzigartigen Gadgets \u00fcber Dorfl\u00e4den bis hin zu grossen Sportgesch\u00e4ften.  <\/span><\/p>\n\t\t\t\t\t<\/div>\n\t\t\t\t\t\t<\/div>\n\t\t\t\t<\/div>\n\t\t\t\t<div class=\"elementor-element elementor-element-62617a3 elementor-toc--minimized-on-tablet elementor-widget elementor-widget-table-of-contents\" data-id=\"62617a3\" data-element_type=\"widget\" data-settings=\"{&quot;exclude_headings_by_selector&quot;:[],&quot;headings_by_tags&quot;:[&quot;h2&quot;,&quot;h3&quot;,&quot;h4&quot;,&quot;h5&quot;,&quot;h6&quot;],&quot;marker_view&quot;:&quot;numbers&quot;,&quot;minimize_box&quot;:&quot;yes&quot;,&quot;minimized_on&quot;:&quot;tablet&quot;,&quot;hierarchical_view&quot;:&quot;yes&quot;,&quot;min_height&quot;:{&quot;unit&quot;:&quot;px&quot;,&quot;size&quot;:&quot;&quot;,&quot;sizes&quot;:[]},&quot;min_height_tablet&quot;:{&quot;unit&quot;:&quot;px&quot;,&quot;size&quot;:&quot;&quot;,&quot;sizes&quot;:[]},&quot;min_height_mobile&quot;:{&quot;unit&quot;:&quot;px&quot;,&quot;size&quot;:&quot;&quot;,&quot;sizes&quot;:[]}}\" data-widget_type=\"table-of-contents.default\">\n\t\t\t\t<div class=\"elementor-widget-container\">\n\t\t\t\t\t<div class=\"elementor-toc__header\">\n\t\t\t<h4 class=\"elementor-toc__header-title\">\n\t\t\t\tInhalts\u00fcbersicht\t\t\t<\/h4>\n\t\t\t\t\t\t\t<div class=\"elementor-toc__toggle-button elementor-toc__toggle-button--expand\"><i class=\"fas fa-chevron-down\"><\/i><\/div>\n\t\t\t\t<div class=\"elementor-toc__toggle-button elementor-toc__toggle-button--collapse\"><i class=\"fas fa-chevron-up\"><\/i><\/div>\n\t\t\t\t\t<\/div>\n\t\t<div class=\"elementor-toc__body\">\n\t\t\t<div class=\"elementor-toc__spinner-container\">\n\t\t\t\t<i class=\"elementor-toc__spinner eicon-animation-spin eicon-loading\" aria-hidden=\"true\"><\/i>\t\t\t<\/div>\n\t\t<\/div>\n\t\t\t\t<\/div>\n\t\t\t\t<\/div>\n\t\t\t\t<div class=\"elementor-element elementor-element-3e9cefb elementor-widget elementor-widget-image\" data-id=\"3e9cefb\" data-element_type=\"widget\" data-widget_type=\"image.default\">\n\t\t\t\t<div class=\"elementor-widget-container\">\n\t\t\t\t\t\t\t\t<div class=\"elementor-image\">\n\t\t\t\t\t\t\t\t\t\t\t\t<img decoding=\"async\" width=\"800\" height=\"534\" src=\"https:\/\/saas-fee.com\/wp-content\/uploads\/2022\/08\/freestocks-spP6LqxN0-g-unsplash-1024x683.jpg\" class=\"attachment-large size-large wp-image-2591\" alt=\"\" srcset=\"https:\/\/saas-fee.com\/wp-content\/uploads\/2022\/08\/freestocks-spP6LqxN0-g-unsplash-1024x683.jpg 1024w, https:\/\/saas-fee.com\/wp-content\/uploads\/2022\/08\/freestocks-spP6LqxN0-g-unsplash-300x200.jpg 300w, https:\/\/saas-fee.com\/wp-content\/uploads\/2022\/08\/freestocks-spP6LqxN0-g-unsplash-768x512.jpg 768w, https:\/\/saas-fee.com\/wp-content\/uploads\/2022\/08\/freestocks-spP6LqxN0-g-unsplash-1536x1024.jpg 1536w, https:\/\/saas-fee.com\/wp-content\/uploads\/2022\/08\/freestocks-spP6LqxN0-g-unsplash-2048x1365.jpg 2048w\" sizes=\"(max-width: 800px) 100vw, 800px\" \/>\t\t\t\t\t\t\t\t\t\t\t\t\t\t<\/div>\n\t\t\t\t\t\t<\/div>\n\t\t\t\t<\/div>\n\t\t\t\t<div class=\"elementor-element elementor-element-fe94acf elementor-widget-divider--view-line elementor-widget elementor-widget-divider\" data-id=\"fe94acf\" data-element_type=\"widget\" data-widget_type=\"divider.default\">\n\t\t\t\t<div class=\"elementor-widget-container\">\n\t\t\t\t\t<div class=\"elementor-divider\">\n\t\t\t<span class=\"elementor-divider-separator\">\n\t\t\t\t\t\t<\/span>\n\t\t<\/div>\n\t\t\t\t<\/div>\n\t\t\t\t<\/div>\n\t\t\t\t<div class=\"elementor-element elementor-element-2f897a1 elementor-widget elementor-widget-heading\" data-id=\"2f897a1\" data-element_type=\"widget\" data-widget_type=\"heading.default\">\n\t\t\t\t<div class=\"elementor-widget-container\">\n\t\t\t<h2 class=\"elementor-heading-title elementor-size-default\">Einkaufen im Saastal<\/h2>\t\t<\/div>\n\t\t\t\t<\/div>\n\t\t\t\t<div class=\"elementor-element elementor-element-1622dcc elementor-widget elementor-widget-text-editor\" data-id=\"1622dcc\" data-element_type=\"widget\" data-widget_type=\"text-editor.default\">\n\t\t\t\t<div class=\"elementor-widget-container\">\n\t\t\t\t\t\t\t\t<div class=\"elementor-text-editor elementor-clearfix\">\n\t\t\t\t<p><span style=\"font-weight: 400;\">Die meisten Gesch\u00e4fte in der Region Saas-Fee werden von den Inhabern selbst gef\u00fchrt. In freundlicher Weise beraten sie fachkundig \u00fcber die Produkte, die sie verkaufen. In den meisten Gesch\u00e4ften werden verschiedene Sprachen gesprochen.  <\/span><\/p>\n\t\t\t\t\t<\/div>\n\t\t\t\t\t\t<\/div>\n\t\t\t\t<\/div>\n\t\t\t\t<div class=\"elementor-element elementor-element-2d500a1 elementor-widget elementor-widget-heading\" data-id=\"2d500a1\" data-element_type=\"widget\" data-widget_type=\"heading.default\">\n\t\t\t\t<div class=\"elementor-widget-container\">\n\t\t\t<h3 class=\"elementor-heading-title elementor-size-default\">\u00d6ffnungszeiten Gesch\u00e4fte in Saas-Fee\n<\/h3>\t\t<\/div>\n\t\t\t\t<\/div>\n\t\t\t\t<div class=\"elementor-element elementor-element-8a432ef elementor-widget elementor-widget-text-editor\" data-id=\"8a432ef\" data-element_type=\"widget\" data-widget_type=\"text-editor.default\">\n\t\t\t\t<div class=\"elementor-widget-container\">\n\t\t\t\t\t\t\t\t<div class=\"elementor-text-editor elementor-clearfix\">\n\t\t\t\t<p><span style=\"font-weight: 400;\">Die meisten Gesch\u00e4fte sind von Montag bis Samstag von 9 bis 12 Uhr und 14 bis 17.30 Uhr ge\u00f6ffnet. In der Hochsaison sind einige Gesch\u00e4fte auch sonntags ge\u00f6ffnet. Die aktuellen \u00d6ffnungszeiten finden Sie auf der Website der jeweiligen Filiale.  <\/span><\/p>\n\t\t\t\t\t<\/div>\n\t\t\t\t\t\t<\/div>\n\t\t\t\t<\/div>\n\t\t\t\t<div class=\"elementor-element elementor-element-f1eb006 elementor-widget elementor-widget-heading\" data-id=\"f1eb006\" data-element_type=\"widget\" data-widget_type=\"heading.default\">\n\t\t\t\t<div class=\"elementor-widget-container\">\n\t\t\t<h3 class=\"elementor-heading-title elementor-size-default\">Saas-Fee Shopping<\/h3>\t\t<\/div>\n\t\t\t\t<\/div>\n\t\t\t\t<div class=\"elementor-element elementor-element-2b2986b elementor-widget elementor-widget-text-editor\" data-id=\"2b2986b\" data-element_type=\"widget\" data-widget_type=\"text-editor.default\">\n\t\t\t\t<div class=\"elementor-widget-container\">\n\t\t\t\t\t\t\t\t<div class=\"elementor-text-editor elementor-clearfix\">\n\t\t\t\t<p><span style=\"font-weight: 400;\">In dem Schweizer Dorf gibt es einen Einkaufsverband, dem viele Einzelh\u00e4ndler angeschlossen sind: <\/span><i>\n  <span style=\"font-weight: 400;\">Saas-Fee Shopping<\/span>\n<\/i><span style=\"font-weight: 400;\">. In diesen Gesch\u00e4ften besteht neben den \u00fcblichen Zahlungsm\u00f6glichkeiten auch die M\u00f6glichkeit, mit Geschenkkarten zu bezahlen. Diese Gutscheine sind im Tourismusb\u00fcro des Dorfes im Wert von 10, 20, 50 und 100 Schweizer Franken (CHF) erh\u00e4ltlich.  <\/span><\/p><p><span style=\"font-weight: 400;\">\u00dcberraschen Sie also Ihre Liebsten mit einem sch\u00f6nen Geschenkgutschein, mit dem sie Produkte in einem Gesch\u00e4ft kaufen k\u00f6nnen, das Mitglied von Saas-Fee Shopping ist!<\/span><\/p><p><span style=\"font-weight: 400;\">Standort: <\/span><i>\n  <span style=\"font-weight: 400;\">Obere Dorfstrasse 2, 3906 Saas-Fee, Schweiz<\/span>\n<\/i><\/p>\t\t\t\t\t<\/div>\n\t\t\t\t\t\t<\/div>\n\t\t\t\t<\/div>\n\t\t\t\t<div class=\"elementor-element elementor-element-714c657 elementor-widget elementor-widget-image\" data-id=\"714c657\" data-element_type=\"widget\" data-widget_type=\"image.default\">\n\t\t\t\t<div class=\"elementor-widget-container\">\n\t\t\t\t\t\t\t\t<div class=\"elementor-image\">\n\t\t\t\t\t\t\t\t\t\t\t\t<img decoding=\"async\" width=\"640\" height=\"426\" src=\"https:\/\/saas-fee.com\/wp-content\/uploads\/2023\/01\/jacek-dylag-jo8C9bt3uo8-unsplash.jpg\" class=\"attachment-large size-large wp-image-3289\" alt=\"\" srcset=\"https:\/\/saas-fee.com\/wp-content\/uploads\/2023\/01\/jacek-dylag-jo8C9bt3uo8-unsplash.jpg 640w, https:\/\/saas-fee.com\/wp-content\/uploads\/2023\/01\/jacek-dylag-jo8C9bt3uo8-unsplash-300x200.jpg 300w\" sizes=\"(max-width: 640px) 100vw, 640px\" \/>\t\t\t\t\t\t\t\t\t\t\t\t\t\t<\/div>\n\t\t\t\t\t\t<\/div>\n\t\t\t\t<\/div>\n\t\t\t\t<div class=\"elementor-element elementor-element-3ea01bf elementor-widget-divider--view-line elementor-widget elementor-widget-divider\" data-id=\"3ea01bf\" data-element_type=\"widget\" data-widget_type=\"divider.default\">\n\t\t\t\t<div class=\"elementor-widget-container\">\n\t\t\t\t\t<div class=\"elementor-divider\">\n\t\t\t<span class=\"elementor-divider-separator\">\n\t\t\t\t\t\t<\/span>\n\t\t<\/div>\n\t\t\t\t<\/div>\n\t\t\t\t<\/div>\n\t\t\t\t<div class=\"elementor-element elementor-element-43a5837 elementor-widget elementor-widget-heading\" data-id=\"43a5837\" data-element_type=\"widget\" data-widget_type=\"heading.default\">\n\t\t\t\t<div class=\"elementor-widget-container\">\n\t\t\t<h2 class=\"elementor-heading-title elementor-size-default\">Sommermarkt Saas-Fee<\/h2>\t\t<\/div>\n\t\t\t\t<\/div>\n\t\t\t\t<div class=\"elementor-element elementor-element-a7794d2 elementor-widget elementor-widget-text-editor\" data-id=\"a7794d2\" data-element_type=\"widget\" data-widget_type=\"text-editor.default\">\n\t\t\t\t<div class=\"elementor-widget-container\">\n\t\t\t\t\t\t\t\t<div class=\"elementor-text-editor elementor-clearfix\">\n\t\t\t\t<p><span style=\"font-weight: 400;\">Im Sommer findet in Saas-Fee der bunte Sommermarkt auf der Hauptstrasse des Dorfes statt. Hier werden die sch\u00f6nsten handgeschnitzten Kunstwerke, lustige Souvenirs und T\u00f6pferwaren aus der Region verkauft. Sie finden hier auch frischen Schweizer K\u00e4se und Fleischspezialit\u00e4ten.<\/span><\/p><p><span style=\"font-weight: 400;\">Ein Besuch des Marktes ist ein absolutes Muss w\u00e4hrend Ihres Aufenthalts in Saas-Fee. In den Wochen zwischen dem 11. Juli und dem 29. August k\u00f6nnen Sie den Sommermarkt donnerstags von 13.30 bis 18.00 Uhr besuchen.  <\/span><\/p><p><span style=\"font-weight: 400;\">Standort: <\/span><i>\n  <span style=\"font-weight: 400;\">Dorfstrasse, 3906 Saas-fee, Schweiz<\/span>\n<\/i><\/p>\t\t\t\t\t<\/div>\n\t\t\t\t\t\t<\/div>\n\t\t\t\t<\/div>\n\t\t\t\t<div class=\"elementor-element elementor-element-c839038 elementor-widget-divider--view-line elementor-widget elementor-widget-divider\" data-id=\"c839038\" data-element_type=\"widget\" data-widget_type=\"divider.default\">\n\t\t\t\t<div class=\"elementor-widget-container\">\n\t\t\t\t\t<div class=\"elementor-divider\">\n\t\t\t<span class=\"elementor-divider-separator\">\n\t\t\t\t\t\t<\/span>\n\t\t<\/div>\n\t\t\t\t<\/div>\n\t\t\t\t<\/div>\n\t\t\t\t<div class=\"elementor-element elementor-element-f193f1c elementor-widget elementor-widget-heading\" data-id=\"f193f1c\" data-element_type=\"widget\" data-widget_type=\"heading.default\">\n\t\t\t\t<div class=\"elementor-widget-container\">\n\t\t\t<h2 class=\"elementor-heading-title elementor-size-default\">Unterkunft in Saas-Fee\n<\/h2>\t\t<\/div>\n\t\t\t\t<\/div>\n\t\t\t\t<div class=\"elementor-element elementor-element-a93e0c0 elementor-widget elementor-widget-text-editor\" data-id=\"a93e0c0\" data-element_type=\"widget\" data-widget_type=\"text-editor.default\">\n\t\t\t\t<div class=\"elementor-widget-container\">\n\t\t\t\t\t\t\t\t<div class=\"elementor-text-editor elementor-clearfix\">\n\t\t\t\t<p><span style=\"font-weight: 400;\">Das Schweizer Dorf bietet viele M\u00f6glichkeiten f\u00fcr Aktivit\u00e4ten wie Curling, Skifahren und Wandern. Die sch\u00f6ne Natur, die hohen Berge und die guten Wetterbedingungen garantieren Ihnen einen fantastischen Urlaub hier. Aber nat\u00fcrlich ist ein guter Aufenthalt in Saas-Fee nicht komplett ohne ein luxuri\u00f6ses Chateau, in dem Sie nach einem tollen Urlaubstag \u00fcbernachten k\u00f6nnen.  <\/span><\/p>\n\t\t\t\t\t<\/div>\n\t\t\t\t\t\t<\/div>\n\t\t\t\t<\/div>\n\t\t\t\t<div class=\"elementor-element elementor-element-e05be8c elementor-widget elementor-widget-heading\" data-id=\"e05be8c\" data-element_type=\"widget\" data-widget_type=\"heading.default\">\n\t\t\t\t<div class=\"elementor-widget-container\">\n\t\t\t<h3 class=\"elementor-heading-title elementor-size-default\">Schloss in Saas-Fee\n<\/h3>\t\t<\/div>\n\t\t\t\t<\/div>\n\t\t\t\t<div class=\"elementor-element elementor-element-62f737a elementor-widget elementor-widget-text-editor\" data-id=\"62f737a\" data-element_type=\"widget\" data-widget_type=\"text-editor.default\">\n\t\t\t\t<div class=\"elementor-widget-container\">\n\t\t\t\t\t\t\t\t<div class=\"elementor-text-editor elementor-clearfix\">\n\t\t\t\t<p><span style=\"font-weight: 400;\">Sind Sie noch auf der Suche nach einer Unterkunft im sch\u00f6nen Saas-Fee? Unsere Unterkunft bietet Platz f\u00fcr kleine Gruppen, Paare und Familien. Nach einem Tag in den Bergen oder im Zentrum k\u00f6nnen Sie hier in der Sauna oder im Whirlpool und vor dem Kamin gut entspannen. In der  <\/span><span style=\"font-weight: 400;\">Luxus-Schloss-Penthouse<\/span><span style=\"font-weight: 400;\"> k\u00f6nnen Sie umfangreiche Annehmlichkeiten genie\u00dfen. <\/span>  <\/p>\n\t\t\t\t\t<\/div>\n\t\t\t\t\t\t<\/div>\n\t\t\t\t<\/div>\n\t\t\t\t\t\t<\/div>\n\t\t\t\t\t<\/div>\n\t\t<\/div>\n\t\t\t\t<div class=\"elementor-column elementor-col-33 elementor-top-column elementor-element elementor-element-7d51094\" data-id=\"7d51094\" data-element_type=\"column\">\n\t\t\t<div class=\"elementor-column-wrap elementor-element-populated\">\n\t\t\t\t\t\t\t<div class=\"elementor-widget-wrap\">\n\t\t\t\t\t\t<div class=\"elementor-element elementor-element-eadb955 elementor-cta--skin-classic elementor-animated-content elementor-widget elementor-widget-global elementor-global-3484 elementor-global-3188 elementor-widget-call-to-action\" data-id=\"eadb955\" data-element_type=\"widget\" data-settings=\"{&quot;sticky&quot;:&quot;top&quot;,&quot;sticky_offset&quot;:120,&quot;sticky_on&quot;:[&quot;desktop&quot;,&quot;tablet&quot;,&quot;mobile&quot;],&quot;sticky_effects_offset&quot;:0}\" data-widget_type=\"call-to-action.default\">\n\t\t\t\t<div class=\"elementor-widget-container\">\n\t\t\t\t\t<a class=\"elementor-cta\" href=\"https:\/\/saas-fee.com\/overnight\/reservations\/\">\n\t\t\t\t\t<div class=\"elementor-cta__bg-wrapper\">\n\t\t\t\t<div class=\"elementor-cta__bg elementor-bg\" style=\"background-image: url(https:\/\/saas-fee.com\/wp-content\/uploads\/2022\/07\/10_DSC06563_Chateau-A-41_March-2022_interiors_Puzzle-Media-1024x683.jpg);\"><\/div>\n\t\t\t\t<div class=\"elementor-cta__bg-overlay\"><\/div>\n\t\t\t<\/div>\n\t\t\t\t\t\t\t<div class=\"elementor-cta__content\">\n\t\t\t\t\n\t\t\t\t<span class=\"elementor-cta__title elementor-cta__content-item elementor-content-item\">Suchen Sie nach einer einzigartigen \u00dcbernachtung in Saas-Fee?<\/span>\n\t\t\t\t\n\t\t\t\t\t\t\t\t\t<div class=\"elementor-cta__button-wrapper elementor-cta__content-item elementor-content-item \">\n\t\t\t\t\t<span class=\"elementor-cta__button elementor-button elementor-size-sm\">\n\t\t\t\t\t\tJetzt buchen\t\t\t\t\t<\/span>\n\t\t\t\t\t<\/div>\n\t\t\t\t\t\t\t<\/div>\n\t\t\t\t\t\t<\/a>\n\t\t\t\t<\/div>\n\t\t\t\t<\/div>\n\t\t\t\t\t\t<\/div>\n\t\t\t\t\t<\/div>\n\t\t<\/div>\n\t\t\t\t\t\t\t\t<\/div>\n\t\t\t\t\t<\/div>\n\t\t<\/section>\n\t\t\t\t\t\t\t\t\t<\/div>\n\t\t\t<\/div>\n\t\t\t\t\t<\/div>\n\t\t","protected":false},"excerpt":{"rendered":"<p>Einkaufen in Saas-Fee Die Einkaufsstrassen von Saas-Fee bieten alles, was das Herz begehrt: von feinen Boutiquen mit einzigartigen Gadgets \u00fcber Dorfl\u00e4den bis hin zu grossen Sportgesch\u00e4ften. Inhalts\u00fcbersicht Einkaufen im Saastal Die meisten Gesch\u00e4fte in der Region Saas-Fee werden von den Inhabern selbst gef\u00fchrt. In freundlicher Weise beraten sie fachkundig \u00fcber die Produkte, die sie verkaufen. [&hellip;]<\/p>\n","protected":false},"author":2,"featured_media":0,"parent":3482,"menu_order":7,"comment_status":"closed","ping_status":"closed","template":"elementor_theme","meta":{"inline_featured_image":false},"yoast_head":"<!-- This site is optimized with the Yoast SEO plugin v19.14 - https:\/\/yoast.com\/wordpress\/plugins\/seo\/ -->\n<title>Einkaufen in Saas-Fee<\/title>\n<meta name=\"description\" content=\"Sie m\u00f6chten in Saas-Fee einkaufen? Shopping Saas-Fee bietet viele Einkaufsm\u00f6glichkeiten. Informieren Sie sich \u00fcber Standorte, Betriebszeiten und mehr.\" \/>\n<meta name=\"robots\" content=\"index, follow, max-snippet:-1, max-image-preview:large, max-video-preview:-1\" \/>\n<link rel=\"canonical\" href=\"https:\/\/saas-fee.com\/de\/entspannung\/einkaufen\/\" \/>\n<meta property=\"og:locale\" content=\"de_DE\" \/>\n<meta property=\"og:type\" content=\"article\" \/>\n<meta property=\"og:title\" content=\"Einkaufen in Saas-Fee\" \/>\n<meta property=\"og:description\" content=\"Sie m\u00f6chten in Saas-Fee einkaufen? Shopping Saas-Fee bietet viele Einkaufsm\u00f6glichkeiten. Informieren Sie sich \u00fcber Standorte, Betriebszeiten und mehr.\" \/>\n<meta property=\"og:url\" content=\"https:\/\/saas-fee.com\/de\/entspannung\/einkaufen\/\" \/>\n<meta property=\"og:site_name\" content=\"Saas-Fee\" \/>\n<meta property=\"article:modified_time\" content=\"2023-01-19T13:42:41+00:00\" \/>\n<meta property=\"og:image\" content=\"https:\/\/saas-fee.com\/wp-content\/uploads\/2022\/08\/freestocks-spP6LqxN0-g-unsplash-1024x683.jpg\" \/>\n<meta name=\"twitter:card\" content=\"summary_large_image\" \/>\n<meta name=\"twitter:label1\" content=\"Gesch\u00e4tzte Lesezeit\" \/>\n\t<meta name=\"twitter:data1\" content=\"2\u00a0Minuten\" \/>\n<script type=\"application\/ld+json\" class=\"yoast-schema-graph\">{\"@context\":\"https:\/\/schema.org\",\"@graph\":[{\"@type\":\"WebPage\",\"@id\":\"https:\/\/saas-fee.com\/de\/entspannung\/einkaufen\/\",\"url\":\"https:\/\/saas-fee.com\/de\/entspannung\/einkaufen\/\",\"name\":\"Einkaufen in Saas-Fee\",\"isPartOf\":{\"@id\":\"https:\/\/saas-fee.com\/de\/#website\"},\"datePublished\":\"2023-01-19T13:42:16+00:00\",\"dateModified\":\"2023-01-19T13:42:41+00:00\",\"description\":\"Sie m\u00f6chten in Saas-Fee einkaufen? Shopping Saas-Fee bietet viele Einkaufsm\u00f6glichkeiten. Informieren Sie sich \u00fcber Standorte, Betriebszeiten und mehr.\",\"breadcrumb\":{\"@id\":\"https:\/\/saas-fee.com\/de\/entspannung\/einkaufen\/#breadcrumb\"},\"inLanguage\":\"de\",\"potentialAction\":[{\"@type\":\"ReadAction\",\"target\":[\"https:\/\/saas-fee.com\/de\/entspannung\/einkaufen\/\"]}]},{\"@type\":\"BreadcrumbList\",\"@id\":\"https:\/\/saas-fee.com\/de\/entspannung\/einkaufen\/#breadcrumb\",\"itemListElement\":[{\"@type\":\"ListItem\",\"position\":1,\"name\":\"Home\",\"item\":\"https:\/\/saas-fee.com\/de\/homepage\/\"},{\"@type\":\"ListItem\",\"position\":2,\"name\":\"Einkaufen\"}]},{\"@type\":\"WebSite\",\"@id\":\"https:\/\/saas-fee.com\/de\/#website\",\"url\":\"https:\/\/saas-fee.com\/de\/\",\"name\":\"Saas-Fee\",\"description\":\"Huur een chalet in Saas-Fee, de parel van de Alpen\",\"publisher\":{\"@id\":\"https:\/\/saas-fee.com\/de\/#organization\"},\"potentialAction\":[{\"@type\":\"SearchAction\",\"target\":{\"@type\":\"EntryPoint\",\"urlTemplate\":\"https:\/\/saas-fee.com\/de\/?s={search_term_string}\"},\"query-input\":\"required name=search_term_string\"}],\"inLanguage\":\"de\"},{\"@type\":\"Organization\",\"@id\":\"https:\/\/saas-fee.com\/de\/#organization\",\"name\":\"Saas-Fee\",\"url\":\"https:\/\/saas-fee.com\/de\/\",\"logo\":{\"@type\":\"ImageObject\",\"inLanguage\":\"de\",\"@id\":\"https:\/\/saas-fee.com\/de\/#\/schema\/logo\/image\/\",\"url\":\"https:\/\/saas-fee.com\/wp-content\/uploads\/2022\/08\/Saas-Fee-logo-tijdelijk.svg\",\"contentUrl\":\"https:\/\/saas-fee.com\/wp-content\/uploads\/2022\/08\/Saas-Fee-logo-tijdelijk.svg\",\"width\":137,\"height\":26,\"caption\":\"Saas-Fee\"},\"image\":{\"@id\":\"https:\/\/saas-fee.com\/de\/#\/schema\/logo\/image\/\"}}]}<\/script>\n<!-- \/ Yoast SEO plugin. -->","yoast_head_json":{"title":"Einkaufen in Saas-Fee","description":"Sie m\u00f6chten in Saas-Fee einkaufen? Shopping Saas-Fee bietet viele Einkaufsm\u00f6glichkeiten. Informieren Sie sich \u00fcber Standorte, Betriebszeiten und mehr.","robots":{"index":"index","follow":"follow","max-snippet":"max-snippet:-1","max-image-preview":"max-image-preview:large","max-video-preview":"max-video-preview:-1"},"canonical":"https:\/\/saas-fee.com\/de\/entspannung\/einkaufen\/","og_locale":"de_DE","og_type":"article","og_title":"Einkaufen in Saas-Fee","og_description":"Sie m\u00f6chten in Saas-Fee einkaufen? Shopping Saas-Fee bietet viele Einkaufsm\u00f6glichkeiten. Informieren Sie sich \u00fcber Standorte, Betriebszeiten und mehr.","og_url":"https:\/\/saas-fee.com\/de\/entspannung\/einkaufen\/","og_site_name":"Saas-Fee","article_modified_time":"2023-01-19T13:42:41+00:00","og_image":[{"url":"https:\/\/saas-fee.com\/wp-content\/uploads\/2022\/08\/freestocks-spP6LqxN0-g-unsplash-1024x683.jpg"}],"twitter_card":"summary_large_image","twitter_misc":{"Gesch\u00e4tzte Lesezeit":"2\u00a0Minuten"},"schema":{"@context":"https:\/\/schema.org","@graph":[{"@type":"WebPage","@id":"https:\/\/saas-fee.com\/de\/entspannung\/einkaufen\/","url":"https:\/\/saas-fee.com\/de\/entspannung\/einkaufen\/","name":"Einkaufen in Saas-Fee","isPartOf":{"@id":"https:\/\/saas-fee.com\/de\/#website"},"datePublished":"2023-01-19T13:42:16+00:00","dateModified":"2023-01-19T13:42:41+00:00","description":"Sie m\u00f6chten in Saas-Fee einkaufen? Shopping Saas-Fee bietet viele Einkaufsm\u00f6glichkeiten. Informieren Sie sich \u00fcber Standorte, Betriebszeiten und mehr.","breadcrumb":{"@id":"https:\/\/saas-fee.com\/de\/entspannung\/einkaufen\/#breadcrumb"},"inLanguage":"de","potentialAction":[{"@type":"ReadAction","target":["https:\/\/saas-fee.com\/de\/entspannung\/einkaufen\/"]}]},{"@type":"BreadcrumbList","@id":"https:\/\/saas-fee.com\/de\/entspannung\/einkaufen\/#breadcrumb","itemListElement":[{"@type":"ListItem","position":1,"name":"Home","item":"https:\/\/saas-fee.com\/de\/homepage\/"},{"@type":"ListItem","position":2,"name":"Einkaufen"}]},{"@type":"WebSite","@id":"https:\/\/saas-fee.com\/de\/#website","url":"https:\/\/saas-fee.com\/de\/","name":"Saas-Fee","description":"Huur een chalet in Saas-Fee, de parel van de Alpen","publisher":{"@id":"https:\/\/saas-fee.com\/de\/#organization"},"potentialAction":[{"@type":"SearchAction","target":{"@type":"EntryPoint","urlTemplate":"https:\/\/saas-fee.com\/de\/?s={search_term_string}"},"query-input":"required name=search_term_string"}],"inLanguage":"de"},{"@type":"Organization","@id":"https:\/\/saas-fee.com\/de\/#organization","name":"Saas-Fee","url":"https:\/\/saas-fee.com\/de\/","logo":{"@type":"ImageObject","inLanguage":"de","@id":"https:\/\/saas-fee.com\/de\/#\/schema\/logo\/image\/","url":"https:\/\/saas-fee.com\/wp-content\/uploads\/2022\/08\/Saas-Fee-logo-tijdelijk.svg","contentUrl":"https:\/\/saas-fee.com\/wp-content\/uploads\/2022\/08\/Saas-Fee-logo-tijdelijk.svg","width":137,"height":26,"caption":"Saas-Fee"},"image":{"@id":"https:\/\/saas-fee.com\/de\/#\/schema\/logo\/image\/"}}]}},"_links":{"self":[{"href":"https:\/\/saas-fee.com\/de\/wp-json\/wp\/v2\/pages\/3439"}],"collection":[{"href":"https:\/\/saas-fee.com\/de\/wp-json\/wp\/v2\/pages"}],"about":[{"href":"https:\/\/saas-fee.com\/de\/wp-json\/wp\/v2\/types\/page"}],"author":[{"embeddable":true,"href":"https:\/\/saas-fee.com\/de\/wp-json\/wp\/v2\/users\/2"}],"replies":[{"embeddable":true,"href":"https:\/\/saas-fee.com\/de\/wp-json\/wp\/v2\/comments?post=3439"}],"version-history":[{"count":3,"href":"https:\/\/saas-fee.com\/de\/wp-json\/wp\/v2\/pages\/3439\/revisions"}],"predecessor-version":[{"id":3471,"href":"https:\/\/saas-fee.com\/de\/wp-json\/wp\/v2\/pages\/3439\/revisions\/3471"}],"up":[{"embeddable":true,"href":"https:\/\/saas-fee.com\/de\/wp-json\/wp\/v2\/pages\/3482"}],"wp:attachment":[{"href":"https:\/\/saas-fee.com\/de\/wp-json\/wp\/v2\/media?parent=3439"}],"curies":[{"name":"wp","href":"https:\/\/api.w.org\/{rel}","templated":true}]}}