{"id":3442,"date":"2023-01-19T15:42:19","date_gmt":"2023-01-19T13:42:19","guid":{"rendered":"https:\/\/saas-fee.com\/skigebiet-hohenlage\/"},"modified":"2023-01-19T15:42:40","modified_gmt":"2023-01-19T13:42:40","slug":"skigebiet-hohenlage","status":"publish","type":"page","link":"https:\/\/saas-fee.com\/de\/wintersport\/skigebiet-hohenlage\/","title":{"rendered":"Skigebiet &amp; H\u00f6henlage"},"content":{"rendered":"\t\t<div data-elementor-type=\"wp-post\" data-elementor-id=\"3442\" class=\"elementor elementor-3442 elementor-2841\">\n\t\t\t\t\t\t<div class=\"elementor-inner\">\n\t\t\t\t<div class=\"elementor-section-wrap\">\n\t\t\t\t\t\t\t\t\t<section class=\"elementor-section elementor-top-section elementor-element elementor-element-d2381ea elementor-section-height-min-height elementor-section-items-bottom elementor-section-boxed elementor-section-height-default\" data-id=\"d2381ea\" data-element_type=\"section\" data-settings=\"{&quot;background_background&quot;:&quot;classic&quot;}\">\n\t\t\t\t\t\t\t<div class=\"elementor-background-overlay\"><\/div>\n\t\t\t\t\t\t\t<div class=\"elementor-container elementor-column-gap-default\">\n\t\t\t\t\t\t\t<div class=\"elementor-row\">\n\t\t\t\t\t<div class=\"elementor-column elementor-col-100 elementor-top-column elementor-element elementor-element-fdc56de\" data-id=\"fdc56de\" data-element_type=\"column\">\n\t\t\t<div class=\"elementor-column-wrap elementor-element-populated\">\n\t\t\t\t\t\t\t<div class=\"elementor-widget-wrap\">\n\t\t\t\t\t\t<div class=\"elementor-element elementor-element-a3f1579 elementor-widget elementor-widget-heading\" data-id=\"a3f1579\" data-element_type=\"widget\" data-widget_type=\"heading.default\">\n\t\t\t\t<div class=\"elementor-widget-container\">\n\t\t\t<h1 class=\"elementor-heading-title elementor-size-default\">Skigebiet &amp; H\u00f6henlage<\/h1>\t\t<\/div>\n\t\t\t\t<\/div>\n\t\t\t\t<div class=\"elementor-element elementor-element-6ae417f elementor-widget elementor-widget-breadcrumbs\" data-id=\"6ae417f\" data-element_type=\"widget\" data-widget_type=\"breadcrumbs.default\">\n\t\t\t\t<div class=\"elementor-widget-container\">\n\t\t\t<nav id=\"breadcrumbs\"><span><span><a href=\"https:\/\/saas-fee.com\/de\/homepage\/\">Home<\/a><\/span><\/span><\/nav>\t\t<\/div>\n\t\t\t\t<\/div>\n\t\t\t\t\t\t<\/div>\n\t\t\t\t\t<\/div>\n\t\t<\/div>\n\t\t\t\t\t\t\t\t<\/div>\n\t\t\t\t\t<\/div>\n\t\t<\/section>\n\t\t\t\t<section class=\"elementor-section elementor-top-section elementor-element elementor-element-f1e5e1b elementor-section-boxed elementor-section-height-default elementor-section-height-default\" data-id=\"f1e5e1b\" data-element_type=\"section\">\n\t\t\t\t\t\t<div class=\"elementor-container elementor-column-gap-default\">\n\t\t\t\t\t\t\t<div class=\"elementor-row\">\n\t\t\t\t\t<div class=\"elementor-column elementor-col-66 elementor-top-column elementor-element elementor-element-2b74201\" data-id=\"2b74201\" data-element_type=\"column\">\n\t\t\t<div class=\"elementor-column-wrap elementor-element-populated\">\n\t\t\t\t\t\t\t<div class=\"elementor-widget-wrap\">\n\t\t\t\t\t\t<div class=\"elementor-element elementor-element-7970b7f elementor-widget elementor-widget-text-editor\" data-id=\"7970b7f\" data-element_type=\"widget\" data-widget_type=\"text-editor.default\">\n\t\t\t\t<div class=\"elementor-widget-container\">\n\t\t\t\t\t\t\t\t<div class=\"elementor-text-editor elementor-clearfix\">\n\t\t\t\t<p><span style=\"font-weight: 400;\">Saas-Fee geh\u00f6rt zusammen mit Saas-Grund und Saas-Almagell zum Saastal. Es ist ein schneesicheres Gebiet, was auf die gro\u00dfe H\u00f6he der Pisten zur\u00fcckzuf\u00fchren ist, n\u00e4mlich zwischen 1800 und 3600 Metern \u00fcber dem Meeresspiegel. So ist es sogar m\u00f6glich, im Sommer Ski zu fahren.  <\/span><\/p>\n\t\t\t\t\t<\/div>\n\t\t\t\t\t\t<\/div>\n\t\t\t\t<\/div>\n\t\t\t\t<div class=\"elementor-element elementor-element-d5d1440 elementor-toc--minimized-on-tablet elementor-widget elementor-widget-table-of-contents\" data-id=\"d5d1440\" data-element_type=\"widget\" data-settings=\"{&quot;exclude_headings_by_selector&quot;:[],&quot;headings_by_tags&quot;:[&quot;h2&quot;,&quot;h3&quot;,&quot;h4&quot;,&quot;h5&quot;,&quot;h6&quot;],&quot;marker_view&quot;:&quot;numbers&quot;,&quot;minimize_box&quot;:&quot;yes&quot;,&quot;minimized_on&quot;:&quot;tablet&quot;,&quot;hierarchical_view&quot;:&quot;yes&quot;,&quot;min_height&quot;:{&quot;unit&quot;:&quot;px&quot;,&quot;size&quot;:&quot;&quot;,&quot;sizes&quot;:[]},&quot;min_height_tablet&quot;:{&quot;unit&quot;:&quot;px&quot;,&quot;size&quot;:&quot;&quot;,&quot;sizes&quot;:[]},&quot;min_height_mobile&quot;:{&quot;unit&quot;:&quot;px&quot;,&quot;size&quot;:&quot;&quot;,&quot;sizes&quot;:[]}}\" data-widget_type=\"table-of-contents.default\">\n\t\t\t\t<div class=\"elementor-widget-container\">\n\t\t\t\t\t<div class=\"elementor-toc__header\">\n\t\t\t<h4 class=\"elementor-toc__header-title\">\n\t\t\t\tInhalts\u00fcbersicht\t\t\t<\/h4>\n\t\t\t\t\t\t\t<div class=\"elementor-toc__toggle-button elementor-toc__toggle-button--expand\"><i class=\"fas fa-chevron-down\"><\/i><\/div>\n\t\t\t\t<div class=\"elementor-toc__toggle-button elementor-toc__toggle-button--collapse\"><i class=\"fas fa-chevron-up\"><\/i><\/div>\n\t\t\t\t\t<\/div>\n\t\t<div class=\"elementor-toc__body\">\n\t\t\t<div class=\"elementor-toc__spinner-container\">\n\t\t\t\t<i class=\"elementor-toc__spinner eicon-animation-spin eicon-loading\" aria-hidden=\"true\"><\/i>\t\t\t<\/div>\n\t\t<\/div>\n\t\t\t\t<\/div>\n\t\t\t\t<\/div>\n\t\t\t\t<div class=\"elementor-element elementor-element-3e9cefb elementor-widget elementor-widget-image\" data-id=\"3e9cefb\" data-element_type=\"widget\" data-widget_type=\"image.default\">\n\t\t\t\t<div class=\"elementor-widget-container\">\n\t\t\t\t\t\t\t\t<div class=\"elementor-image\">\n\t\t\t\t\t\t\t\t\t\t\t\t<img decoding=\"async\" width=\"640\" height=\"427\" src=\"https:\/\/saas-fee.com\/wp-content\/uploads\/2023\/01\/peter-mostbryg-CqcM9QalMRA-unsplash.jpg\" class=\"attachment-large size-large wp-image-3348\" alt=\"\" srcset=\"https:\/\/saas-fee.com\/wp-content\/uploads\/2023\/01\/peter-mostbryg-CqcM9QalMRA-unsplash.jpg 640w, https:\/\/saas-fee.com\/wp-content\/uploads\/2023\/01\/peter-mostbryg-CqcM9QalMRA-unsplash-300x200.jpg 300w\" sizes=\"(max-width: 640px) 100vw, 640px\" \/>\t\t\t\t\t\t\t\t\t\t\t\t\t\t<\/div>\n\t\t\t\t\t\t<\/div>\n\t\t\t\t<\/div>\n\t\t\t\t<div class=\"elementor-element elementor-element-fe94acf elementor-widget-divider--view-line elementor-widget elementor-widget-divider\" data-id=\"fe94acf\" data-element_type=\"widget\" data-widget_type=\"divider.default\">\n\t\t\t\t<div class=\"elementor-widget-container\">\n\t\t\t\t\t<div class=\"elementor-divider\">\n\t\t\t<span class=\"elementor-divider-separator\">\n\t\t\t\t\t\t<\/span>\n\t\t<\/div>\n\t\t\t\t<\/div>\n\t\t\t\t<\/div>\n\t\t\t\t<div class=\"elementor-element elementor-element-2f897a1 elementor-widget elementor-widget-heading\" data-id=\"2f897a1\" data-element_type=\"widget\" data-widget_type=\"heading.default\">\n\t\t\t\t<div class=\"elementor-widget-container\">\n\t\t\t<h2 class=\"elementor-heading-title elementor-size-default\">H\u00f6henlage Saas-Fee  <\/h2>\t\t<\/div>\n\t\t\t\t<\/div>\n\t\t\t\t<div class=\"elementor-element elementor-element-1622dcc elementor-widget elementor-widget-text-editor\" data-id=\"1622dcc\" data-element_type=\"widget\" data-widget_type=\"text-editor.default\">\n\t\t\t\t<div class=\"elementor-widget-container\">\n\t\t\t\t\t\t\t\t<div class=\"elementor-text-editor elementor-clearfix\">\n\t\t\t\t<p><span style=\"font-weight: 400;\">Das Dorf Saas-Fee liegt auf einer H\u00f6he von 1800 Metern \u00fcber dem Meeresspiegel. Einer der h\u00f6chsten und beeindruckendsten Berge ist der Dom mit 4545 Metern H\u00f6he. Der Dom ist einer der 13 Viertausender, die das Saastal umgeben, und er ist der h\u00f6chste Berg der Schweiz. Die schneebedeckten Berggipfel und die unber\u00fchrten Landschaften bieten einen atemberaubenden Anblick w\u00e4hrend der  <\/span> <a href=\"https:\/\/saas-fee.com\/en\/wintersports\/ski\/\">\n  <span style=\"font-weight: 400;\">Skifahren<\/span>\n<\/a><span style=\"font-weight: 400;\">, <\/span><a href=\"https:\/\/saas-fee.com\/en\/activities\/hiking\/\">\n  <span style=\"font-weight: 400;\">Wandern<\/span>\n<\/a><span style=\"font-weight: 400;\"> und viele andere <\/span><a href=\"https:\/\/saas-fee.com\/en\/activities\/\">\n  <span style=\"font-weight: 400;\">Aktivit\u00e4ten<\/span>\n<\/a><span style=\"font-weight: 400;\">. <\/span>  <\/p>\t\t\t\t\t<\/div>\n\t\t\t\t\t\t<\/div>\n\t\t\t\t<\/div>\n\t\t\t\t<div class=\"elementor-element elementor-element-2d500a1 elementor-widget elementor-widget-heading\" data-id=\"2d500a1\" data-element_type=\"widget\" data-widget_type=\"heading.default\">\n\t\t\t\t<div class=\"elementor-widget-container\">\n\t\t\t<h3 class=\"elementor-heading-title elementor-size-default\">13 Viertausender<\/h3>\t\t<\/div>\n\t\t\t\t<\/div>\n\t\t\t\t<div class=\"elementor-element elementor-element-8a432ef elementor-widget elementor-widget-text-editor\" data-id=\"8a432ef\" data-element_type=\"widget\" data-widget_type=\"text-editor.default\">\n\t\t\t\t<div class=\"elementor-widget-container\">\n\t\t\t\t\t\t\t\t<div class=\"elementor-text-editor elementor-clearfix\">\n\t\t\t\t<p><span style=\"font-weight: 400;\">Beim Skifahren werden Sie in Saas-Fee von nicht weniger als 13 Viertausendern umgeben sein. Diese beeindruckende Aussicht ist atemberaubend und macht das Skifahren in Saas-Fee unvergesslich.  <\/span><\/p>\n\t\t\t\t\t<\/div>\n\t\t\t\t\t\t<\/div>\n\t\t\t\t<\/div>\n\t\t\t\t<div class=\"elementor-element elementor-element-714c657 elementor-widget elementor-widget-image\" data-id=\"714c657\" data-element_type=\"widget\" data-widget_type=\"image.default\">\n\t\t\t\t<div class=\"elementor-widget-container\">\n\t\t\t\t\t\t\t\t<div class=\"elementor-image\">\n\t\t\t\t\t\t\t\t\t\t\t\t<img decoding=\"async\" width=\"640\" height=\"427\" src=\"https:\/\/saas-fee.com\/wp-content\/uploads\/2023\/01\/donald-giannatti-Xy0XmVBzhbE-unsplash.jpg\" class=\"attachment-large size-large wp-image-3352\" alt=\"\" srcset=\"https:\/\/saas-fee.com\/wp-content\/uploads\/2023\/01\/donald-giannatti-Xy0XmVBzhbE-unsplash.jpg 640w, https:\/\/saas-fee.com\/wp-content\/uploads\/2023\/01\/donald-giannatti-Xy0XmVBzhbE-unsplash-300x200.jpg 300w\" sizes=\"(max-width: 640px) 100vw, 640px\" \/>\t\t\t\t\t\t\t\t\t\t\t\t\t\t<\/div>\n\t\t\t\t\t\t<\/div>\n\t\t\t\t<\/div>\n\t\t\t\t<div class=\"elementor-element elementor-element-3ea01bf elementor-widget-divider--view-line elementor-widget elementor-widget-divider\" data-id=\"3ea01bf\" data-element_type=\"widget\" data-widget_type=\"divider.default\">\n\t\t\t\t<div class=\"elementor-widget-container\">\n\t\t\t\t\t<div class=\"elementor-divider\">\n\t\t\t<span class=\"elementor-divider-separator\">\n\t\t\t\t\t\t<\/span>\n\t\t<\/div>\n\t\t\t\t<\/div>\n\t\t\t\t<\/div>\n\t\t\t\t<div class=\"elementor-element elementor-element-43a5837 elementor-widget elementor-widget-heading\" data-id=\"43a5837\" data-element_type=\"widget\" data-widget_type=\"heading.default\">\n\t\t\t\t<div class=\"elementor-widget-container\">\n\t\t\t<h2 class=\"elementor-heading-title elementor-size-default\">Skigebiet<\/h2>\t\t<\/div>\n\t\t\t\t<\/div>\n\t\t\t\t<div class=\"elementor-element elementor-element-a7794d2 elementor-widget elementor-widget-text-editor\" data-id=\"a7794d2\" data-element_type=\"widget\" data-widget_type=\"text-editor.default\">\n\t\t\t\t<div class=\"elementor-widget-container\">\n\t\t\t\t\t\t\t\t<div class=\"elementor-text-editor elementor-clearfix\">\n\t\t\t\t<p><span style=\"font-weight: 400;\">Das Skigebiet von Saas-Fee bietet zahlreiche Herausforderungen f\u00fcr Skifahrer aller Schwierigkeitsgrade. In Saas-Fee gibt es 100 km Skigebiet, das in verschiedene Pisten unterteilt ist: 20 km blaues Skigebiet, 20 km schwarzes Skigebiet und 60 km rotes Skigebiet. Die Unterscheidung zwischen diesen Arten und Farben von Pisten ergibt sich aus der Neigung.  <\/span><\/p>\n<ul>\n<li style=\"font-weight: 400;\" aria-level=\"1\"><span style=\"font-weight: 400;\">Die blauen Pisten haben ein leichtes Gef\u00e4lle zwischen 10 und 16 Prozent. Diese Piste ist f\u00fcr jeden Skifahrer und auch f\u00fcr Anf\u00e4nger geeignet.  <\/span><\/li>\n<li style=\"font-weight: 400;\" aria-level=\"1\"><span style=\"font-weight: 400;\">Die roten Pisten haben ein Gef\u00e4lle zwischen 17 und 23 Prozent. Diese Piste ist viel schwieriger als die blaue Piste und eher f\u00fcr fortgeschrittene Skifahrer geeignet.<\/span><\/li>\n<li style=\"font-weight: 400;\" aria-level=\"1\"><span style=\"font-weight: 400;\">Die schwarzen Pisten haben ein Gef\u00e4lle von 24 Prozent. Dieser Hang ist der schwierigste.  <\/span><\/li>\n<\/ul>\n<p><span style=\"font-weight: 400;\"><br \/>In Saas-Fee gibt es sowohl f\u00fcr Anf\u00e4nger als auch f\u00fcr Fortgeschrittene ein reichhaltiges Skiangebot. Dar\u00fcber hinaus gibt es viele  <\/span><span style=\"font-weight: 400;\">Skischulen<\/span><span style=\"font-weight: 400;\"> in Saas-Fee zu finden, wo Sie Skikurse besuchen k\u00f6nnen. <\/span>  <\/p>\n<p><span style=\"font-weight: 400;\">In Saas-Fee gibt es nur wenige Sessellifte, sondern haupts\u00e4chlich Gondeln und Schlepplifte, denn der Feegletscher ist fast \u00fcberall im Skigebiet von Saas-Fee vorhanden. Es stehen 12 Schleppaufz\u00fcge, 7 Gondeln und 2 Sesselaufz\u00fcge zur Verf\u00fcgung.  <\/span><\/p>\n\t\t\t\t\t<\/div>\n\t\t\t\t\t\t<\/div>\n\t\t\t\t<\/div>\n\t\t\t\t<div class=\"elementor-element elementor-element-a939dcc elementor-widget-divider--view-line elementor-widget elementor-widget-divider\" data-id=\"a939dcc\" data-element_type=\"widget\" data-widget_type=\"divider.default\">\n\t\t\t\t<div class=\"elementor-widget-container\">\n\t\t\t\t\t<div class=\"elementor-divider\">\n\t\t\t<span class=\"elementor-divider-separator\">\n\t\t\t\t\t\t<\/span>\n\t\t<\/div>\n\t\t\t\t<\/div>\n\t\t\t\t<\/div>\n\t\t\t\t<div class=\"elementor-element elementor-element-108e8ee elementor-widget elementor-widget-heading\" data-id=\"108e8ee\" data-element_type=\"widget\" data-widget_type=\"heading.default\">\n\t\t\t\t<div class=\"elementor-widget-container\">\n\t\t\t<h2 class=\"elementor-heading-title elementor-size-default\">Wo man in Saas-Fee \u00fcbernachtet\n<\/h2>\t\t<\/div>\n\t\t\t\t<\/div>\n\t\t\t\t<div class=\"elementor-element elementor-element-62f737a elementor-widget elementor-widget-text-editor\" data-id=\"62f737a\" data-element_type=\"widget\" data-widget_type=\"text-editor.default\">\n\t\t\t\t<div class=\"elementor-widget-container\">\n\t\t\t\t\t\t\t\t<div class=\"elementor-text-editor elementor-clearfix\">\n\t\t\t\t<p><span style=\"font-weight: 400;\">Saas-Fee bietet mit seiner Vielfalt an Aktivit\u00e4ten f\u00fcr jeden etwas. Um das Nonplusultra zu genie\u00dfen, sollte man sich einen guten Aufenthalt nicht entgehen lassen. Und was k\u00f6nnte besser sein als ein luxuri\u00f6ses Schloss weniger als 400 Meter vom Zentrum entfernt?<\/span><\/p>\n\t\t\t\t\t<\/div>\n\t\t\t\t\t\t<\/div>\n\t\t\t\t<\/div>\n\t\t\t\t<div class=\"elementor-element elementor-element-e05be8c elementor-widget elementor-widget-heading\" data-id=\"e05be8c\" data-element_type=\"widget\" data-widget_type=\"heading.default\">\n\t\t\t\t<div class=\"elementor-widget-container\">\n\t\t\t<h3 class=\"elementor-heading-title elementor-size-default\">Chateau Buch  \n<\/h3>\t\t<\/div>\n\t\t\t\t<\/div>\n\t\t\t\t<div class=\"elementor-element elementor-element-8c6cec7 elementor-widget elementor-widget-text-editor\" data-id=\"8c6cec7\" data-element_type=\"widget\" data-widget_type=\"text-editor.default\">\n\t\t\t\t<div class=\"elementor-widget-container\">\n\t\t\t\t\t\t\t\t<div class=\"elementor-text-editor elementor-clearfix\">\n\t\t\t\t<p><span style=\"font-weight: 400;\">Treten Sie ein in die luxuri\u00f6se Welt von Saas-Fee. Dieses luxuri\u00f6se Schloss liegt weniger als 400 Meter vom Zentrum entfernt und in Gehweite zu mehreren Skiliften. Hier k\u00f6nnen Sie die verschiedenen modernen Annehmlichkeiten wie eine umfangreiche K\u00fcche und ein Wohnzimmer, einen Whirlpool und eine Sauna genie\u00dfen. Das Chateau hat 3 Schlafzimmer mit 2 Doppelbetten und 2 Einzelbetten.  <\/span><\/p>\n\t\t\t\t\t<\/div>\n\t\t\t\t\t\t<\/div>\n\t\t\t\t<\/div>\n\t\t\t\t\t\t<\/div>\n\t\t\t\t\t<\/div>\n\t\t<\/div>\n\t\t\t\t<div class=\"elementor-column elementor-col-33 elementor-top-column elementor-element elementor-element-7d51094\" data-id=\"7d51094\" data-element_type=\"column\">\n\t\t\t<div class=\"elementor-column-wrap elementor-element-populated\">\n\t\t\t\t\t\t\t<div class=\"elementor-widget-wrap\">\n\t\t\t\t\t\t<div class=\"elementor-element elementor-element-e1e8a3c elementor-cta--skin-classic elementor-animated-content elementor-widget elementor-widget-global elementor-global-3484 elementor-global-3188 elementor-widget-call-to-action\" data-id=\"e1e8a3c\" data-element_type=\"widget\" data-settings=\"{&quot;sticky&quot;:&quot;top&quot;,&quot;sticky_offset&quot;:120,&quot;sticky_on&quot;:[&quot;desktop&quot;,&quot;tablet&quot;,&quot;mobile&quot;],&quot;sticky_effects_offset&quot;:0}\" data-widget_type=\"call-to-action.default\">\n\t\t\t\t<div class=\"elementor-widget-container\">\n\t\t\t\t\t<a class=\"elementor-cta\" href=\"https:\/\/saas-fee.com\/overnight\/reservations\/\">\n\t\t\t\t\t<div class=\"elementor-cta__bg-wrapper\">\n\t\t\t\t<div class=\"elementor-cta__bg elementor-bg\" style=\"background-image: url(https:\/\/saas-fee.com\/wp-content\/uploads\/2022\/07\/10_DSC06563_Chateau-A-41_March-2022_interiors_Puzzle-Media-1024x683.jpg);\"><\/div>\n\t\t\t\t<div class=\"elementor-cta__bg-overlay\"><\/div>\n\t\t\t<\/div>\n\t\t\t\t\t\t\t<div class=\"elementor-cta__content\">\n\t\t\t\t\n\t\t\t\t<span class=\"elementor-cta__title elementor-cta__content-item elementor-content-item\">Suchen Sie nach einer einzigartigen \u00dcbernachtung in Saas-Fee?<\/span>\n\t\t\t\t\n\t\t\t\t\t\t\t\t\t<div class=\"elementor-cta__button-wrapper elementor-cta__content-item elementor-content-item \">\n\t\t\t\t\t<span class=\"elementor-cta__button elementor-button elementor-size-sm\">\n\t\t\t\t\t\tJetzt buchen\t\t\t\t\t<\/span>\n\t\t\t\t\t<\/div>\n\t\t\t\t\t\t\t<\/div>\n\t\t\t\t\t\t<\/a>\n\t\t\t\t<\/div>\n\t\t\t\t<\/div>\n\t\t\t\t\t\t<\/div>\n\t\t\t\t\t<\/div>\n\t\t<\/div>\n\t\t\t\t\t\t\t\t<\/div>\n\t\t\t\t\t<\/div>\n\t\t<\/section>\n\t\t\t\t\t\t\t\t\t<\/div>\n\t\t\t<\/div>\n\t\t\t\t\t<\/div>\n\t\t","protected":false},"excerpt":{"rendered":"<p>Skigebiet &amp; H\u00f6henlage Saas-Fee geh\u00f6rt zusammen mit Saas-Grund und Saas-Almagell zum Saastal. Es ist ein schneesicheres Gebiet, was auf die gro\u00dfe H\u00f6he der Pisten zur\u00fcckzuf\u00fchren ist, n\u00e4mlich zwischen 1800 und 3600 Metern \u00fcber dem Meeresspiegel. So ist es sogar m\u00f6glich, im Sommer Ski zu fahren. Inhalts\u00fcbersicht H\u00f6henlage Saas-Fee Das Dorf Saas-Fee liegt auf einer H\u00f6he [&hellip;]<\/p>\n","protected":false},"author":2,"featured_media":0,"parent":3505,"menu_order":7,"comment_status":"closed","ping_status":"closed","template":"elementor_theme","meta":{"inline_featured_image":false},"yoast_head":"<!-- This site is optimized with the Yoast SEO plugin v19.14 - https:\/\/yoast.com\/wordpress\/plugins\/seo\/ -->\n<title>Skigebiet Saas-Fee<\/title>\n<meta name=\"description\" content=\"Das Skigebiet von Saas-Fee bietet zahlreiche Herausforderungen f\u00fcr Skifahrer aller Schwierigkeitsgrade. Das Skigebiet ist in blaue, rote und schwarze Pisten unterteilt.\" \/>\n<meta name=\"robots\" content=\"index, follow, max-snippet:-1, max-image-preview:large, max-video-preview:-1\" \/>\n<link rel=\"canonical\" href=\"https:\/\/saas-fee.com\/de\/wintersport\/skigebiet-hohenlage\/\" \/>\n<meta property=\"og:locale\" content=\"de_DE\" \/>\n<meta property=\"og:type\" content=\"article\" \/>\n<meta property=\"og:title\" content=\"Skigebiet Saas-Fee\" \/>\n<meta property=\"og:description\" content=\"Das Skigebiet von Saas-Fee bietet zahlreiche Herausforderungen f\u00fcr Skifahrer aller Schwierigkeitsgrade. Das Skigebiet ist in blaue, rote und schwarze Pisten unterteilt.\" \/>\n<meta property=\"og:url\" content=\"https:\/\/saas-fee.com\/de\/wintersport\/skigebiet-hohenlage\/\" \/>\n<meta property=\"og:site_name\" content=\"Saas-Fee\" \/>\n<meta property=\"article:modified_time\" content=\"2023-01-19T13:42:40+00:00\" \/>\n<meta property=\"og:image\" content=\"https:\/\/saas-fee.com\/wp-content\/uploads\/2023\/01\/peter-mostbryg-CqcM9QalMRA-unsplash.jpg\" \/>\n<meta name=\"twitter:card\" content=\"summary_large_image\" \/>\n<meta name=\"twitter:label1\" content=\"Gesch\u00e4tzte Lesezeit\" \/>\n\t<meta name=\"twitter:data1\" content=\"2\u00a0Minuten\" \/>\n<script type=\"application\/ld+json\" class=\"yoast-schema-graph\">{\"@context\":\"https:\/\/schema.org\",\"@graph\":[{\"@type\":\"WebPage\",\"@id\":\"https:\/\/saas-fee.com\/de\/wintersport\/skigebiet-hohenlage\/\",\"url\":\"https:\/\/saas-fee.com\/de\/wintersport\/skigebiet-hohenlage\/\",\"name\":\"Skigebiet Saas-Fee\",\"isPartOf\":{\"@id\":\"https:\/\/saas-fee.com\/de\/#website\"},\"datePublished\":\"2023-01-19T13:42:19+00:00\",\"dateModified\":\"2023-01-19T13:42:40+00:00\",\"description\":\"Das Skigebiet von Saas-Fee bietet zahlreiche Herausforderungen f\u00fcr Skifahrer aller Schwierigkeitsgrade. Das Skigebiet ist in blaue, rote und schwarze Pisten unterteilt.\",\"breadcrumb\":{\"@id\":\"https:\/\/saas-fee.com\/de\/wintersport\/skigebiet-hohenlage\/#breadcrumb\"},\"inLanguage\":\"de\",\"potentialAction\":[{\"@type\":\"ReadAction\",\"target\":[\"https:\/\/saas-fee.com\/de\/wintersport\/skigebiet-hohenlage\/\"]}]},{\"@type\":\"BreadcrumbList\",\"@id\":\"https:\/\/saas-fee.com\/de\/wintersport\/skigebiet-hohenlage\/#breadcrumb\",\"itemListElement\":[{\"@type\":\"ListItem\",\"position\":1,\"name\":\"Home\",\"item\":\"https:\/\/saas-fee.com\/de\/homepage\/\"},{\"@type\":\"ListItem\",\"position\":2,\"name\":\"Skigebiet &amp; H\u00f6henlage\"}]},{\"@type\":\"WebSite\",\"@id\":\"https:\/\/saas-fee.com\/de\/#website\",\"url\":\"https:\/\/saas-fee.com\/de\/\",\"name\":\"Saas-Fee\",\"description\":\"Huur een chalet in Saas-Fee, de parel van de Alpen\",\"publisher\":{\"@id\":\"https:\/\/saas-fee.com\/de\/#organization\"},\"potentialAction\":[{\"@type\":\"SearchAction\",\"target\":{\"@type\":\"EntryPoint\",\"urlTemplate\":\"https:\/\/saas-fee.com\/de\/?s={search_term_string}\"},\"query-input\":\"required name=search_term_string\"}],\"inLanguage\":\"de\"},{\"@type\":\"Organization\",\"@id\":\"https:\/\/saas-fee.com\/de\/#organization\",\"name\":\"Saas-Fee\",\"url\":\"https:\/\/saas-fee.com\/de\/\",\"logo\":{\"@type\":\"ImageObject\",\"inLanguage\":\"de\",\"@id\":\"https:\/\/saas-fee.com\/de\/#\/schema\/logo\/image\/\",\"url\":\"https:\/\/saas-fee.com\/wp-content\/uploads\/2022\/08\/Saas-Fee-logo-tijdelijk.svg\",\"contentUrl\":\"https:\/\/saas-fee.com\/wp-content\/uploads\/2022\/08\/Saas-Fee-logo-tijdelijk.svg\",\"width\":137,\"height\":26,\"caption\":\"Saas-Fee\"},\"image\":{\"@id\":\"https:\/\/saas-fee.com\/de\/#\/schema\/logo\/image\/\"}}]}<\/script>\n<!-- \/ Yoast SEO plugin. -->","yoast_head_json":{"title":"Skigebiet Saas-Fee","description":"Das Skigebiet von Saas-Fee bietet zahlreiche Herausforderungen f\u00fcr Skifahrer aller Schwierigkeitsgrade. Das Skigebiet ist in blaue, rote und schwarze Pisten unterteilt.","robots":{"index":"index","follow":"follow","max-snippet":"max-snippet:-1","max-image-preview":"max-image-preview:large","max-video-preview":"max-video-preview:-1"},"canonical":"https:\/\/saas-fee.com\/de\/wintersport\/skigebiet-hohenlage\/","og_locale":"de_DE","og_type":"article","og_title":"Skigebiet Saas-Fee","og_description":"Das Skigebiet von Saas-Fee bietet zahlreiche Herausforderungen f\u00fcr Skifahrer aller Schwierigkeitsgrade. Das Skigebiet ist in blaue, rote und schwarze Pisten unterteilt.","og_url":"https:\/\/saas-fee.com\/de\/wintersport\/skigebiet-hohenlage\/","og_site_name":"Saas-Fee","article_modified_time":"2023-01-19T13:42:40+00:00","og_image":[{"url":"https:\/\/saas-fee.com\/wp-content\/uploads\/2023\/01\/peter-mostbryg-CqcM9QalMRA-unsplash.jpg"}],"twitter_card":"summary_large_image","twitter_misc":{"Gesch\u00e4tzte Lesezeit":"2\u00a0Minuten"},"schema":{"@context":"https:\/\/schema.org","@graph":[{"@type":"WebPage","@id":"https:\/\/saas-fee.com\/de\/wintersport\/skigebiet-hohenlage\/","url":"https:\/\/saas-fee.com\/de\/wintersport\/skigebiet-hohenlage\/","name":"Skigebiet Saas-Fee","isPartOf":{"@id":"https:\/\/saas-fee.com\/de\/#website"},"datePublished":"2023-01-19T13:42:19+00:00","dateModified":"2023-01-19T13:42:40+00:00","description":"Das Skigebiet von Saas-Fee bietet zahlreiche Herausforderungen f\u00fcr Skifahrer aller Schwierigkeitsgrade. Das Skigebiet ist in blaue, rote und schwarze Pisten unterteilt.","breadcrumb":{"@id":"https:\/\/saas-fee.com\/de\/wintersport\/skigebiet-hohenlage\/#breadcrumb"},"inLanguage":"de","potentialAction":[{"@type":"ReadAction","target":["https:\/\/saas-fee.com\/de\/wintersport\/skigebiet-hohenlage\/"]}]},{"@type":"BreadcrumbList","@id":"https:\/\/saas-fee.com\/de\/wintersport\/skigebiet-hohenlage\/#breadcrumb","itemListElement":[{"@type":"ListItem","position":1,"name":"Home","item":"https:\/\/saas-fee.com\/de\/homepage\/"},{"@type":"ListItem","position":2,"name":"Skigebiet &amp; H\u00f6henlage"}]},{"@type":"WebSite","@id":"https:\/\/saas-fee.com\/de\/#website","url":"https:\/\/saas-fee.com\/de\/","name":"Saas-Fee","description":"Huur een chalet in Saas-Fee, de parel van de Alpen","publisher":{"@id":"https:\/\/saas-fee.com\/de\/#organization"},"potentialAction":[{"@type":"SearchAction","target":{"@type":"EntryPoint","urlTemplate":"https:\/\/saas-fee.com\/de\/?s={search_term_string}"},"query-input":"required name=search_term_string"}],"inLanguage":"de"},{"@type":"Organization","@id":"https:\/\/saas-fee.com\/de\/#organization","name":"Saas-Fee","url":"https:\/\/saas-fee.com\/de\/","logo":{"@type":"ImageObject","inLanguage":"de","@id":"https:\/\/saas-fee.com\/de\/#\/schema\/logo\/image\/","url":"https:\/\/saas-fee.com\/wp-content\/uploads\/2022\/08\/Saas-Fee-logo-tijdelijk.svg","contentUrl":"https:\/\/saas-fee.com\/wp-content\/uploads\/2022\/08\/Saas-Fee-logo-tijdelijk.svg","width":137,"height":26,"caption":"Saas-Fee"},"image":{"@id":"https:\/\/saas-fee.com\/de\/#\/schema\/logo\/image\/"}}]}},"_links":{"self":[{"href":"https:\/\/saas-fee.com\/de\/wp-json\/wp\/v2\/pages\/3442"}],"collection":[{"href":"https:\/\/saas-fee.com\/de\/wp-json\/wp\/v2\/pages"}],"about":[{"href":"https:\/\/saas-fee.com\/de\/wp-json\/wp\/v2\/types\/page"}],"author":[{"embeddable":true,"href":"https:\/\/saas-fee.com\/de\/wp-json\/wp\/v2\/users\/2"}],"replies":[{"embeddable":true,"href":"https:\/\/saas-fee.com\/de\/wp-json\/wp\/v2\/comments?post=3442"}],"version-history":[{"count":3,"href":"https:\/\/saas-fee.com\/de\/wp-json\/wp\/v2\/pages\/3442\/revisions"}],"predecessor-version":[{"id":3469,"href":"https:\/\/saas-fee.com\/de\/wp-json\/wp\/v2\/pages\/3442\/revisions\/3469"}],"up":[{"embeddable":true,"href":"https:\/\/saas-fee.com\/de\/wp-json\/wp\/v2\/pages\/3505"}],"wp:attachment":[{"href":"https:\/\/saas-fee.com\/de\/wp-json\/wp\/v2\/media?parent=3442"}],"curies":[{"name":"wp","href":"https:\/\/api.w.org\/{rel}","templated":true}]}}