{"id":3445,"date":"2023-01-19T15:42:20","date_gmt":"2023-01-19T13:42:20","guid":{"rendered":"https:\/\/saas-fee.com\/spa-wellness\/"},"modified":"2023-01-19T15:42:42","modified_gmt":"2023-01-19T13:42:42","slug":"spa-wellness","status":"publish","type":"page","link":"https:\/\/saas-fee.com\/de\/entspannung\/spa-wellness\/","title":{"rendered":"Spa &amp; Wellness"},"content":{"rendered":"\t\t<div data-elementor-type=\"wp-post\" data-elementor-id=\"3445\" class=\"elementor elementor-3445 elementor-2838\">\n\t\t\t\t\t\t<div class=\"elementor-inner\">\n\t\t\t\t<div class=\"elementor-section-wrap\">\n\t\t\t\t\t\t\t\t\t<section class=\"elementor-section elementor-top-section elementor-element elementor-element-d2381ea elementor-section-height-min-height elementor-section-items-bottom elementor-section-boxed elementor-section-height-default\" data-id=\"d2381ea\" data-element_type=\"section\" data-settings=\"{&quot;background_background&quot;:&quot;classic&quot;}\">\n\t\t\t\t\t\t\t<div class=\"elementor-background-overlay\"><\/div>\n\t\t\t\t\t\t\t<div class=\"elementor-container elementor-column-gap-default\">\n\t\t\t\t\t\t\t<div class=\"elementor-row\">\n\t\t\t\t\t<div class=\"elementor-column elementor-col-100 elementor-top-column elementor-element elementor-element-fdc56de\" data-id=\"fdc56de\" data-element_type=\"column\">\n\t\t\t<div class=\"elementor-column-wrap elementor-element-populated\">\n\t\t\t\t\t\t\t<div class=\"elementor-widget-wrap\">\n\t\t\t\t\t\t<div class=\"elementor-element elementor-element-a3f1579 elementor-widget elementor-widget-heading\" data-id=\"a3f1579\" data-element_type=\"widget\" data-widget_type=\"heading.default\">\n\t\t\t\t<div class=\"elementor-widget-container\">\n\t\t\t<h1 class=\"elementor-heading-title elementor-size-default\">Wellness in Saas-Fee<\/h1>\t\t<\/div>\n\t\t\t\t<\/div>\n\t\t\t\t<div class=\"elementor-element elementor-element-6ae417f elementor-widget elementor-widget-breadcrumbs\" data-id=\"6ae417f\" data-element_type=\"widget\" data-widget_type=\"breadcrumbs.default\">\n\t\t\t\t<div class=\"elementor-widget-container\">\n\t\t\t<nav id=\"breadcrumbs\"><span><span><a href=\"https:\/\/saas-fee.com\/de\/homepage\/\">Home<\/a><\/span><\/span><\/nav>\t\t<\/div>\n\t\t\t\t<\/div>\n\t\t\t\t\t\t<\/div>\n\t\t\t\t\t<\/div>\n\t\t<\/div>\n\t\t\t\t\t\t\t\t<\/div>\n\t\t\t\t\t<\/div>\n\t\t<\/section>\n\t\t\t\t<section class=\"elementor-section elementor-top-section elementor-element elementor-element-f1e5e1b elementor-section-boxed elementor-section-height-default elementor-section-height-default\" data-id=\"f1e5e1b\" data-element_type=\"section\">\n\t\t\t\t\t\t<div class=\"elementor-container elementor-column-gap-default\">\n\t\t\t\t\t\t\t<div class=\"elementor-row\">\n\t\t\t\t\t<div class=\"elementor-column elementor-col-66 elementor-top-column elementor-element elementor-element-2b74201\" data-id=\"2b74201\" data-element_type=\"column\">\n\t\t\t<div class=\"elementor-column-wrap elementor-element-populated\">\n\t\t\t\t\t\t\t<div class=\"elementor-widget-wrap\">\n\t\t\t\t\t\t<div class=\"elementor-element elementor-element-7970b7f elementor-widget elementor-widget-text-editor\" data-id=\"7970b7f\" data-element_type=\"widget\" data-widget_type=\"text-editor.default\">\n\t\t\t\t<div class=\"elementor-widget-container\">\n\t\t\t\t\t\t\t\t<div class=\"elementor-text-editor elementor-clearfix\">\n\t\t\t\t<p><span style=\"font-weight: 400;\">Ein Wintersporturlaub kann ganz sch\u00f6n anstrengend sein, und dann ist es immer sch\u00f6n, sich einen Tag lang entspannen zu k\u00f6nnen. Im sch\u00f6nen Schweizer Dorf Saas-Fee gibt es viele Wellness-M\u00f6glichkeiten. M\u00f6chten Sie einen Tag lang Skifahren, Snowboarden oder Wandern? Wir haben die besten Pools, Spas und andere luxuri\u00f6se M\u00f6glichkeiten zum Entspannen in Saas-Fee aufgelistet.  <\/span><\/p>\n\t\t\t\t\t<\/div>\n\t\t\t\t\t\t<\/div>\n\t\t\t\t<\/div>\n\t\t\t\t<div class=\"elementor-element elementor-element-d72478b elementor-toc--minimized-on-tablet elementor-widget elementor-widget-table-of-contents\" data-id=\"d72478b\" data-element_type=\"widget\" data-settings=\"{&quot;exclude_headings_by_selector&quot;:[],&quot;headings_by_tags&quot;:[&quot;h2&quot;,&quot;h3&quot;,&quot;h4&quot;,&quot;h5&quot;,&quot;h6&quot;],&quot;marker_view&quot;:&quot;numbers&quot;,&quot;minimize_box&quot;:&quot;yes&quot;,&quot;minimized_on&quot;:&quot;tablet&quot;,&quot;hierarchical_view&quot;:&quot;yes&quot;,&quot;min_height&quot;:{&quot;unit&quot;:&quot;px&quot;,&quot;size&quot;:&quot;&quot;,&quot;sizes&quot;:[]},&quot;min_height_tablet&quot;:{&quot;unit&quot;:&quot;px&quot;,&quot;size&quot;:&quot;&quot;,&quot;sizes&quot;:[]},&quot;min_height_mobile&quot;:{&quot;unit&quot;:&quot;px&quot;,&quot;size&quot;:&quot;&quot;,&quot;sizes&quot;:[]}}\" data-widget_type=\"table-of-contents.default\">\n\t\t\t\t<div class=\"elementor-widget-container\">\n\t\t\t\t\t<div class=\"elementor-toc__header\">\n\t\t\t<h4 class=\"elementor-toc__header-title\">\n\t\t\t\tInhalts\u00fcbersicht\t\t\t<\/h4>\n\t\t\t\t\t\t\t<div class=\"elementor-toc__toggle-button elementor-toc__toggle-button--expand\"><i class=\"fas fa-chevron-down\"><\/i><\/div>\n\t\t\t\t<div class=\"elementor-toc__toggle-button elementor-toc__toggle-button--collapse\"><i class=\"fas fa-chevron-up\"><\/i><\/div>\n\t\t\t\t\t<\/div>\n\t\t<div class=\"elementor-toc__body\">\n\t\t\t<div class=\"elementor-toc__spinner-container\">\n\t\t\t\t<i class=\"elementor-toc__spinner eicon-animation-spin eicon-loading\" aria-hidden=\"true\"><\/i>\t\t\t<\/div>\n\t\t<\/div>\n\t\t\t\t<\/div>\n\t\t\t\t<\/div>\n\t\t\t\t<div class=\"elementor-element elementor-element-3e9cefb elementor-widget elementor-widget-image\" data-id=\"3e9cefb\" data-element_type=\"widget\" data-widget_type=\"image.default\">\n\t\t\t\t<div class=\"elementor-widget-container\">\n\t\t\t\t\t\t\t\t<div class=\"elementor-image\">\n\t\t\t\t\t\t\t\t\t\t\t\t<img decoding=\"async\" width=\"768\" height=\"512\" src=\"https:\/\/saas-fee.com\/wp-content\/uploads\/2022\/08\/toomas-tartes-Yizrl9N_eDA-unsplash-768x512.jpg\" class=\"attachment-medium_large size-medium_large wp-image-2585\" alt=\"\" srcset=\"https:\/\/saas-fee.com\/wp-content\/uploads\/2022\/08\/toomas-tartes-Yizrl9N_eDA-unsplash-768x512.jpg 768w, https:\/\/saas-fee.com\/wp-content\/uploads\/2022\/08\/toomas-tartes-Yizrl9N_eDA-unsplash-300x200.jpg 300w, https:\/\/saas-fee.com\/wp-content\/uploads\/2022\/08\/toomas-tartes-Yizrl9N_eDA-unsplash-1024x683.jpg 1024w, https:\/\/saas-fee.com\/wp-content\/uploads\/2022\/08\/toomas-tartes-Yizrl9N_eDA-unsplash-1536x1025.jpg 1536w, https:\/\/saas-fee.com\/wp-content\/uploads\/2022\/08\/toomas-tartes-Yizrl9N_eDA-unsplash-2048x1367.jpg 2048w\" sizes=\"(max-width: 768px) 100vw, 768px\" \/>\t\t\t\t\t\t\t\t\t\t\t\t\t\t<\/div>\n\t\t\t\t\t\t<\/div>\n\t\t\t\t<\/div>\n\t\t\t\t<div class=\"elementor-element elementor-element-fe94acf elementor-widget-divider--view-line elementor-widget elementor-widget-divider\" data-id=\"fe94acf\" data-element_type=\"widget\" data-widget_type=\"divider.default\">\n\t\t\t\t<div class=\"elementor-widget-container\">\n\t\t\t\t\t<div class=\"elementor-divider\">\n\t\t\t<span class=\"elementor-divider-separator\">\n\t\t\t\t\t\t<\/span>\n\t\t<\/div>\n\t\t\t\t<\/div>\n\t\t\t\t<\/div>\n\t\t\t\t<div class=\"elementor-element elementor-element-2f897a1 elementor-widget elementor-widget-heading\" data-id=\"2f897a1\" data-element_type=\"widget\" data-widget_type=\"heading.default\">\n\t\t\t\t<div class=\"elementor-widget-container\">\n\t\t\t<h2 class=\"elementor-heading-title elementor-size-default\">Ein Tag der Entspannung in Saas-Fee\n<\/h2>\t\t<\/div>\n\t\t\t\t<\/div>\n\t\t\t\t<div class=\"elementor-element elementor-element-1622dcc elementor-widget elementor-widget-text-editor\" data-id=\"1622dcc\" data-element_type=\"widget\" data-widget_type=\"text-editor.default\">\n\t\t\t\t<div class=\"elementor-widget-container\">\n\t\t\t\t\t\t\t\t<div class=\"elementor-text-editor elementor-clearfix\">\n\t\t\t\t<p><span style=\"font-weight: 400;\">In der Umgebung von Saas-Fee gibt es zahlreiche Wellness-Hotels, Schwimmb\u00e4der und Spas, in denen Sie einen entspannten Tag verbringen k\u00f6nnen. Hier k\u00f6nnen Sie Hei\u00dfwasserb\u00e4der, spezielle Massagen oder Saunag\u00e4nge genie\u00dfen. Es ist ein gutes Ziel f\u00fcr einen Urlaub, wo man auch einen Tag zum Entspannen verbringen kann. So k\u00f6nnen Sie Ihre Batterien wieder aufladen, um w\u00e4hrend Ihres Aufenthalts zahlreiche Aktivit\u00e4ten zu unternehmen.  <\/span><\/p>\n\t\t\t\t\t<\/div>\n\t\t\t\t\t\t<\/div>\n\t\t\t\t<\/div>\n\t\t\t\t<div class=\"elementor-element elementor-element-2d500a1 elementor-widget elementor-widget-heading\" data-id=\"2d500a1\" data-element_type=\"widget\" data-widget_type=\"heading.default\">\n\t\t\t\t<div class=\"elementor-widget-container\">\n\t\t\t<h3 class=\"elementor-heading-title elementor-size-default\">Aqua allalin Saas-Fee\n<\/h3>\t\t<\/div>\n\t\t\t\t<\/div>\n\t\t\t\t<div class=\"elementor-element elementor-element-8a432ef elementor-widget elementor-widget-text-editor\" data-id=\"8a432ef\" data-element_type=\"widget\" data-widget_type=\"text-editor.default\">\n\t\t\t\t<div class=\"elementor-widget-container\">\n\t\t\t\t\t\t\t\t<div class=\"elementor-text-editor elementor-clearfix\">\n\t\t\t\t<p><span style=\"font-weight: 400;\">Entdecken Sie eine v\u00f6llig neue Welt des Wohlbefindens. Unter  <\/span><a href=\"https:\/\/www.youthhostel.ch\/en\/aqua-allalin-saas-fee\/\"><span style=\"font-weight: 400;\">Aqua Allalin<\/span><\/a><span style=\"font-weight: 400;\">  k\u00f6nnen Sie in einer der sch\u00f6nen Saunen, verschiedenen Duschen und Ruher\u00e4umen zur Ruhe kommen. Die luxuri\u00f6se Jugendherberge wurde vor einigen Jahren er\u00f6ffnet und ist bei Einwohnern und Besuchern der Region sehr beliebt. Sie k\u00f6nnen diese Wellnessanlage auch zum Schwimmen in Saas-Fee besuchen.<\/span><\/p>\n<p><span style=\"font-weight: 400;\">Bei Vorlage Ihrer Saastal-Card erhalten Sie eine Erm\u00e4\u00dfigung auf den Eintrittspreis. <\/span><span style=\"font-weight: 400;\">Saastal-Card<\/span><span style=\"font-weight: 400;\">. <\/span>  <\/p>\n\t\t\t\t\t<\/div>\n\t\t\t\t\t\t<\/div>\n\t\t\t\t<\/div>\n\t\t\t\t<div class=\"elementor-element elementor-element-7d4603d elementor-widget elementor-widget-heading\" data-id=\"7d4603d\" data-element_type=\"widget\" data-widget_type=\"heading.default\">\n\t\t\t\t<div class=\"elementor-widget-container\">\n\t\t\t<h3 class=\"elementor-heading-title elementor-size-default\">Kneipp-B\u00e4der Saas-Fee\n<\/h3>\t\t<\/div>\n\t\t\t\t<\/div>\n\t\t\t\t<div class=\"elementor-element elementor-element-9f2baa9 elementor-widget elementor-widget-text-editor\" data-id=\"9f2baa9\" data-element_type=\"widget\" data-widget_type=\"text-editor.default\">\n\t\t\t\t<div class=\"elementor-widget-container\">\n\t\t\t\t\t\t\t\t<div class=\"elementor-text-editor elementor-clearfix\">\n\t\t\t\t<p><span style=\"font-weight: 400;\">In der Kneippanlage k\u00f6nnen Sie alpine Wellness inmitten der Natur genie\u00dfen. Hier flie\u00dft das Wasser von den Bergen und Gletschern herab. Eine Kneippkur ist eine Form der Kaltwassertherapie (Kneipp-Therapie), die aus flachen B\u00e4dern mit eiskaltem Quellwasser besteht. Es ist wissenschaftlich erwiesen, dass Kneipp gegen Stress, Herzprobleme und Rheuma helfen kann.  <\/span><\/p><p><span style=\"font-weight: 400;\">Ansicht <\/span><a href=\"https:\/\/saas-fee.com\/en\/activities\/hiking\/\">\n  <span style=\"font-weight: 400;\">die Wanderroute<\/span>\n<\/a><span style=\"font-weight: 400;\"> die dieses Wellness-Angebot begleitet. <\/span>  <\/p>\t\t\t\t\t<\/div>\n\t\t\t\t\t\t<\/div>\n\t\t\t\t<\/div>\n\t\t\t\t<div class=\"elementor-element elementor-element-c596ce9 elementor-widget elementor-widget-heading\" data-id=\"c596ce9\" data-element_type=\"widget\" data-widget_type=\"heading.default\">\n\t\t\t\t<div class=\"elementor-widget-container\">\n\t\t\t<h3 class=\"elementor-heading-title elementor-size-default\">Brigerbad Saas-Fee\n<\/h3>\t\t<\/div>\n\t\t\t\t<\/div>\n\t\t\t\t<div class=\"elementor-element elementor-element-73d2fa6 elementor-widget elementor-widget-text-editor\" data-id=\"73d2fa6\" data-element_type=\"widget\" data-widget_type=\"text-editor.default\">\n\t\t\t\t<div class=\"elementor-widget-container\">\n\t\t\t\t\t\t\t\t<div class=\"elementor-text-editor elementor-clearfix\">\n\t\t\t\t<p><span style=\"font-weight: 400;\">Finden Sie Ihre Ruhe bei einem Besuch in <\/span><a href=\"https:\/\/thermalbad-wallis.ch\/en\/therme\/\">\n  <span style=\"font-weight: 400;\">Brigerbad<\/span>\n<\/a><span style=\"font-weight: 400;\">. In diesem Wellness-Resort gibt es viele M\u00f6glichkeiten zur Entspannung. Hier k\u00f6nnen Sie sowohl drinnen als auch drau\u00dfen in beheizten Becken schwimmen. Dar\u00fcber hinaus befinden sich im Inneren mehrere Dampfb\u00e4der und Grotten. Informieren Sie sich im Tagesplan von Brigerbad, wann und wo Zucker- oder Salzpeeling angeboten wird. Auch die Holz-Salzstein- und Biosauna sind einen Besuch wert.  <\/span><\/p><p><span style=\"font-weight: 400;\">Der Briger Pool ist ideal f\u00fcr Kinder!<\/span><\/p>\t\t\t\t\t<\/div>\n\t\t\t\t\t\t<\/div>\n\t\t\t\t<\/div>\n\t\t\t\t<div class=\"elementor-element elementor-element-bc114cd elementor-widget elementor-widget-heading\" data-id=\"bc114cd\" data-element_type=\"widget\" data-widget_type=\"heading.default\">\n\t\t\t\t<div class=\"elementor-widget-container\">\n\t\t\t<h3 class=\"elementor-heading-title elementor-size-default\">Wellness Hotel Schweizerhof Saas-Fee\n<\/h3>\t\t<\/div>\n\t\t\t\t<\/div>\n\t\t\t\t<div class=\"elementor-element elementor-element-964bedc elementor-widget elementor-widget-text-editor\" data-id=\"964bedc\" data-element_type=\"widget\" data-widget_type=\"text-editor.default\">\n\t\t\t\t<div class=\"elementor-widget-container\">\n\t\t\t\t\t\t\t\t<div class=\"elementor-text-editor elementor-clearfix\">\n\t\t\t\t<p><span style=\"font-weight: 400;\">Im Wellnessbereich <\/span><a href=\"https:\/\/www.schweizerhof-saasfee.ch\/en\/wellness\">\n  <span style=\"font-weight: 400;\">Die Welle<\/span>\n<\/a><span style=\"font-weight: 400;\">  des Hotels Schweizerhof k\u00f6nnen Sie sich perfekt entspannen. Auf einer Fl\u00e4che von 1.000 Quadratmetern gibt es ein Sprudel-, Dampf- und Schwimmbecken, Gletscherblick und eine Panoramasauna. Dar\u00fcber hinaus k\u00f6nnen Sie im Restaurant dieses Ortes k\u00f6stliche internationale und Schweizer Gerichte genie\u00dfen.  <\/span><\/p>\t\t\t\t\t<\/div>\n\t\t\t\t\t\t<\/div>\n\t\t\t\t<\/div>\n\t\t\t\t<div class=\"elementor-element elementor-element-714c657 elementor-widget elementor-widget-image\" data-id=\"714c657\" data-element_type=\"widget\" data-widget_type=\"image.default\">\n\t\t\t\t<div class=\"elementor-widget-container\">\n\t\t\t\t\t\t\t\t<div class=\"elementor-image\">\n\t\t\t\t\t\t\t\t\t\t\t\t<img decoding=\"async\" width=\"640\" height=\"427\" src=\"https:\/\/saas-fee.com\/wp-content\/uploads\/2023\/01\/camille-brodard-VxAwTeiqDao-unsplash.jpg\" class=\"attachment-large size-large wp-image-3297\" alt=\"\" srcset=\"https:\/\/saas-fee.com\/wp-content\/uploads\/2023\/01\/camille-brodard-VxAwTeiqDao-unsplash.jpg 640w, https:\/\/saas-fee.com\/wp-content\/uploads\/2023\/01\/camille-brodard-VxAwTeiqDao-unsplash-300x200.jpg 300w\" sizes=\"(max-width: 640px) 100vw, 640px\" \/>\t\t\t\t\t\t\t\t\t\t\t\t\t\t<\/div>\n\t\t\t\t\t\t<\/div>\n\t\t\t\t<\/div>\n\t\t\t\t<div class=\"elementor-element elementor-element-3ea01bf elementor-widget-divider--view-line elementor-widget elementor-widget-divider\" data-id=\"3ea01bf\" data-element_type=\"widget\" data-widget_type=\"divider.default\">\n\t\t\t\t<div class=\"elementor-widget-container\">\n\t\t\t\t\t<div class=\"elementor-divider\">\n\t\t\t<span class=\"elementor-divider-separator\">\n\t\t\t\t\t\t<\/span>\n\t\t<\/div>\n\t\t\t\t<\/div>\n\t\t\t\t<\/div>\n\t\t\t\t<div class=\"elementor-element elementor-element-43a5837 elementor-widget elementor-widget-heading\" data-id=\"43a5837\" data-element_type=\"widget\" data-widget_type=\"heading.default\">\n\t\t\t\t<div class=\"elementor-widget-container\">\n\t\t\t<h2 class=\"elementor-heading-title elementor-size-default\">Unterkunft in Saas-Fee\n<\/h2>\t\t<\/div>\n\t\t\t\t<\/div>\n\t\t\t\t<div class=\"elementor-element elementor-element-a7794d2 elementor-widget elementor-widget-text-editor\" data-id=\"a7794d2\" data-element_type=\"widget\" data-widget_type=\"text-editor.default\">\n\t\t\t\t<div class=\"elementor-widget-container\">\n\t\t\t\t\t\t\t\t<div class=\"elementor-text-editor elementor-clearfix\">\n\t\t\t\t<p><span style=\"font-weight: 400;\">M\u00f6chten Sie in einem Schweizer Dorf wohnen? Dann schauen Sie sich unser  <\/span><span style=\"font-weight: 400;\">Luxus-Aufenthalt in Saas-Fee<\/span><span style=\"font-weight: 400;\">. <\/span>  <\/p>\n<p><span style=\"font-weight: 400;\">Ein Schloss-Penthouse, in dem Sie nach einem wunderbaren Wellness-Tag nach Hause kommen und sich wohlf\u00fchlen k\u00f6nnen. Entspannen Sie sich und nutzen Sie die Sauna oder den Whirlpool, die Ihnen zur Verf\u00fcgung stehen. Es gibt genug Platz f\u00fcr Paare, kleine Gruppen und eine Familie.  <\/span><\/p>\n\t\t\t\t\t<\/div>\n\t\t\t\t\t\t<\/div>\n\t\t\t\t<\/div>\n\t\t\t\t\t\t<\/div>\n\t\t\t\t\t<\/div>\n\t\t<\/div>\n\t\t\t\t<div class=\"elementor-column elementor-col-33 elementor-top-column elementor-element elementor-element-7d51094\" data-id=\"7d51094\" data-element_type=\"column\">\n\t\t\t<div class=\"elementor-column-wrap elementor-element-populated\">\n\t\t\t\t\t\t\t<div class=\"elementor-widget-wrap\">\n\t\t\t\t\t\t<div class=\"elementor-element elementor-element-8dca8ca elementor-cta--skin-classic elementor-animated-content elementor-widget elementor-widget-global elementor-global-3484 elementor-global-3188 elementor-widget-call-to-action\" data-id=\"8dca8ca\" data-element_type=\"widget\" data-settings=\"{&quot;sticky&quot;:&quot;top&quot;,&quot;sticky_offset&quot;:120,&quot;sticky_on&quot;:[&quot;desktop&quot;,&quot;tablet&quot;,&quot;mobile&quot;],&quot;sticky_effects_offset&quot;:0}\" data-widget_type=\"call-to-action.default\">\n\t\t\t\t<div class=\"elementor-widget-container\">\n\t\t\t\t\t<a class=\"elementor-cta\" href=\"https:\/\/saas-fee.com\/overnight\/reservations\/\">\n\t\t\t\t\t<div class=\"elementor-cta__bg-wrapper\">\n\t\t\t\t<div class=\"elementor-cta__bg elementor-bg\" style=\"background-image: url(https:\/\/saas-fee.com\/wp-content\/uploads\/2022\/07\/10_DSC06563_Chateau-A-41_March-2022_interiors_Puzzle-Media-1024x683.jpg);\"><\/div>\n\t\t\t\t<div class=\"elementor-cta__bg-overlay\"><\/div>\n\t\t\t<\/div>\n\t\t\t\t\t\t\t<div class=\"elementor-cta__content\">\n\t\t\t\t\n\t\t\t\t<span class=\"elementor-cta__title elementor-cta__content-item elementor-content-item\">Suchen Sie nach einer einzigartigen \u00dcbernachtung in Saas-Fee?<\/span>\n\t\t\t\t\n\t\t\t\t\t\t\t\t\t<div class=\"elementor-cta__button-wrapper elementor-cta__content-item elementor-content-item \">\n\t\t\t\t\t<span class=\"elementor-cta__button elementor-button elementor-size-sm\">\n\t\t\t\t\t\tJetzt buchen\t\t\t\t\t<\/span>\n\t\t\t\t\t<\/div>\n\t\t\t\t\t\t\t<\/div>\n\t\t\t\t\t\t<\/a>\n\t\t\t\t<\/div>\n\t\t\t\t<\/div>\n\t\t\t\t\t\t<\/div>\n\t\t\t\t\t<\/div>\n\t\t<\/div>\n\t\t\t\t\t\t\t\t<\/div>\n\t\t\t\t\t<\/div>\n\t\t<\/section>\n\t\t\t\t\t\t\t\t\t<\/div>\n\t\t\t<\/div>\n\t\t\t\t\t<\/div>\n\t\t","protected":false},"excerpt":{"rendered":"<p>Wellness in Saas-Fee Ein Wintersporturlaub kann ganz sch\u00f6n anstrengend sein, und dann ist es immer sch\u00f6n, sich einen Tag lang entspannen zu k\u00f6nnen. Im sch\u00f6nen Schweizer Dorf Saas-Fee gibt es viele Wellness-M\u00f6glichkeiten. M\u00f6chten Sie einen Tag lang Skifahren, Snowboarden oder Wandern? Wir haben die besten Pools, Spas und andere luxuri\u00f6se M\u00f6glichkeiten zum Entspannen in Saas-Fee [&hellip;]<\/p>\n","protected":false},"author":2,"featured_media":0,"parent":3482,"menu_order":7,"comment_status":"closed","ping_status":"closed","template":"elementor_theme","meta":{"inline_featured_image":false},"yoast_head":"<!-- This site is optimized with the Yoast SEO plugin v19.14 - https:\/\/yoast.com\/wordpress\/plugins\/seo\/ -->\n<title>Spa &amp; Wellness - Saas-Fee<\/title>\n<meta name=\"robots\" content=\"index, follow, max-snippet:-1, max-image-preview:large, max-video-preview:-1\" \/>\n<link rel=\"canonical\" href=\"https:\/\/saas-fee.com\/de\/entspannung\/spa-wellness\/\" \/>\n<meta property=\"og:locale\" content=\"de_DE\" \/>\n<meta property=\"og:type\" content=\"article\" \/>\n<meta property=\"og:title\" content=\"Spa &amp; Wellness - Saas-Fee\" \/>\n<meta property=\"og:description\" content=\"Wellness in Saas-Fee Ein Wintersporturlaub kann ganz sch\u00f6n anstrengend sein, und dann ist es immer sch\u00f6n, sich einen Tag lang entspannen zu k\u00f6nnen. Im sch\u00f6nen Schweizer Dorf Saas-Fee gibt es viele Wellness-M\u00f6glichkeiten. M\u00f6chten Sie einen Tag lang Skifahren, Snowboarden oder Wandern? Wir haben die besten Pools, Spas und andere luxuri\u00f6se M\u00f6glichkeiten zum Entspannen in Saas-Fee [&hellip;]\" \/>\n<meta property=\"og:url\" content=\"https:\/\/saas-fee.com\/de\/entspannung\/spa-wellness\/\" \/>\n<meta property=\"og:site_name\" content=\"Saas-Fee\" \/>\n<meta property=\"article:modified_time\" content=\"2023-01-19T13:42:42+00:00\" \/>\n<meta property=\"og:image\" content=\"https:\/\/saas-fee.com\/wp-content\/uploads\/2022\/08\/toomas-tartes-Yizrl9N_eDA-unsplash-768x512.jpg\" \/>\n<meta name=\"twitter:card\" content=\"summary_large_image\" \/>\n<meta name=\"twitter:label1\" content=\"Gesch\u00e4tzte Lesezeit\" \/>\n\t<meta name=\"twitter:data1\" content=\"2\u00a0Minuten\" \/>\n<script type=\"application\/ld+json\" class=\"yoast-schema-graph\">{\"@context\":\"https:\/\/schema.org\",\"@graph\":[{\"@type\":\"WebPage\",\"@id\":\"https:\/\/saas-fee.com\/de\/entspannung\/spa-wellness\/\",\"url\":\"https:\/\/saas-fee.com\/de\/entspannung\/spa-wellness\/\",\"name\":\"Spa &amp; Wellness - Saas-Fee\",\"isPartOf\":{\"@id\":\"https:\/\/saas-fee.com\/de\/#website\"},\"datePublished\":\"2023-01-19T13:42:20+00:00\",\"dateModified\":\"2023-01-19T13:42:42+00:00\",\"breadcrumb\":{\"@id\":\"https:\/\/saas-fee.com\/de\/entspannung\/spa-wellness\/#breadcrumb\"},\"inLanguage\":\"de\",\"potentialAction\":[{\"@type\":\"ReadAction\",\"target\":[\"https:\/\/saas-fee.com\/de\/entspannung\/spa-wellness\/\"]}]},{\"@type\":\"BreadcrumbList\",\"@id\":\"https:\/\/saas-fee.com\/de\/entspannung\/spa-wellness\/#breadcrumb\",\"itemListElement\":[{\"@type\":\"ListItem\",\"position\":1,\"name\":\"Home\",\"item\":\"https:\/\/saas-fee.com\/de\/homepage\/\"},{\"@type\":\"ListItem\",\"position\":2,\"name\":\"Spa &amp; Wellness\"}]},{\"@type\":\"WebSite\",\"@id\":\"https:\/\/saas-fee.com\/de\/#website\",\"url\":\"https:\/\/saas-fee.com\/de\/\",\"name\":\"Saas-Fee\",\"description\":\"Huur een chalet in Saas-Fee, de parel van de Alpen\",\"publisher\":{\"@id\":\"https:\/\/saas-fee.com\/de\/#organization\"},\"potentialAction\":[{\"@type\":\"SearchAction\",\"target\":{\"@type\":\"EntryPoint\",\"urlTemplate\":\"https:\/\/saas-fee.com\/de\/?s={search_term_string}\"},\"query-input\":\"required name=search_term_string\"}],\"inLanguage\":\"de\"},{\"@type\":\"Organization\",\"@id\":\"https:\/\/saas-fee.com\/de\/#organization\",\"name\":\"Saas-Fee\",\"url\":\"https:\/\/saas-fee.com\/de\/\",\"logo\":{\"@type\":\"ImageObject\",\"inLanguage\":\"de\",\"@id\":\"https:\/\/saas-fee.com\/de\/#\/schema\/logo\/image\/\",\"url\":\"https:\/\/saas-fee.com\/wp-content\/uploads\/2022\/08\/Saas-Fee-logo-tijdelijk.svg\",\"contentUrl\":\"https:\/\/saas-fee.com\/wp-content\/uploads\/2022\/08\/Saas-Fee-logo-tijdelijk.svg\",\"width\":137,\"height\":26,\"caption\":\"Saas-Fee\"},\"image\":{\"@id\":\"https:\/\/saas-fee.com\/de\/#\/schema\/logo\/image\/\"}}]}<\/script>\n<!-- \/ Yoast SEO plugin. -->","yoast_head_json":{"title":"Spa &amp; Wellness - Saas-Fee","robots":{"index":"index","follow":"follow","max-snippet":"max-snippet:-1","max-image-preview":"max-image-preview:large","max-video-preview":"max-video-preview:-1"},"canonical":"https:\/\/saas-fee.com\/de\/entspannung\/spa-wellness\/","og_locale":"de_DE","og_type":"article","og_title":"Spa &amp; Wellness - Saas-Fee","og_description":"Wellness in Saas-Fee Ein Wintersporturlaub kann ganz sch\u00f6n anstrengend sein, und dann ist es immer sch\u00f6n, sich einen Tag lang entspannen zu k\u00f6nnen. Im sch\u00f6nen Schweizer Dorf Saas-Fee gibt es viele Wellness-M\u00f6glichkeiten. M\u00f6chten Sie einen Tag lang Skifahren, Snowboarden oder Wandern? Wir haben die besten Pools, Spas und andere luxuri\u00f6se M\u00f6glichkeiten zum Entspannen in Saas-Fee [&hellip;]","og_url":"https:\/\/saas-fee.com\/de\/entspannung\/spa-wellness\/","og_site_name":"Saas-Fee","article_modified_time":"2023-01-19T13:42:42+00:00","og_image":[{"url":"https:\/\/saas-fee.com\/wp-content\/uploads\/2022\/08\/toomas-tartes-Yizrl9N_eDA-unsplash-768x512.jpg"}],"twitter_card":"summary_large_image","twitter_misc":{"Gesch\u00e4tzte Lesezeit":"2\u00a0Minuten"},"schema":{"@context":"https:\/\/schema.org","@graph":[{"@type":"WebPage","@id":"https:\/\/saas-fee.com\/de\/entspannung\/spa-wellness\/","url":"https:\/\/saas-fee.com\/de\/entspannung\/spa-wellness\/","name":"Spa &amp; Wellness - Saas-Fee","isPartOf":{"@id":"https:\/\/saas-fee.com\/de\/#website"},"datePublished":"2023-01-19T13:42:20+00:00","dateModified":"2023-01-19T13:42:42+00:00","breadcrumb":{"@id":"https:\/\/saas-fee.com\/de\/entspannung\/spa-wellness\/#breadcrumb"},"inLanguage":"de","potentialAction":[{"@type":"ReadAction","target":["https:\/\/saas-fee.com\/de\/entspannung\/spa-wellness\/"]}]},{"@type":"BreadcrumbList","@id":"https:\/\/saas-fee.com\/de\/entspannung\/spa-wellness\/#breadcrumb","itemListElement":[{"@type":"ListItem","position":1,"name":"Home","item":"https:\/\/saas-fee.com\/de\/homepage\/"},{"@type":"ListItem","position":2,"name":"Spa &amp; Wellness"}]},{"@type":"WebSite","@id":"https:\/\/saas-fee.com\/de\/#website","url":"https:\/\/saas-fee.com\/de\/","name":"Saas-Fee","description":"Huur een chalet in Saas-Fee, de parel van de Alpen","publisher":{"@id":"https:\/\/saas-fee.com\/de\/#organization"},"potentialAction":[{"@type":"SearchAction","target":{"@type":"EntryPoint","urlTemplate":"https:\/\/saas-fee.com\/de\/?s={search_term_string}"},"query-input":"required name=search_term_string"}],"inLanguage":"de"},{"@type":"Organization","@id":"https:\/\/saas-fee.com\/de\/#organization","name":"Saas-Fee","url":"https:\/\/saas-fee.com\/de\/","logo":{"@type":"ImageObject","inLanguage":"de","@id":"https:\/\/saas-fee.com\/de\/#\/schema\/logo\/image\/","url":"https:\/\/saas-fee.com\/wp-content\/uploads\/2022\/08\/Saas-Fee-logo-tijdelijk.svg","contentUrl":"https:\/\/saas-fee.com\/wp-content\/uploads\/2022\/08\/Saas-Fee-logo-tijdelijk.svg","width":137,"height":26,"caption":"Saas-Fee"},"image":{"@id":"https:\/\/saas-fee.com\/de\/#\/schema\/logo\/image\/"}}]}},"_links":{"self":[{"href":"https:\/\/saas-fee.com\/de\/wp-json\/wp\/v2\/pages\/3445"}],"collection":[{"href":"https:\/\/saas-fee.com\/de\/wp-json\/wp\/v2\/pages"}],"about":[{"href":"https:\/\/saas-fee.com\/de\/wp-json\/wp\/v2\/types\/page"}],"author":[{"embeddable":true,"href":"https:\/\/saas-fee.com\/de\/wp-json\/wp\/v2\/users\/2"}],"replies":[{"embeddable":true,"href":"https:\/\/saas-fee.com\/de\/wp-json\/wp\/v2\/comments?post=3445"}],"version-history":[{"count":3,"href":"https:\/\/saas-fee.com\/de\/wp-json\/wp\/v2\/pages\/3445\/revisions"}],"predecessor-version":[{"id":3473,"href":"https:\/\/saas-fee.com\/de\/wp-json\/wp\/v2\/pages\/3445\/revisions\/3473"}],"up":[{"embeddable":true,"href":"https:\/\/saas-fee.com\/de\/wp-json\/wp\/v2\/pages\/3482"}],"wp:attachment":[{"href":"https:\/\/saas-fee.com\/de\/wp-json\/wp\/v2\/media?parent=3445"}],"curies":[{"name":"wp","href":"https:\/\/api.w.org\/{rel}","templated":true}]}}