{"id":3479,"date":"2023-01-19T15:42:53","date_gmt":"2023-01-19T13:42:53","guid":{"rendered":"https:\/\/saas-fee.com\/aktivitaten\/eisstockschiesen\/"},"modified":"2023-01-19T15:43:16","modified_gmt":"2023-01-19T13:43:16","slug":"eisstockschiesen","status":"publish","type":"page","link":"https:\/\/saas-fee.com\/de\/aktivitaten\/eisstockschiesen\/","title":{"rendered":"Eisstockschie\u00dfen"},"content":{"rendered":"\t\t<div data-elementor-type=\"wp-post\" data-elementor-id=\"3479\" class=\"elementor elementor-3479 elementor-2858\">\n\t\t\t\t\t\t<div class=\"elementor-inner\">\n\t\t\t\t<div class=\"elementor-section-wrap\">\n\t\t\t\t\t\t\t\t\t<section class=\"elementor-section elementor-top-section elementor-element elementor-element-d2381ea elementor-section-height-min-height elementor-section-items-bottom elementor-section-boxed elementor-section-height-default\" data-id=\"d2381ea\" data-element_type=\"section\" data-settings=\"{&quot;background_background&quot;:&quot;classic&quot;}\">\n\t\t\t\t\t\t\t<div class=\"elementor-background-overlay\"><\/div>\n\t\t\t\t\t\t\t<div class=\"elementor-container elementor-column-gap-default\">\n\t\t\t\t\t\t\t<div class=\"elementor-row\">\n\t\t\t\t\t<div class=\"elementor-column elementor-col-100 elementor-top-column elementor-element elementor-element-fdc56de\" data-id=\"fdc56de\" data-element_type=\"column\">\n\t\t\t<div class=\"elementor-column-wrap elementor-element-populated\">\n\t\t\t\t\t\t\t<div class=\"elementor-widget-wrap\">\n\t\t\t\t\t\t<div class=\"elementor-element elementor-element-a3f1579 elementor-widget elementor-widget-heading\" data-id=\"a3f1579\" data-element_type=\"widget\" data-widget_type=\"heading.default\">\n\t\t\t\t<div class=\"elementor-widget-container\">\n\t\t\t<h1 class=\"elementor-heading-title elementor-size-default\">Curling in Saas-Fee<\/h1>\t\t<\/div>\n\t\t\t\t<\/div>\n\t\t\t\t<div class=\"elementor-element elementor-element-6ae417f elementor-widget elementor-widget-breadcrumbs\" data-id=\"6ae417f\" data-element_type=\"widget\" data-widget_type=\"breadcrumbs.default\">\n\t\t\t\t<div class=\"elementor-widget-container\">\n\t\t\t<nav id=\"breadcrumbs\"><span><span><a href=\"https:\/\/saas-fee.com\/de\/homepage\/\">Home<\/a><\/span><\/span><\/nav>\t\t<\/div>\n\t\t\t\t<\/div>\n\t\t\t\t\t\t<\/div>\n\t\t\t\t\t<\/div>\n\t\t<\/div>\n\t\t\t\t\t\t\t\t<\/div>\n\t\t\t\t\t<\/div>\n\t\t<\/section>\n\t\t\t\t<section class=\"elementor-section elementor-top-section elementor-element elementor-element-f1e5e1b elementor-section-boxed elementor-section-height-default elementor-section-height-default\" data-id=\"f1e5e1b\" data-element_type=\"section\">\n\t\t\t\t\t\t<div class=\"elementor-container elementor-column-gap-default\">\n\t\t\t\t\t\t\t<div class=\"elementor-row\">\n\t\t\t\t\t<div class=\"elementor-column elementor-col-66 elementor-top-column elementor-element elementor-element-2b74201\" data-id=\"2b74201\" data-element_type=\"column\">\n\t\t\t<div class=\"elementor-column-wrap elementor-element-populated\">\n\t\t\t\t\t\t\t<div class=\"elementor-widget-wrap\">\n\t\t\t\t\t\t<div class=\"elementor-element elementor-element-7970b7f elementor-widget elementor-widget-text-editor\" data-id=\"7970b7f\" data-element_type=\"widget\" data-widget_type=\"text-editor.default\">\n\t\t\t\t<div class=\"elementor-widget-container\">\n\t\t\t\t\t\t\t\t<div class=\"elementor-text-editor elementor-clearfix\">\n\t\t\t\t<p><span style=\"font-weight: 400;\">Der Sport, bei dem es um Pr\u00e4zision, Kommunikation und Zusammenarbeit geht: <\/span><i>\n  <span style=\"font-weight: 400;\">Eisstockschie\u00dfen<\/span>\n<\/i><span style=\"font-weight: 400;\">. In Kanada ist es der Volkssport, aber die Niederl\u00e4nder sind noch nicht sehr vertraut mit Curling.  <\/span><\/p><p><span style=\"font-weight: 400;\">F\u00fcr unerfahrene Spieler ist es ein unterhaltsames und zug\u00e4ngliches Spiel. F\u00fcr den ge\u00fcbten Spieler ist es Spitzensport. Ein idealer Sport f\u00fcr jedermann, der ein L\u00e4cheln auf Ihr Gesicht zaubert. Es ist die perfekte Aktivit\u00e4t, die man in Saas-Fee unternehmen kann.  <\/span><\/p>\t\t\t\t\t<\/div>\n\t\t\t\t\t\t<\/div>\n\t\t\t\t<\/div>\n\t\t\t\t<div class=\"elementor-element elementor-element-780670a elementor-toc--minimized-on-tablet elementor-widget elementor-widget-table-of-contents\" data-id=\"780670a\" data-element_type=\"widget\" data-settings=\"{&quot;exclude_headings_by_selector&quot;:[],&quot;headings_by_tags&quot;:[&quot;h2&quot;,&quot;h3&quot;,&quot;h4&quot;,&quot;h5&quot;,&quot;h6&quot;],&quot;marker_view&quot;:&quot;numbers&quot;,&quot;minimize_box&quot;:&quot;yes&quot;,&quot;minimized_on&quot;:&quot;tablet&quot;,&quot;hierarchical_view&quot;:&quot;yes&quot;,&quot;min_height&quot;:{&quot;unit&quot;:&quot;px&quot;,&quot;size&quot;:&quot;&quot;,&quot;sizes&quot;:[]},&quot;min_height_tablet&quot;:{&quot;unit&quot;:&quot;px&quot;,&quot;size&quot;:&quot;&quot;,&quot;sizes&quot;:[]},&quot;min_height_mobile&quot;:{&quot;unit&quot;:&quot;px&quot;,&quot;size&quot;:&quot;&quot;,&quot;sizes&quot;:[]}}\" data-widget_type=\"table-of-contents.default\">\n\t\t\t\t<div class=\"elementor-widget-container\">\n\t\t\t\t\t<div class=\"elementor-toc__header\">\n\t\t\t<h4 class=\"elementor-toc__header-title\">\n\t\t\t\tInhalts\u00fcbersicht\t\t\t<\/h4>\n\t\t\t\t\t\t\t<div class=\"elementor-toc__toggle-button elementor-toc__toggle-button--expand\"><i class=\"fas fa-chevron-down\"><\/i><\/div>\n\t\t\t\t<div class=\"elementor-toc__toggle-button elementor-toc__toggle-button--collapse\"><i class=\"fas fa-chevron-up\"><\/i><\/div>\n\t\t\t\t\t<\/div>\n\t\t<div class=\"elementor-toc__body\">\n\t\t\t<div class=\"elementor-toc__spinner-container\">\n\t\t\t\t<i class=\"elementor-toc__spinner eicon-animation-spin eicon-loading\" aria-hidden=\"true\"><\/i>\t\t\t<\/div>\n\t\t<\/div>\n\t\t\t\t<\/div>\n\t\t\t\t<\/div>\n\t\t\t\t<div class=\"elementor-element elementor-element-3e9cefb elementor-widget elementor-widget-image\" data-id=\"3e9cefb\" data-element_type=\"widget\" data-widget_type=\"image.default\">\n\t\t\t\t<div class=\"elementor-widget-container\">\n\t\t\t\t\t\t\t\t<div class=\"elementor-image\">\n\t\t\t\t\t\t\t\t\t\t\t\t<img decoding=\"async\" width=\"800\" height=\"534\" src=\"https:\/\/saas-fee.com\/wp-content\/uploads\/2022\/08\/matthew-fassnacht-Nmm0_qAi8bo-unsplash-1-1024x683.jpg\" class=\"attachment-large size-large wp-image-2583\" alt=\"\" srcset=\"https:\/\/saas-fee.com\/wp-content\/uploads\/2022\/08\/matthew-fassnacht-Nmm0_qAi8bo-unsplash-1-1024x683.jpg 1024w, https:\/\/saas-fee.com\/wp-content\/uploads\/2022\/08\/matthew-fassnacht-Nmm0_qAi8bo-unsplash-1-300x200.jpg 300w, https:\/\/saas-fee.com\/wp-content\/uploads\/2022\/08\/matthew-fassnacht-Nmm0_qAi8bo-unsplash-1-768x512.jpg 768w, https:\/\/saas-fee.com\/wp-content\/uploads\/2022\/08\/matthew-fassnacht-Nmm0_qAi8bo-unsplash-1-1536x1024.jpg 1536w, https:\/\/saas-fee.com\/wp-content\/uploads\/2022\/08\/matthew-fassnacht-Nmm0_qAi8bo-unsplash-1-2048x1365.jpg 2048w\" sizes=\"(max-width: 800px) 100vw, 800px\" \/>\t\t\t\t\t\t\t\t\t\t\t\t\t\t<\/div>\n\t\t\t\t\t\t<\/div>\n\t\t\t\t<\/div>\n\t\t\t\t<div class=\"elementor-element elementor-element-fe94acf elementor-widget-divider--view-line elementor-widget elementor-widget-divider\" data-id=\"fe94acf\" data-element_type=\"widget\" data-widget_type=\"divider.default\">\n\t\t\t\t<div class=\"elementor-widget-container\">\n\t\t\t\t\t<div class=\"elementor-divider\">\n\t\t\t<span class=\"elementor-divider-separator\">\n\t\t\t\t\t\t<\/span>\n\t\t<\/div>\n\t\t\t\t<\/div>\n\t\t\t\t<\/div>\n\t\t\t\t<div class=\"elementor-element elementor-element-2f897a1 elementor-widget elementor-widget-heading\" data-id=\"2f897a1\" data-element_type=\"widget\" data-widget_type=\"heading.default\">\n\t\t\t\t<div class=\"elementor-widget-container\">\n\t\t\t<h2 class=\"elementor-heading-title elementor-size-default\">Curling Club Saas-Fee<\/h2>\t\t<\/div>\n\t\t\t\t<\/div>\n\t\t\t\t<div class=\"elementor-element elementor-element-1622dcc elementor-widget elementor-widget-text-editor\" data-id=\"1622dcc\" data-element_type=\"widget\" data-widget_type=\"text-editor.default\">\n\t\t\t\t<div class=\"elementor-widget-container\">\n\t\t\t\t\t\t\t\t<div class=\"elementor-text-editor elementor-clearfix\">\n\t\t\t\t<p><span style=\"font-weight: 400;\">In Saas-Fee spielen Sie Curling auf einer Natureisbahn: <\/span><a href=\"https:\/\/www.skischule-saas-fee.ch\/sommer\/sportplatz.html\">\n  <span style=\"font-weight: 400;\">Sportplatz Kalbermatten<\/span>\n<\/a><span style=\"font-weight: 400;\">. Es ist eine Tradition in der Region, dass sie das Eisspiel spielen. Ein paar Stunden auf dem Eis zu verbringen ist eine der \u00e4ltesten Arten, den Winter zu genie\u00dfen. Jede Menge Spa\u00df garantiert! Neben viel Spa\u00df versprechen wir, dass der Gl\u00fchwein oder Apfelpunsch nach dem Spiel besser schmecken wird als je zuvor.  <\/span><\/p><p><span style=\"font-weight: 400;\">Im Curlingclub kann ein fortgeschrittener Spieler der Organisation Erkl\u00e4rungen auf Englisch, Deutsch oder Franz\u00f6sisch geben. Willst du dich besonders gut auf das Spiel vorbereiten? Dann lesen Sie hier die Grundregeln des Curlings  <\/span><\/p>\t\t\t\t\t<\/div>\n\t\t\t\t\t\t<\/div>\n\t\t\t\t<\/div>\n\t\t\t\t<div class=\"elementor-element elementor-element-2d500a1 elementor-widget elementor-widget-heading\" data-id=\"2d500a1\" data-element_type=\"widget\" data-widget_type=\"heading.default\">\n\t\t\t\t<div class=\"elementor-widget-container\">\n\t\t\t<h3 class=\"elementor-heading-title elementor-size-default\">Curling Grundregeln<\/h3>\t\t<\/div>\n\t\t\t\t<\/div>\n\t\t\t\t<div class=\"elementor-element elementor-element-8a432ef elementor-widget elementor-widget-text-editor\" data-id=\"8a432ef\" data-element_type=\"widget\" data-widget_type=\"text-editor.default\">\n\t\t\t\t<div class=\"elementor-widget-container\">\n\t\t\t\t\t\t\t\t<div class=\"elementor-text-editor elementor-clearfix\">\n\t\t\t\t<p><span style=\"font-weight: 400;\">Das Spiel wird auf einem 45,72 Meter langen und bis zu 5 Meter breiten Spielfeld ausgetragen. Es gibt zwei Teams mit je vier Spielern, die auf dem Parcours gegeneinander antreten. Es ist wichtig, dass Sie gut mit Ihren Mitspielern zusammenarbeiten &#8211; schlie\u00dflich handelt es sich um ein Pr\u00e4zisionsspiel. Es kann sein, dass ein Team einen Beitrag zum Wurf leistet, der den Ausgang des Spiels beeinflusst.  <\/span><\/p>\n<p><span style=\"font-weight: 400;\">Jedes Team hat acht runde Granitsteine zur Verf\u00fcgung, die sich in der Farbe vom anderen Team unterscheiden. Abwechselnd wird ein Spieler aus einer der beiden Mannschaften spielen. Beim Wurf muss darauf geachtet werden, dass die Steine gleiten. Wenn ein Stein umkippt oder die Seiten- oder R\u00fcckenlinie des Spielfeldes ber\u00fchrt, wird der Wurf nicht gewertet. Es ist auch wichtig, den Stein zum richtigen Zeitpunkt freizugeben. Der Stein muss jenseits eines Punktes auf dem Spielfeld (hog-line) landen und vor der hinteren Linie (backline) enden. Die geworfenen Steine d\u00fcrfen auf dem Spielfeld bleiben, sie k\u00f6nnen von anderen Spielern abgeprallt werden. Am Ende des Spiels, wenn jeder Spieler zwei Steine geworfen hat, wird das Ergebnis anhand der Steine ermittelt, die dem zentralen Tor am n\u00e4chsten sind.  <\/span><\/p>\n\t\t\t\t\t<\/div>\n\t\t\t\t\t\t<\/div>\n\t\t\t\t<\/div>\n\t\t\t\t<div class=\"elementor-element elementor-element-43a5837 elementor-widget elementor-widget-heading\" data-id=\"43a5837\" data-element_type=\"widget\" data-widget_type=\"heading.default\">\n\t\t\t\t<div class=\"elementor-widget-container\">\n\t\t\t<h3 class=\"elementor-heading-title elementor-size-default\">Preise Curling<\/h3>\t\t<\/div>\n\t\t\t\t<\/div>\n\t\t\t\t<div class=\"elementor-element elementor-element-a7794d2 elementor-widget elementor-widget-text-editor\" data-id=\"a7794d2\" data-element_type=\"widget\" data-widget_type=\"text-editor.default\">\n\t\t\t\t<div class=\"elementor-widget-container\">\n\t\t\t\t\t\t\t\t<div class=\"elementor-text-editor elementor-clearfix\">\n\t\t\t\t<p><span style=\"font-weight: 400;\">In den kalten Monaten kann in Saas-Fee Curling gespielt werden. In der Zeit von Mitte Dezember bis Ende Februar k\u00f6nnen Sie t\u00e4glich eine Eisstockbahn reservieren. F\u00fcr CHF 25.- k\u00f6nnen Sie eine Stunde lang eine Bahn reservieren, und wenn Sie eine <strong>Saastal Card<\/strong> haben, k\u00f6nnen Sie dies f\u00fcr CHF 20.- tun.<\/span><\/p>\n\t\t\t\t\t<\/div>\n\t\t\t\t\t\t<\/div>\n\t\t\t\t<\/div>\n\t\t\t\t<div class=\"elementor-element elementor-element-3ea01bf elementor-widget-divider--view-line elementor-widget elementor-widget-divider\" data-id=\"3ea01bf\" data-element_type=\"widget\" data-widget_type=\"divider.default\">\n\t\t\t\t<div class=\"elementor-widget-container\">\n\t\t\t\t\t<div class=\"elementor-divider\">\n\t\t\t<span class=\"elementor-divider-separator\">\n\t\t\t\t\t\t<\/span>\n\t\t<\/div>\n\t\t\t\t<\/div>\n\t\t\t\t<\/div>\n\t\t\t\t<div class=\"elementor-element elementor-element-2421348 elementor-widget elementor-widget-heading\" data-id=\"2421348\" data-element_type=\"widget\" data-widget_type=\"heading.default\">\n\t\t\t\t<div class=\"elementor-widget-container\">\n\t\t\t<h2 class=\"elementor-heading-title elementor-size-default\">Wo man in Saas-Fee \u00fcbernachtet<\/h2>\t\t<\/div>\n\t\t\t\t<\/div>\n\t\t\t\t<div class=\"elementor-element elementor-element-979f4e4 elementor-widget elementor-widget-text-editor\" data-id=\"979f4e4\" data-element_type=\"widget\" data-widget_type=\"text-editor.default\">\n\t\t\t\t<div class=\"elementor-widget-container\">\n\t\t\t\t\t\t\t\t<div class=\"elementor-text-editor elementor-clearfix\">\n\t\t\t\t<p><span style=\"font-weight: 400;\">Das sch\u00f6ne Skigebiet, die perfekten Eisbahnen zum Curling spielen und die schneesicheren Pisten sind nicht das Einzige, was einen unvergesslichen Urlaub in Saas-Fee garantiert. Ein guter Aufenthalt in diesem sch\u00f6nen Schweizer Dorf ist nicht komplett ohne ein luxuri\u00f6ses Schloss, in dem Sie sich nach einem langen Tag entspannen k\u00f6nnen.  <\/span><\/p>\n\t\t\t\t\t<\/div>\n\t\t\t\t\t\t<\/div>\n\t\t\t\t<\/div>\n\t\t\t\t<div class=\"elementor-element elementor-element-e05be8c elementor-widget elementor-widget-heading\" data-id=\"e05be8c\" data-element_type=\"widget\" data-widget_type=\"heading.default\">\n\t\t\t\t<div class=\"elementor-widget-container\">\n\t\t\t<h3 class=\"elementor-heading-title elementor-size-default\">Saas-Fee Chatau<\/h3>\t\t<\/div>\n\t\t\t\t<\/div>\n\t\t\t\t<div class=\"elementor-element elementor-element-62f737a elementor-widget elementor-widget-text-editor\" data-id=\"62f737a\" data-element_type=\"widget\" data-widget_type=\"text-editor.default\">\n\t\t\t\t<div class=\"elementor-widget-container\">\n\t\t\t\t\t\t\t\t<div class=\"elementor-text-editor elementor-clearfix\">\n\t\t\t\t<p><span style=\"font-weight: 400;\">Unser Schloss-Penthouse bietet umfangreiche moderne Annehmlichkeiten und einen fantastischen Blick auf das Dorf und die umliegenden Berge. Nach einem langen Tag k\u00f6nnen Sie sich hier im Wohnzimmer vor dem Kamin entspannen, im Whirlpool relaxen oder einfach aktiv bleiben und den Fitnessraum besuchen. Im Penthouse des Schlosses gibt es mehr als genug Platz f\u00fcr Paare, kleine Gruppen oder Familien.  <\/span><\/p>\n<p><span style=\"font-weight: 400;\">Suchen Sie eine Unterkunft? Dann schauen Sie sich die  <\/span><span style=\"font-weight: 400;\">Luxus-Schloss-Penthouse<\/span><span style=\"font-weight: 400;\"> mit zentraler Lage. <\/span>  <\/p>\n\t\t\t\t\t<\/div>\n\t\t\t\t\t\t<\/div>\n\t\t\t\t<\/div>\n\t\t\t\t\t\t<\/div>\n\t\t\t\t\t<\/div>\n\t\t<\/div>\n\t\t\t\t<div class=\"elementor-column elementor-col-33 elementor-top-column elementor-element elementor-element-7d51094\" data-id=\"7d51094\" data-element_type=\"column\">\n\t\t\t<div class=\"elementor-column-wrap elementor-element-populated\">\n\t\t\t\t\t\t\t<div class=\"elementor-widget-wrap\">\n\t\t\t\t\t\t<div class=\"elementor-element elementor-element-14944fd elementor-cta--skin-classic elementor-animated-content elementor-widget elementor-widget-global elementor-global-3484 elementor-global-3188 elementor-widget-call-to-action\" data-id=\"14944fd\" data-element_type=\"widget\" data-settings=\"{&quot;sticky&quot;:&quot;top&quot;,&quot;sticky_offset&quot;:120,&quot;sticky_on&quot;:[&quot;desktop&quot;,&quot;tablet&quot;,&quot;mobile&quot;],&quot;sticky_effects_offset&quot;:0}\" data-widget_type=\"call-to-action.default\">\n\t\t\t\t<div class=\"elementor-widget-container\">\n\t\t\t\t\t<a class=\"elementor-cta\" href=\"https:\/\/saas-fee.com\/overnight\/reservations\/\">\n\t\t\t\t\t<div class=\"elementor-cta__bg-wrapper\">\n\t\t\t\t<div class=\"elementor-cta__bg elementor-bg\" style=\"background-image: url(https:\/\/saas-fee.com\/wp-content\/uploads\/2022\/07\/10_DSC06563_Chateau-A-41_March-2022_interiors_Puzzle-Media-1024x683.jpg);\"><\/div>\n\t\t\t\t<div class=\"elementor-cta__bg-overlay\"><\/div>\n\t\t\t<\/div>\n\t\t\t\t\t\t\t<div class=\"elementor-cta__content\">\n\t\t\t\t\n\t\t\t\t<span class=\"elementor-cta__title elementor-cta__content-item elementor-content-item\">Suchen Sie nach einer einzigartigen \u00dcbernachtung in Saas-Fee?<\/span>\n\t\t\t\t\n\t\t\t\t\t\t\t\t\t<div class=\"elementor-cta__button-wrapper elementor-cta__content-item elementor-content-item \">\n\t\t\t\t\t<span class=\"elementor-cta__button elementor-button elementor-size-sm\">\n\t\t\t\t\t\tJetzt buchen\t\t\t\t\t<\/span>\n\t\t\t\t\t<\/div>\n\t\t\t\t\t\t\t<\/div>\n\t\t\t\t\t\t<\/a>\n\t\t\t\t<\/div>\n\t\t\t\t<\/div>\n\t\t\t\t\t\t<\/div>\n\t\t\t\t\t<\/div>\n\t\t<\/div>\n\t\t\t\t\t\t\t\t<\/div>\n\t\t\t\t\t<\/div>\n\t\t<\/section>\n\t\t\t\t\t\t\t\t\t<\/div>\n\t\t\t<\/div>\n\t\t\t\t\t<\/div>\n\t\t","protected":false},"excerpt":{"rendered":"<p>Curling in Saas-Fee Der Sport, bei dem es um Pr\u00e4zision, Kommunikation und Zusammenarbeit geht: Eisstockschie\u00dfen . In Kanada ist es der Volkssport, aber die Niederl\u00e4nder sind noch nicht sehr vertraut mit Curling. F\u00fcr unerfahrene Spieler ist es ein unterhaltsames und zug\u00e4ngliches Spiel. F\u00fcr den ge\u00fcbten Spieler ist es Spitzensport. Ein idealer Sport f\u00fcr jedermann, der [&hellip;]<\/p>\n","protected":false},"author":2,"featured_media":0,"parent":3477,"menu_order":7,"comment_status":"closed","ping_status":"closed","template":"elementor_theme","meta":{"inline_featured_image":false},"yoast_head":"<!-- This site is optimized with the Yoast SEO plugin v19.14 - https:\/\/yoast.com\/wordpress\/plugins\/seo\/ -->\n<title>Curling in Saas-Fee<\/title>\n<meta name=\"description\" content=\"Sind Sie auf der Suche nach einer lustigen Aktivit\u00e4t in Saas-Fee? Curling ist ein lustiger Sport, der f\u00fcr Jung und Alt geeignet ist. Lesen Sie hier mehr \u00fcber diesen Sport.\" \/>\n<meta name=\"robots\" content=\"index, follow, max-snippet:-1, max-image-preview:large, max-video-preview:-1\" \/>\n<link rel=\"canonical\" href=\"https:\/\/saas-fee.com\/de\/aktivitaten\/eisstockschiesen\/\" \/>\n<meta property=\"og:locale\" content=\"de_DE\" \/>\n<meta property=\"og:type\" content=\"article\" \/>\n<meta property=\"og:title\" content=\"Curling in Saas-Fee\" \/>\n<meta property=\"og:description\" content=\"Sind Sie auf der Suche nach einer lustigen Aktivit\u00e4t in Saas-Fee? Curling ist ein lustiger Sport, der f\u00fcr Jung und Alt geeignet ist. Lesen Sie hier mehr \u00fcber diesen Sport.\" \/>\n<meta property=\"og:url\" content=\"https:\/\/saas-fee.com\/de\/aktivitaten\/eisstockschiesen\/\" \/>\n<meta property=\"og:site_name\" content=\"Saas-Fee\" \/>\n<meta property=\"article:modified_time\" content=\"2023-01-19T13:43:16+00:00\" \/>\n<meta property=\"og:image\" content=\"https:\/\/saas-fee.com\/wp-content\/uploads\/2022\/08\/matthew-fassnacht-Nmm0_qAi8bo-unsplash-1-1024x683.jpg\" \/>\n<meta name=\"twitter:card\" content=\"summary_large_image\" \/>\n<meta name=\"twitter:label1\" content=\"Gesch\u00e4tzte Lesezeit\" \/>\n\t<meta name=\"twitter:data1\" content=\"3\u00a0Minuten\" \/>\n<script type=\"application\/ld+json\" class=\"yoast-schema-graph\">{\"@context\":\"https:\/\/schema.org\",\"@graph\":[{\"@type\":\"WebPage\",\"@id\":\"https:\/\/saas-fee.com\/de\/aktivitaten\/eisstockschiesen\/\",\"url\":\"https:\/\/saas-fee.com\/de\/aktivitaten\/eisstockschiesen\/\",\"name\":\"Curling in Saas-Fee\",\"isPartOf\":{\"@id\":\"https:\/\/saas-fee.com\/de\/#website\"},\"datePublished\":\"2023-01-19T13:42:53+00:00\",\"dateModified\":\"2023-01-19T13:43:16+00:00\",\"description\":\"Sind Sie auf der Suche nach einer lustigen Aktivit\u00e4t in Saas-Fee? Curling ist ein lustiger Sport, der f\u00fcr Jung und Alt geeignet ist. Lesen Sie hier mehr \u00fcber diesen Sport.\",\"breadcrumb\":{\"@id\":\"https:\/\/saas-fee.com\/de\/aktivitaten\/eisstockschiesen\/#breadcrumb\"},\"inLanguage\":\"de\",\"potentialAction\":[{\"@type\":\"ReadAction\",\"target\":[\"https:\/\/saas-fee.com\/de\/aktivitaten\/eisstockschiesen\/\"]}]},{\"@type\":\"BreadcrumbList\",\"@id\":\"https:\/\/saas-fee.com\/de\/aktivitaten\/eisstockschiesen\/#breadcrumb\",\"itemListElement\":[{\"@type\":\"ListItem\",\"position\":1,\"name\":\"Home\",\"item\":\"https:\/\/saas-fee.com\/de\/homepage\/\"},{\"@type\":\"ListItem\",\"position\":2,\"name\":\"Aktivit\u00e4ten\",\"item\":\"https:\/\/saas-fee.com\/de\/aktivitaten\/\"},{\"@type\":\"ListItem\",\"position\":3,\"name\":\"Eisstockschie\u00dfen\"}]},{\"@type\":\"WebSite\",\"@id\":\"https:\/\/saas-fee.com\/de\/#website\",\"url\":\"https:\/\/saas-fee.com\/de\/\",\"name\":\"Saas-Fee\",\"description\":\"Huur een chalet in Saas-Fee, de parel van de Alpen\",\"publisher\":{\"@id\":\"https:\/\/saas-fee.com\/de\/#organization\"},\"potentialAction\":[{\"@type\":\"SearchAction\",\"target\":{\"@type\":\"EntryPoint\",\"urlTemplate\":\"https:\/\/saas-fee.com\/de\/?s={search_term_string}\"},\"query-input\":\"required name=search_term_string\"}],\"inLanguage\":\"de\"},{\"@type\":\"Organization\",\"@id\":\"https:\/\/saas-fee.com\/de\/#organization\",\"name\":\"Saas-Fee\",\"url\":\"https:\/\/saas-fee.com\/de\/\",\"logo\":{\"@type\":\"ImageObject\",\"inLanguage\":\"de\",\"@id\":\"https:\/\/saas-fee.com\/de\/#\/schema\/logo\/image\/\",\"url\":\"https:\/\/saas-fee.com\/wp-content\/uploads\/2022\/08\/Saas-Fee-logo-tijdelijk.svg\",\"contentUrl\":\"https:\/\/saas-fee.com\/wp-content\/uploads\/2022\/08\/Saas-Fee-logo-tijdelijk.svg\",\"width\":137,\"height\":26,\"caption\":\"Saas-Fee\"},\"image\":{\"@id\":\"https:\/\/saas-fee.com\/de\/#\/schema\/logo\/image\/\"}}]}<\/script>\n<!-- \/ Yoast SEO plugin. -->","yoast_head_json":{"title":"Curling in Saas-Fee","description":"Sind Sie auf der Suche nach einer lustigen Aktivit\u00e4t in Saas-Fee? Curling ist ein lustiger Sport, der f\u00fcr Jung und Alt geeignet ist. Lesen Sie hier mehr \u00fcber diesen Sport.","robots":{"index":"index","follow":"follow","max-snippet":"max-snippet:-1","max-image-preview":"max-image-preview:large","max-video-preview":"max-video-preview:-1"},"canonical":"https:\/\/saas-fee.com\/de\/aktivitaten\/eisstockschiesen\/","og_locale":"de_DE","og_type":"article","og_title":"Curling in Saas-Fee","og_description":"Sind Sie auf der Suche nach einer lustigen Aktivit\u00e4t in Saas-Fee? Curling ist ein lustiger Sport, der f\u00fcr Jung und Alt geeignet ist. Lesen Sie hier mehr \u00fcber diesen Sport.","og_url":"https:\/\/saas-fee.com\/de\/aktivitaten\/eisstockschiesen\/","og_site_name":"Saas-Fee","article_modified_time":"2023-01-19T13:43:16+00:00","og_image":[{"url":"https:\/\/saas-fee.com\/wp-content\/uploads\/2022\/08\/matthew-fassnacht-Nmm0_qAi8bo-unsplash-1-1024x683.jpg"}],"twitter_card":"summary_large_image","twitter_misc":{"Gesch\u00e4tzte Lesezeit":"3\u00a0Minuten"},"schema":{"@context":"https:\/\/schema.org","@graph":[{"@type":"WebPage","@id":"https:\/\/saas-fee.com\/de\/aktivitaten\/eisstockschiesen\/","url":"https:\/\/saas-fee.com\/de\/aktivitaten\/eisstockschiesen\/","name":"Curling in Saas-Fee","isPartOf":{"@id":"https:\/\/saas-fee.com\/de\/#website"},"datePublished":"2023-01-19T13:42:53+00:00","dateModified":"2023-01-19T13:43:16+00:00","description":"Sind Sie auf der Suche nach einer lustigen Aktivit\u00e4t in Saas-Fee? Curling ist ein lustiger Sport, der f\u00fcr Jung und Alt geeignet ist. Lesen Sie hier mehr \u00fcber diesen Sport.","breadcrumb":{"@id":"https:\/\/saas-fee.com\/de\/aktivitaten\/eisstockschiesen\/#breadcrumb"},"inLanguage":"de","potentialAction":[{"@type":"ReadAction","target":["https:\/\/saas-fee.com\/de\/aktivitaten\/eisstockschiesen\/"]}]},{"@type":"BreadcrumbList","@id":"https:\/\/saas-fee.com\/de\/aktivitaten\/eisstockschiesen\/#breadcrumb","itemListElement":[{"@type":"ListItem","position":1,"name":"Home","item":"https:\/\/saas-fee.com\/de\/homepage\/"},{"@type":"ListItem","position":2,"name":"Aktivit\u00e4ten","item":"https:\/\/saas-fee.com\/de\/aktivitaten\/"},{"@type":"ListItem","position":3,"name":"Eisstockschie\u00dfen"}]},{"@type":"WebSite","@id":"https:\/\/saas-fee.com\/de\/#website","url":"https:\/\/saas-fee.com\/de\/","name":"Saas-Fee","description":"Huur een chalet in Saas-Fee, de parel van de Alpen","publisher":{"@id":"https:\/\/saas-fee.com\/de\/#organization"},"potentialAction":[{"@type":"SearchAction","target":{"@type":"EntryPoint","urlTemplate":"https:\/\/saas-fee.com\/de\/?s={search_term_string}"},"query-input":"required name=search_term_string"}],"inLanguage":"de"},{"@type":"Organization","@id":"https:\/\/saas-fee.com\/de\/#organization","name":"Saas-Fee","url":"https:\/\/saas-fee.com\/de\/","logo":{"@type":"ImageObject","inLanguage":"de","@id":"https:\/\/saas-fee.com\/de\/#\/schema\/logo\/image\/","url":"https:\/\/saas-fee.com\/wp-content\/uploads\/2022\/08\/Saas-Fee-logo-tijdelijk.svg","contentUrl":"https:\/\/saas-fee.com\/wp-content\/uploads\/2022\/08\/Saas-Fee-logo-tijdelijk.svg","width":137,"height":26,"caption":"Saas-Fee"},"image":{"@id":"https:\/\/saas-fee.com\/de\/#\/schema\/logo\/image\/"}}]}},"_links":{"self":[{"href":"https:\/\/saas-fee.com\/de\/wp-json\/wp\/v2\/pages\/3479"}],"collection":[{"href":"https:\/\/saas-fee.com\/de\/wp-json\/wp\/v2\/pages"}],"about":[{"href":"https:\/\/saas-fee.com\/de\/wp-json\/wp\/v2\/types\/page"}],"author":[{"embeddable":true,"href":"https:\/\/saas-fee.com\/de\/wp-json\/wp\/v2\/users\/2"}],"replies":[{"embeddable":true,"href":"https:\/\/saas-fee.com\/de\/wp-json\/wp\/v2\/comments?post=3479"}],"version-history":[{"count":3,"href":"https:\/\/saas-fee.com\/de\/wp-json\/wp\/v2\/pages\/3479\/revisions"}],"predecessor-version":[{"id":3513,"href":"https:\/\/saas-fee.com\/de\/wp-json\/wp\/v2\/pages\/3479\/revisions\/3513"}],"up":[{"embeddable":true,"href":"https:\/\/saas-fee.com\/de\/wp-json\/wp\/v2\/pages\/3477"}],"wp:attachment":[{"href":"https:\/\/saas-fee.com\/de\/wp-json\/wp\/v2\/media?parent=3479"}],"curies":[{"name":"wp","href":"https:\/\/api.w.org\/{rel}","templated":true}]}}