{"id":3481,"date":"2023-01-19T15:42:53","date_gmt":"2023-01-19T13:42:53","guid":{"rendered":"https:\/\/saas-fee.com\/uber-saas-fee\/"},"modified":"2023-01-19T15:43:15","modified_gmt":"2023-01-19T13:43:15","slug":"uber-saas-fee","status":"publish","type":"page","link":"https:\/\/saas-fee.com\/de\/uber-saas-fee\/","title":{"rendered":"\u00dcber Saas-Fee"},"content":{"rendered":"\t\t<div data-elementor-type=\"wp-post\" data-elementor-id=\"3481\" class=\"elementor elementor-3481 elementor-2862\">\n\t\t\t\t\t\t<div class=\"elementor-inner\">\n\t\t\t\t<div class=\"elementor-section-wrap\">\n\t\t\t\t\t\t\t\t\t<section class=\"elementor-section elementor-top-section elementor-element elementor-element-d2381ea elementor-section-full_width elementor-section-height-min-height elementor-section-height-default elementor-section-items-middle\" data-id=\"d2381ea\" data-element_type=\"section\" data-settings=\"{&quot;background_background&quot;:&quot;classic&quot;,&quot;shape_divider_bottom&quot;:&quot;arrow&quot;}\">\n\t\t\t\t\t\t\t<div class=\"elementor-background-overlay\"><\/div>\n\t\t\t\t\t\t<div class=\"elementor-shape elementor-shape-bottom\" data-negative=\"false\">\n\t\t\t<svg xmlns=\"http:\/\/www.w3.org\/2000\/svg\" viewBox=\"0 0 700 10\" preserveAspectRatio=\"none\">\n\t<path class=\"elementor-shape-fill\" d=\"M350,10L340,0h20L350,10z\"\/>\n<\/svg>\t\t<\/div>\n\t\t\t\t\t<div class=\"elementor-container elementor-column-gap-default\">\n\t\t\t\t\t\t\t<div class=\"elementor-row\">\n\t\t\t\t\t<div class=\"elementor-column elementor-col-100 elementor-top-column elementor-element elementor-element-fdc56de\" data-id=\"fdc56de\" data-element_type=\"column\">\n\t\t\t<div class=\"elementor-column-wrap elementor-element-populated\">\n\t\t\t\t\t\t\t<div class=\"elementor-widget-wrap\">\n\t\t\t\t\t\t<div class=\"elementor-element elementor-element-a3f1579 elementor-widget elementor-widget-heading\" data-id=\"a3f1579\" data-element_type=\"widget\" data-widget_type=\"heading.default\">\n\t\t\t\t<div class=\"elementor-widget-container\">\n\t\t\t<h1 class=\"elementor-heading-title elementor-size-default\">\u00dcber Saas-Fee<\/h1>\t\t<\/div>\n\t\t\t\t<\/div>\n\t\t\t\t\t\t<\/div>\n\t\t\t\t\t<\/div>\n\t\t<\/div>\n\t\t\t\t\t\t\t\t<\/div>\n\t\t\t\t\t<\/div>\n\t\t<\/section>\n\t\t\t\t<section class=\"elementor-section elementor-top-section elementor-element elementor-element-3a73ffa elementor-section-height-min-height elementor-section-boxed elementor-section-height-default elementor-section-items-middle\" data-id=\"3a73ffa\" data-element_type=\"section\">\n\t\t\t\t\t\t<div class=\"elementor-container elementor-column-gap-default\">\n\t\t\t\t\t\t\t<div class=\"elementor-row\">\n\t\t\t\t\t<div class=\"elementor-column elementor-col-100 elementor-top-column elementor-element elementor-element-0f4e14f\" data-id=\"0f4e14f\" data-element_type=\"column\">\n\t\t\t<div class=\"elementor-column-wrap elementor-element-populated\">\n\t\t\t\t\t\t\t<div class=\"elementor-widget-wrap\">\n\t\t\t\t\t\t<div class=\"elementor-element elementor-element-06b0f98 elementor-widget elementor-widget-text-editor\" data-id=\"06b0f98\" data-element_type=\"widget\" data-widget_type=\"text-editor.default\">\n\t\t\t\t<div class=\"elementor-widget-container\">\n\t\t\t\t\t\t\t\t<div class=\"elementor-text-editor elementor-clearfix\">\n\t\t\t\t<p><span style=\"font-weight: 400;\">Saas-Fee, ein kleines Dorf inmitten der Schweizer Alpen. Ein Paradies f\u00fcr Naturliebhaber und Wintersportler. Mit einer spektakul\u00e4ren Aussicht auf die Berglandschaft ist Saas-Fee ein Ort, an dem man die Seele baumeln lassen und die Natur genie\u00dfen kann, die dieses Schweizer Dorf zu bieten hat. Die Vielfalt sorgt daf\u00fcr, dass f\u00fcr jeden etwas dabei ist. Entdecken Sie Saas-Fee f\u00fcr einen unvergesslichen Urlaub!<\/span><\/p>\n\t\t\t\t\t<\/div>\n\t\t\t\t\t\t<\/div>\n\t\t\t\t<\/div>\n\t\t\t\t\t\t<\/div>\n\t\t\t\t\t<\/div>\n\t\t<\/div>\n\t\t\t\t\t\t\t\t<\/div>\n\t\t\t\t\t<\/div>\n\t\t<\/section>\n\t\t\t\t<section class=\"elementor-section elementor-top-section elementor-element elementor-element-01640fc elementor-section-height-min-height elementor-section-boxed elementor-section-height-default elementor-section-items-middle\" data-id=\"01640fc\" data-element_type=\"section\" data-settings=\"{&quot;background_background&quot;:&quot;classic&quot;}\">\n\t\t\t\t\t\t<div class=\"elementor-container elementor-column-gap-default\">\n\t\t\t\t\t\t\t<div class=\"elementor-row\">\n\t\t\t\t\t<div class=\"elementor-column elementor-col-100 elementor-top-column elementor-element elementor-element-ece87da\" data-id=\"ece87da\" data-element_type=\"column\">\n\t\t\t<div class=\"elementor-column-wrap elementor-element-populated\">\n\t\t\t\t\t\t\t<div class=\"elementor-widget-wrap\">\n\t\t\t\t\t\t<div class=\"elementor-element elementor-element-8708312 elementor-widget elementor-widget-google_maps\" data-id=\"8708312\" data-element_type=\"widget\" data-widget_type=\"google_maps.default\">\n\t\t\t\t<div class=\"elementor-widget-container\">\n\t\t\t\t\t<div class=\"elementor-custom-embed\">\n\t\t\t<iframe loading=\"lazy\"\n\t\t\t\t\tsrc=\"https:\/\/maps.google.com\/maps?q=Saas-Fee&#038;t=m&#038;z=12&#038;output=embed&#038;iwloc=near\"\n\t\t\t\t\ttitle=\"Saas-Fee\"\n\t\t\t\t\taria-label=\"Saas-Fee\"\n\t\t\t><\/iframe>\n\t\t<\/div>\n\t\t\t\t<\/div>\n\t\t\t\t<\/div>\n\t\t\t\t\t\t<\/div>\n\t\t\t\t\t<\/div>\n\t\t<\/div>\n\t\t\t\t\t\t\t\t<\/div>\n\t\t\t\t\t<\/div>\n\t\t<\/section>\n\t\t\t\t<section class=\"elementor-section elementor-top-section elementor-element elementor-element-4ef45071 elementor-section-height-min-height elementor-section-boxed elementor-section-height-default elementor-section-items-middle\" data-id=\"4ef45071\" data-element_type=\"section\">\n\t\t\t\t\t\t<div class=\"elementor-container elementor-column-gap-default\">\n\t\t\t\t\t\t\t<div class=\"elementor-row\">\n\t\t\t\t\t<div class=\"elementor-column elementor-col-50 elementor-top-column elementor-element elementor-element-1ef2399a\" data-id=\"1ef2399a\" data-element_type=\"column\" data-settings=\"{&quot;background_background&quot;:&quot;classic&quot;}\">\n\t\t\t<div class=\"elementor-column-wrap elementor-element-populated\">\n\t\t\t\t\t\t\t<div class=\"elementor-widget-wrap\">\n\t\t\t\t\t\t<section class=\"elementor-section elementor-inner-section elementor-element elementor-element-13b98a4f elementor-section-full_width elementor-section-height-default elementor-section-height-default\" data-id=\"13b98a4f\" data-element_type=\"section\">\n\t\t\t\t\t\t<div class=\"elementor-container elementor-column-gap-default\">\n\t\t\t\t\t\t\t<div class=\"elementor-row\">\n\t\t\t\t\t<div class=\"elementor-column elementor-col-50 elementor-inner-column elementor-element elementor-element-6d8279e4\" data-id=\"6d8279e4\" data-element_type=\"column\" data-settings=\"{&quot;background_background&quot;:&quot;classic&quot;}\">\n\t\t\t<div class=\"elementor-column-wrap\">\n\t\t\t\t\t\t\t<div class=\"elementor-widget-wrap\">\n\t\t\t\t\t\t\t\t<\/div>\n\t\t\t\t\t<\/div>\n\t\t<\/div>\n\t\t\t\t<div class=\"elementor-column elementor-col-50 elementor-inner-column elementor-element elementor-element-348172e5\" data-id=\"348172e5\" data-element_type=\"column\">\n\t\t\t<div class=\"elementor-column-wrap elementor-element-populated\">\n\t\t\t\t\t\t\t<div class=\"elementor-widget-wrap\">\n\t\t\t\t\t\t<div class=\"elementor-element elementor-element-4823e8a elementor-widget-divider--view-line elementor-widget elementor-widget-divider\" data-id=\"4823e8a\" data-element_type=\"widget\" data-widget_type=\"divider.default\">\n\t\t\t\t<div class=\"elementor-widget-container\">\n\t\t\t\t\t<div class=\"elementor-divider\">\n\t\t\t<span class=\"elementor-divider-separator\">\n\t\t\t\t\t\t<\/span>\n\t\t<\/div>\n\t\t\t\t<\/div>\n\t\t\t\t<\/div>\n\t\t\t\t<div class=\"elementor-element elementor-element-cc79f47 elementor-widget elementor-widget-heading\" data-id=\"cc79f47\" data-element_type=\"widget\" data-widget_type=\"heading.default\">\n\t\t\t\t<div class=\"elementor-widget-container\">\n\t\t\t<h2 class=\"elementor-heading-title elementor-size-default\">Saastal<\/h2>\t\t<\/div>\n\t\t\t\t<\/div>\n\t\t\t\t<div class=\"elementor-element elementor-element-1e6e6202 elementor-widget elementor-widget-text-editor\" data-id=\"1e6e6202\" data-element_type=\"widget\" data-widget_type=\"text-editor.default\">\n\t\t\t\t<div class=\"elementor-widget-container\">\n\t\t\t\t\t\t\t\t<div class=\"elementor-text-editor elementor-clearfix\">\n\t\t\t\t<p><span style=\"font-weight: 400;\">Das Saastal, auch bekannt als Saas, liegt in der S\u00fcdschweiz und grenzt an Italien. Das Saastal besteht aus vier Gemeinden: Saas-Fee, Saas-Grund, Saas-Balen und Saas-Almagell.  <\/span><\/p>\n\t\t\t\t\t<\/div>\n\t\t\t\t\t\t<\/div>\n\t\t\t\t<\/div>\n\t\t\t\t<div class=\"elementor-element elementor-element-7dca1e7c elementor-widget elementor-widget-text-editor\" data-id=\"7dca1e7c\" data-element_type=\"widget\" data-widget_type=\"text-editor.default\">\n\t\t\t\t<div class=\"elementor-widget-container\">\n\t\t\t\t\t\t\t\t<div class=\"elementor-text-editor elementor-clearfix\">\n\t\t\t\t<p><span style=\"text-decoration: underline;\"><a href=\"https:\/\/saas-fee.com\/about-saas-fee\/saastal\/\">Besuchen Sie Saastal<\/a><\/span><\/p>\n\t\t\t\t\t<\/div>\n\t\t\t\t\t\t<\/div>\n\t\t\t\t<\/div>\n\t\t\t\t\t\t<\/div>\n\t\t\t\t\t<\/div>\n\t\t<\/div>\n\t\t\t\t\t\t\t\t<\/div>\n\t\t\t\t\t<\/div>\n\t\t<\/section>\n\t\t\t\t\t\t<\/div>\n\t\t\t\t\t<\/div>\n\t\t<\/div>\n\t\t\t\t<div class=\"elementor-column elementor-col-50 elementor-top-column elementor-element elementor-element-2be6a1a3\" data-id=\"2be6a1a3\" data-element_type=\"column\" data-settings=\"{&quot;background_background&quot;:&quot;classic&quot;}\">\n\t\t\t<div class=\"elementor-column-wrap elementor-element-populated\">\n\t\t\t\t\t\t\t<div class=\"elementor-widget-wrap\">\n\t\t\t\t\t\t<section class=\"elementor-section elementor-inner-section elementor-element elementor-element-1f56af27 elementor-section-full_width elementor-section-height-default elementor-section-height-default\" data-id=\"1f56af27\" data-element_type=\"section\">\n\t\t\t\t\t\t<div class=\"elementor-container elementor-column-gap-default\">\n\t\t\t\t\t\t\t<div class=\"elementor-row\">\n\t\t\t\t\t<div class=\"elementor-column elementor-col-50 elementor-inner-column elementor-element elementor-element-1b6ca00f\" data-id=\"1b6ca00f\" data-element_type=\"column\" data-settings=\"{&quot;background_background&quot;:&quot;classic&quot;}\">\n\t\t\t<div class=\"elementor-column-wrap\">\n\t\t\t\t\t\t\t<div class=\"elementor-widget-wrap\">\n\t\t\t\t\t\t\t\t<\/div>\n\t\t\t\t\t<\/div>\n\t\t<\/div>\n\t\t\t\t<div class=\"elementor-column elementor-col-50 elementor-inner-column elementor-element elementor-element-54f693e6\" data-id=\"54f693e6\" data-element_type=\"column\">\n\t\t\t<div class=\"elementor-column-wrap elementor-element-populated\">\n\t\t\t\t\t\t\t<div class=\"elementor-widget-wrap\">\n\t\t\t\t\t\t<div class=\"elementor-element elementor-element-4fdfc004 elementor-widget-divider--view-line elementor-widget elementor-widget-divider\" data-id=\"4fdfc004\" data-element_type=\"widget\" data-widget_type=\"divider.default\">\n\t\t\t\t<div class=\"elementor-widget-container\">\n\t\t\t\t\t<div class=\"elementor-divider\">\n\t\t\t<span class=\"elementor-divider-separator\">\n\t\t\t\t\t\t<\/span>\n\t\t<\/div>\n\t\t\t\t<\/div>\n\t\t\t\t<\/div>\n\t\t\t\t<div class=\"elementor-element elementor-element-427be186 elementor-widget elementor-widget-heading\" data-id=\"427be186\" data-element_type=\"widget\" data-widget_type=\"heading.default\">\n\t\t\t\t<div class=\"elementor-widget-container\">\n\t\t\t<h2 class=\"elementor-heading-title elementor-size-default\">Erreichen von Saas-Fee<\/h2>\t\t<\/div>\n\t\t\t\t<\/div>\n\t\t\t\t<div class=\"elementor-element elementor-element-562aa709 elementor-widget elementor-widget-text-editor\" data-id=\"562aa709\" data-element_type=\"widget\" data-widget_type=\"text-editor.default\">\n\t\t\t\t<div class=\"elementor-widget-container\">\n\t\t\t\t\t\t\t\t<div class=\"elementor-text-editor elementor-clearfix\">\n\t\t\t\t<p><span style=\"font-weight: 400;\">Saas-Fee kann von den Niederlanden aus auf verschiedenen Wegen erreicht werden. Die Entfernung zu Utrecht betr\u00e4gt etwa 923 km und ist mit dem Auto in etwa 10 Stunden zu erreichen. In Kandersteg nehmen Sie den Autozug nach L\u00f6tschenberg und erreichen dann Saas-Fee. Mit dem Flugzeug erreicht man Saas-Fee am besten \u00fcber die n\u00e4chstgelegenen St\u00e4dte Genf oder Z\u00fcrich. Die Fahrt mit dem Flugzeug dauert dann etwa 1,5 Stunden.<\/span><\/p>\n\t\t\t\t\t<\/div>\n\t\t\t\t\t\t<\/div>\n\t\t\t\t<\/div>\n\t\t\t\t<div class=\"elementor-element elementor-element-7fd94f1b elementor-widget elementor-widget-text-editor\" data-id=\"7fd94f1b\" data-element_type=\"widget\" data-widget_type=\"text-editor.default\">\n\t\t\t\t<div class=\"elementor-widget-container\">\n\t\t\t\t\t\t\t\t<div class=\"elementor-text-editor elementor-clearfix\">\n\t\t\t\t<p><span style=\"text-decoration: underline;\"><a href=\"https:\/\/saas-fee.com\/about-saas-fee\/reaching-saas-fee\/\">Planen Sie Ihre Reise<\/a><\/span><\/p>\n\t\t\t\t\t<\/div>\n\t\t\t\t\t\t<\/div>\n\t\t\t\t<\/div>\n\t\t\t\t\t\t<\/div>\n\t\t\t\t\t<\/div>\n\t\t<\/div>\n\t\t\t\t\t\t\t\t<\/div>\n\t\t\t\t\t<\/div>\n\t\t<\/section>\n\t\t\t\t\t\t<\/div>\n\t\t\t\t\t<\/div>\n\t\t<\/div>\n\t\t\t\t\t\t\t\t<\/div>\n\t\t\t\t\t<\/div>\n\t\t<\/section>\n\t\t\t\t<section class=\"elementor-section elementor-top-section elementor-element elementor-element-06500a6 elementor-section-height-min-height elementor-section-boxed elementor-section-height-default elementor-section-items-middle\" data-id=\"06500a6\" data-element_type=\"section\" data-settings=\"{&quot;background_background&quot;:&quot;classic&quot;}\">\n\t\t\t\t\t\t<div class=\"elementor-container elementor-column-gap-default\">\n\t\t\t\t\t\t\t<div class=\"elementor-row\">\n\t\t\t\t\t<div class=\"elementor-column elementor-col-100 elementor-top-column elementor-element elementor-element-ef8a5b6\" data-id=\"ef8a5b6\" data-element_type=\"column\">\n\t\t\t<div class=\"elementor-column-wrap elementor-element-populated\">\n\t\t\t\t\t\t\t<div class=\"elementor-widget-wrap\">\n\t\t\t\t\t\t<div class=\"elementor-element elementor-element-39db3be elementor-widget elementor-widget-text-editor\" data-id=\"39db3be\" data-element_type=\"widget\" data-widget_type=\"text-editor.default\">\n\t\t\t\t<div class=\"elementor-widget-container\">\n\t\t\t\t\t\t\t\t<div class=\"elementor-text-editor elementor-clearfix\">\n\t\t\t\t<p><span style=\"font-weight: 400;\">Saas-Fee ist eine der vier Gemeinden des Saastals. Mit seinem grossen Skigebiet und den vielf\u00e4ltigen Aktivit\u00e4ten ist Saas-Fee der perfekte Ort, um Ihren Urlaub zu geniessen. Ein guter Aufenthalt in einer sch\u00f6nen Unterkunft sollte dabei nicht fehlen.  <\/span><\/p>\n\t\t\t\t\t<\/div>\n\t\t\t\t\t\t<\/div>\n\t\t\t\t<\/div>\n\t\t\t\t\t\t<\/div>\n\t\t\t\t\t<\/div>\n\t\t<\/div>\n\t\t\t\t\t\t\t\t<\/div>\n\t\t\t\t\t<\/div>\n\t\t<\/section>\n\t\t\t\t<section class=\"elementor-section elementor-top-section elementor-element elementor-element-538fcb6c elementor-section-height-min-height elementor-section-boxed elementor-section-height-default elementor-section-items-middle\" data-id=\"538fcb6c\" data-element_type=\"section\">\n\t\t\t\t\t\t<div class=\"elementor-container elementor-column-gap-default\">\n\t\t\t\t\t\t\t<div class=\"elementor-row\">\n\t\t\t\t\t<div class=\"elementor-column elementor-col-100 elementor-top-column elementor-element elementor-element-5c2843e6\" data-id=\"5c2843e6\" data-element_type=\"column\">\n\t\t\t<div class=\"elementor-column-wrap elementor-element-populated\">\n\t\t\t\t\t\t\t<div class=\"elementor-widget-wrap\">\n\t\t\t\t\t\t<div class=\"elementor-element elementor-element-99568c1 elementor-widget elementor-widget-heading\" data-id=\"99568c1\" data-element_type=\"widget\" data-widget_type=\"heading.default\">\n\t\t\t\t<div class=\"elementor-widget-container\">\n\t\t\t<h2 class=\"elementor-heading-title elementor-size-default\">Wetter in Saas-Fee<\/h2>\t\t<\/div>\n\t\t\t\t<\/div>\n\t\t\t\t<div class=\"elementor-element elementor-element-8ed6b2 elementor-widget elementor-widget-text-editor\" data-id=\"8ed6b2\" data-element_type=\"widget\" data-widget_type=\"text-editor.default\">\n\t\t\t\t<div class=\"elementor-widget-container\">\n\t\t\t\t\t\t\t\t<div class=\"elementor-text-editor elementor-clearfix\">\n\t\t\t\t<p><span style=\"font-weight: 400;\">Das malerische Dorf liegt hoch in den Bergen und die vielen nach Norden ausgerichteten H\u00e4nge sorgen daf\u00fcr, dass ein Gro\u00dfteil von Saas-Fee w\u00e4hrend der ganzen Saison im Schatten liegt. Infolgedessen bleibt der Schnee lange liegen und kommt in gro\u00dfen Mengen aus dem S\u00fcden und S\u00fcdosten herab. Dies macht Saas-Fee zu einem schneesicheren Gebiet und sorgt daf\u00fcr, dass das Skifahren praktisch das ganze Jahr \u00fcber m\u00f6glich ist.<\/span><\/p>\n<p><span style=\"text-decoration: underline;\"><strong>WETTER WIDGET<\/strong><\/span><\/p>\n\t\t\t\t\t<\/div>\n\t\t\t\t\t\t<\/div>\n\t\t\t\t<\/div>\n\t\t\t\t<div class=\"elementor-element elementor-element-4a6770f elementor-widget elementor-widget-text-editor\" data-id=\"4a6770f\" data-element_type=\"widget\" data-widget_type=\"text-editor.default\">\n\t\t\t\t<div class=\"elementor-widget-container\">\n\t\t\t\t\t\t\t\t<div class=\"elementor-text-editor elementor-clearfix\">\n\t\t\t\t<p><a href=\"https:\/\/saas-fee.com\/about-saas-fee\/weather-in-saas-fee\/\"><u>Mehr \u00fcber das Wetter in Saas-Fee<\/u><\/a><\/p>\n\t\t\t\t\t<\/div>\n\t\t\t\t\t\t<\/div>\n\t\t\t\t<\/div>\n\t\t\t\t\t\t<\/div>\n\t\t\t\t\t<\/div>\n\t\t<\/div>\n\t\t\t\t\t\t\t\t<\/div>\n\t\t\t\t\t<\/div>\n\t\t<\/section>\n\t\t\t\t\t\t\t\t\t<\/div>\n\t\t\t<\/div>\n\t\t\t\t\t<\/div>\n\t\t","protected":false},"excerpt":{"rendered":"<p>\u00dcber Saas-Fee Saas-Fee, ein kleines Dorf inmitten der Schweizer Alpen. Ein Paradies f\u00fcr Naturliebhaber und Wintersportler. Mit einer spektakul\u00e4ren Aussicht auf die Berglandschaft ist Saas-Fee ein Ort, an dem man die Seele baumeln lassen und die Natur genie\u00dfen kann, die dieses Schweizer Dorf zu bieten hat. Die Vielfalt sorgt daf\u00fcr, dass f\u00fcr jeden etwas dabei [&hellip;]<\/p>\n","protected":false},"author":2,"featured_media":0,"parent":0,"menu_order":7,"comment_status":"closed","ping_status":"closed","template":"elementor_theme","meta":{"inline_featured_image":false},"yoast_head":"<!-- This site is optimized with the Yoast SEO plugin v19.14 - https:\/\/yoast.com\/wordpress\/plugins\/seo\/ -->\n<title>Saas-Fee<\/title>\n<meta name=\"description\" content=\"Saas-Fee ist ein Paradies f\u00fcr Naturliebhaber und Wintersportler. Mit einer spektakul\u00e4ren Aussicht auf die Berglandschaft ist Saas-Fee der richtige Ort, um sich zu entspannen und alle Aktivit\u00e4ten zu geniessen, die in Saas-Fee angeboten werden.\" \/>\n<meta name=\"robots\" content=\"index, follow, max-snippet:-1, max-image-preview:large, max-video-preview:-1\" \/>\n<link rel=\"canonical\" href=\"https:\/\/saas-fee.com\/de\/uber-saas-fee\/\" \/>\n<meta property=\"og:locale\" content=\"de_DE\" \/>\n<meta property=\"og:type\" content=\"article\" \/>\n<meta property=\"og:title\" content=\"Saas-Fee\" \/>\n<meta property=\"og:description\" content=\"Saas-Fee ist ein Paradies f\u00fcr Naturliebhaber und Wintersportler. Mit einer spektakul\u00e4ren Aussicht auf die Berglandschaft ist Saas-Fee der richtige Ort, um sich zu entspannen und alle Aktivit\u00e4ten zu geniessen, die in Saas-Fee angeboten werden.\" \/>\n<meta property=\"og:url\" content=\"https:\/\/saas-fee.com\/de\/uber-saas-fee\/\" \/>\n<meta property=\"og:site_name\" content=\"Saas-Fee\" \/>\n<meta property=\"article:modified_time\" content=\"2023-01-19T13:43:15+00:00\" \/>\n<meta name=\"twitter:card\" content=\"summary_large_image\" \/>\n<meta name=\"twitter:label1\" content=\"Gesch\u00e4tzte Lesezeit\" \/>\n\t<meta name=\"twitter:data1\" content=\"2\u00a0Minuten\" \/>\n<script type=\"application\/ld+json\" class=\"yoast-schema-graph\">{\"@context\":\"https:\/\/schema.org\",\"@graph\":[{\"@type\":\"WebPage\",\"@id\":\"https:\/\/saas-fee.com\/de\/uber-saas-fee\/\",\"url\":\"https:\/\/saas-fee.com\/de\/uber-saas-fee\/\",\"name\":\"Saas-Fee\",\"isPartOf\":{\"@id\":\"https:\/\/saas-fee.com\/de\/#website\"},\"datePublished\":\"2023-01-19T13:42:53+00:00\",\"dateModified\":\"2023-01-19T13:43:15+00:00\",\"description\":\"Saas-Fee ist ein Paradies f\u00fcr Naturliebhaber und Wintersportler. Mit einer spektakul\u00e4ren Aussicht auf die Berglandschaft ist Saas-Fee der richtige Ort, um sich zu entspannen und alle Aktivit\u00e4ten zu geniessen, die in Saas-Fee angeboten werden.\",\"breadcrumb\":{\"@id\":\"https:\/\/saas-fee.com\/de\/uber-saas-fee\/#breadcrumb\"},\"inLanguage\":\"de\",\"potentialAction\":[{\"@type\":\"ReadAction\",\"target\":[\"https:\/\/saas-fee.com\/de\/uber-saas-fee\/\"]}]},{\"@type\":\"BreadcrumbList\",\"@id\":\"https:\/\/saas-fee.com\/de\/uber-saas-fee\/#breadcrumb\",\"itemListElement\":[{\"@type\":\"ListItem\",\"position\":1,\"name\":\"Home\",\"item\":\"https:\/\/saas-fee.com\/de\/homepage\/\"},{\"@type\":\"ListItem\",\"position\":2,\"name\":\"\u00dcber Saas-Fee\"}]},{\"@type\":\"WebSite\",\"@id\":\"https:\/\/saas-fee.com\/de\/#website\",\"url\":\"https:\/\/saas-fee.com\/de\/\",\"name\":\"Saas-Fee\",\"description\":\"Huur een chalet in Saas-Fee, de parel van de Alpen\",\"publisher\":{\"@id\":\"https:\/\/saas-fee.com\/de\/#organization\"},\"potentialAction\":[{\"@type\":\"SearchAction\",\"target\":{\"@type\":\"EntryPoint\",\"urlTemplate\":\"https:\/\/saas-fee.com\/de\/?s={search_term_string}\"},\"query-input\":\"required name=search_term_string\"}],\"inLanguage\":\"de\"},{\"@type\":\"Organization\",\"@id\":\"https:\/\/saas-fee.com\/de\/#organization\",\"name\":\"Saas-Fee\",\"url\":\"https:\/\/saas-fee.com\/de\/\",\"logo\":{\"@type\":\"ImageObject\",\"inLanguage\":\"de\",\"@id\":\"https:\/\/saas-fee.com\/de\/#\/schema\/logo\/image\/\",\"url\":\"https:\/\/saas-fee.com\/wp-content\/uploads\/2022\/08\/Saas-Fee-logo-tijdelijk.svg\",\"contentUrl\":\"https:\/\/saas-fee.com\/wp-content\/uploads\/2022\/08\/Saas-Fee-logo-tijdelijk.svg\",\"width\":137,\"height\":26,\"caption\":\"Saas-Fee\"},\"image\":{\"@id\":\"https:\/\/saas-fee.com\/de\/#\/schema\/logo\/image\/\"}}]}<\/script>\n<!-- \/ Yoast SEO plugin. -->","yoast_head_json":{"title":"Saas-Fee","description":"Saas-Fee ist ein Paradies f\u00fcr Naturliebhaber und Wintersportler. Mit einer spektakul\u00e4ren Aussicht auf die Berglandschaft ist Saas-Fee der richtige Ort, um sich zu entspannen und alle Aktivit\u00e4ten zu geniessen, die in Saas-Fee angeboten werden.","robots":{"index":"index","follow":"follow","max-snippet":"max-snippet:-1","max-image-preview":"max-image-preview:large","max-video-preview":"max-video-preview:-1"},"canonical":"https:\/\/saas-fee.com\/de\/uber-saas-fee\/","og_locale":"de_DE","og_type":"article","og_title":"Saas-Fee","og_description":"Saas-Fee ist ein Paradies f\u00fcr Naturliebhaber und Wintersportler. Mit einer spektakul\u00e4ren Aussicht auf die Berglandschaft ist Saas-Fee der richtige Ort, um sich zu entspannen und alle Aktivit\u00e4ten zu geniessen, die in Saas-Fee angeboten werden.","og_url":"https:\/\/saas-fee.com\/de\/uber-saas-fee\/","og_site_name":"Saas-Fee","article_modified_time":"2023-01-19T13:43:15+00:00","twitter_card":"summary_large_image","twitter_misc":{"Gesch\u00e4tzte Lesezeit":"2\u00a0Minuten"},"schema":{"@context":"https:\/\/schema.org","@graph":[{"@type":"WebPage","@id":"https:\/\/saas-fee.com\/de\/uber-saas-fee\/","url":"https:\/\/saas-fee.com\/de\/uber-saas-fee\/","name":"Saas-Fee","isPartOf":{"@id":"https:\/\/saas-fee.com\/de\/#website"},"datePublished":"2023-01-19T13:42:53+00:00","dateModified":"2023-01-19T13:43:15+00:00","description":"Saas-Fee ist ein Paradies f\u00fcr Naturliebhaber und Wintersportler. Mit einer spektakul\u00e4ren Aussicht auf die Berglandschaft ist Saas-Fee der richtige Ort, um sich zu entspannen und alle Aktivit\u00e4ten zu geniessen, die in Saas-Fee angeboten werden.","breadcrumb":{"@id":"https:\/\/saas-fee.com\/de\/uber-saas-fee\/#breadcrumb"},"inLanguage":"de","potentialAction":[{"@type":"ReadAction","target":["https:\/\/saas-fee.com\/de\/uber-saas-fee\/"]}]},{"@type":"BreadcrumbList","@id":"https:\/\/saas-fee.com\/de\/uber-saas-fee\/#breadcrumb","itemListElement":[{"@type":"ListItem","position":1,"name":"Home","item":"https:\/\/saas-fee.com\/de\/homepage\/"},{"@type":"ListItem","position":2,"name":"\u00dcber Saas-Fee"}]},{"@type":"WebSite","@id":"https:\/\/saas-fee.com\/de\/#website","url":"https:\/\/saas-fee.com\/de\/","name":"Saas-Fee","description":"Huur een chalet in Saas-Fee, de parel van de Alpen","publisher":{"@id":"https:\/\/saas-fee.com\/de\/#organization"},"potentialAction":[{"@type":"SearchAction","target":{"@type":"EntryPoint","urlTemplate":"https:\/\/saas-fee.com\/de\/?s={search_term_string}"},"query-input":"required name=search_term_string"}],"inLanguage":"de"},{"@type":"Organization","@id":"https:\/\/saas-fee.com\/de\/#organization","name":"Saas-Fee","url":"https:\/\/saas-fee.com\/de\/","logo":{"@type":"ImageObject","inLanguage":"de","@id":"https:\/\/saas-fee.com\/de\/#\/schema\/logo\/image\/","url":"https:\/\/saas-fee.com\/wp-content\/uploads\/2022\/08\/Saas-Fee-logo-tijdelijk.svg","contentUrl":"https:\/\/saas-fee.com\/wp-content\/uploads\/2022\/08\/Saas-Fee-logo-tijdelijk.svg","width":137,"height":26,"caption":"Saas-Fee"},"image":{"@id":"https:\/\/saas-fee.com\/de\/#\/schema\/logo\/image\/"}}]}},"_links":{"self":[{"href":"https:\/\/saas-fee.com\/de\/wp-json\/wp\/v2\/pages\/3481"}],"collection":[{"href":"https:\/\/saas-fee.com\/de\/wp-json\/wp\/v2\/pages"}],"about":[{"href":"https:\/\/saas-fee.com\/de\/wp-json\/wp\/v2\/types\/page"}],"author":[{"embeddable":true,"href":"https:\/\/saas-fee.com\/de\/wp-json\/wp\/v2\/users\/2"}],"replies":[{"embeddable":true,"href":"https:\/\/saas-fee.com\/de\/wp-json\/wp\/v2\/comments?post=3481"}],"version-history":[{"count":3,"href":"https:\/\/saas-fee.com\/de\/wp-json\/wp\/v2\/pages\/3481\/revisions"}],"predecessor-version":[{"id":3511,"href":"https:\/\/saas-fee.com\/de\/wp-json\/wp\/v2\/pages\/3481\/revisions\/3511"}],"wp:attachment":[{"href":"https:\/\/saas-fee.com\/de\/wp-json\/wp\/v2\/media?parent=3481"}],"curies":[{"name":"wp","href":"https:\/\/api.w.org\/{rel}","templated":true}]}}