{"id":3497,"date":"2023-01-19T15:43:05","date_gmt":"2023-01-19T13:43:05","guid":{"rendered":"https:\/\/saas-fee.com\/ubernachtung\/"},"modified":"2023-01-19T15:43:32","modified_gmt":"2023-01-19T13:43:32","slug":"ubernachtung","status":"publish","type":"page","link":"https:\/\/saas-fee.com\/de\/ubernachtung\/","title":{"rendered":"\u00dcbernachtung"},"content":{"rendered":"\t\t<div data-elementor-type=\"wp-post\" data-elementor-id=\"3497\" class=\"elementor elementor-3497 elementor-2864\">\n\t\t\t\t\t\t<div class=\"elementor-inner\">\n\t\t\t\t<div class=\"elementor-section-wrap\">\n\t\t\t\t\t\t\t\t\t<section class=\"elementor-section elementor-top-section elementor-element elementor-element-d2381ea elementor-section-full_width elementor-section-height-min-height elementor-section-height-default elementor-section-items-middle\" data-id=\"d2381ea\" data-element_type=\"section\" data-settings=\"{&quot;background_background&quot;:&quot;classic&quot;,&quot;shape_divider_bottom&quot;:&quot;arrow&quot;}\">\n\t\t\t\t\t\t\t<div class=\"elementor-background-overlay\"><\/div>\n\t\t\t\t\t\t<div class=\"elementor-shape elementor-shape-bottom\" data-negative=\"false\">\n\t\t\t<svg xmlns=\"http:\/\/www.w3.org\/2000\/svg\" viewBox=\"0 0 700 10\" preserveAspectRatio=\"none\">\n\t<path class=\"elementor-shape-fill\" d=\"M350,10L340,0h20L350,10z\"\/>\n<\/svg>\t\t<\/div>\n\t\t\t\t\t<div class=\"elementor-container elementor-column-gap-default\">\n\t\t\t\t\t\t\t<div class=\"elementor-row\">\n\t\t\t\t\t<div class=\"elementor-column elementor-col-100 elementor-top-column elementor-element elementor-element-fdc56de\" data-id=\"fdc56de\" data-element_type=\"column\">\n\t\t\t<div class=\"elementor-column-wrap elementor-element-populated\">\n\t\t\t\t\t\t\t<div class=\"elementor-widget-wrap\">\n\t\t\t\t\t\t<div class=\"elementor-element elementor-element-a3f1579 elementor-widget elementor-widget-heading\" data-id=\"a3f1579\" data-element_type=\"widget\" data-widget_type=\"heading.default\">\n\t\t\t\t<div class=\"elementor-widget-container\">\n\t\t\t<h1 class=\"elementor-heading-title elementor-size-default\">Wo man in Saas-Fee \u00fcbernachtet<\/h1>\t\t<\/div>\n\t\t\t\t<\/div>\n\t\t\t\t\t\t<\/div>\n\t\t\t\t\t<\/div>\n\t\t<\/div>\n\t\t\t\t\t\t\t\t<\/div>\n\t\t\t\t\t<\/div>\n\t\t<\/section>\n\t\t\t\t<section class=\"elementor-section elementor-top-section elementor-element elementor-element-3a73ffa elementor-section-height-min-height elementor-section-boxed elementor-section-height-default elementor-section-items-middle\" data-id=\"3a73ffa\" data-element_type=\"section\">\n\t\t\t\t\t\t<div class=\"elementor-container elementor-column-gap-default\">\n\t\t\t\t\t\t\t<div class=\"elementor-row\">\n\t\t\t\t\t<div class=\"elementor-column elementor-col-100 elementor-top-column elementor-element elementor-element-0f4e14f\" data-id=\"0f4e14f\" data-element_type=\"column\">\n\t\t\t<div class=\"elementor-column-wrap elementor-element-populated\">\n\t\t\t\t\t\t\t<div class=\"elementor-widget-wrap\">\n\t\t\t\t\t\t<div class=\"elementor-element elementor-element-06b0f98 elementor-widget elementor-widget-text-editor\" data-id=\"06b0f98\" data-element_type=\"widget\" data-widget_type=\"text-editor.default\">\n\t\t\t\t<div class=\"elementor-widget-container\">\n\t\t\t\t\t\t\t\t<div class=\"elementor-text-editor elementor-clearfix\">\n\t\t\t\t<p><span style=\"font-weight: 400;\">Ein unvergesslicher Urlaub in der Schweiz, besuchen Sie  <br \/>  Saas-Fee! Dieses charmante Schweizer Dorf beherbergt einige der besten Skipisten der Welt. Ein guter Aufenthalt ist nicht komplett ohne ein luxuri\u00f6ses Schloss, in dem Sie sich nach einem langen Tag voller Abenteuer entspannen k\u00f6nnen.<\/span><\/p>\n\t\t\t\t\t<\/div>\n\t\t\t\t\t\t<\/div>\n\t\t\t\t<\/div>\n\t\t\t\t\t\t<\/div>\n\t\t\t\t\t<\/div>\n\t\t<\/div>\n\t\t\t\t\t\t\t\t<\/div>\n\t\t\t\t\t<\/div>\n\t\t<\/section>\n\t\t\t\t<section class=\"elementor-section elementor-top-section elementor-element elementor-element-7acd953e elementor-section-boxed elementor-section-height-default elementor-section-height-default\" data-id=\"7acd953e\" data-element_type=\"section\">\n\t\t\t\t\t\t<div class=\"elementor-container elementor-column-gap-default\">\n\t\t\t\t\t\t\t<div class=\"elementor-row\">\n\t\t\t\t\t<div class=\"elementor-column elementor-col-100 elementor-top-column elementor-element elementor-element-17b61e27\" data-id=\"17b61e27\" data-element_type=\"column\">\n\t\t\t<div class=\"elementor-column-wrap elementor-element-populated\">\n\t\t\t\t\t\t\t<div class=\"elementor-widget-wrap\">\n\t\t\t\t\t\t<div class=\"elementor-element elementor-element-923dc93 elementor-widget elementor-widget-html\" data-id=\"923dc93\" data-element_type=\"widget\" data-widget_type=\"html.default\">\n\t\t\t\t<div class=\"elementor-widget-container\">\n\t\t\t<iframe src=\"https:\/\/www.google.com\/maps\/embed?pb=!4v1658316835311!6m8!1m7!1sCAoSLEFGMVFpcE5JZE1fZGx5Rk1tTDFoMWNaZk9SLXItMzhlRGhSakdNRjUzVEZy!2m2!1d46.1068729!2d7.923777200000001!3f53.39861035494522!4f8.157400931245817!5f0.7820865974627469\" width=\"600\" height=\"800\" style=\"border:0;\" allowfullscreen=\"\" loading=\"lazy\" referrerpolicy=\"no-referrer-when-downgrade\"><\/iframe>\t\t<\/div>\n\t\t\t\t<\/div>\n\t\t\t\t\t\t<\/div>\n\t\t\t\t\t<\/div>\n\t\t<\/div>\n\t\t\t\t\t\t\t\t<\/div>\n\t\t\t\t\t<\/div>\n\t\t<\/section>\n\t\t\t\t<section class=\"elementor-section elementor-top-section elementor-element elementor-element-06500a6 elementor-section-height-min-height elementor-section-boxed elementor-section-height-default elementor-section-items-middle\" data-id=\"06500a6\" data-element_type=\"section\" data-settings=\"{&quot;background_background&quot;:&quot;classic&quot;}\">\n\t\t\t\t\t\t<div class=\"elementor-container elementor-column-gap-default\">\n\t\t\t\t\t\t\t<div class=\"elementor-row\">\n\t\t\t\t\t<div class=\"elementor-column elementor-col-100 elementor-top-column elementor-element elementor-element-ef8a5b6\" data-id=\"ef8a5b6\" data-element_type=\"column\">\n\t\t\t<div class=\"elementor-column-wrap elementor-element-populated\">\n\t\t\t\t\t\t\t<div class=\"elementor-widget-wrap\">\n\t\t\t\t\t\t<div class=\"elementor-element elementor-element-39db3be elementor-widget elementor-widget-text-editor\" data-id=\"39db3be\" data-element_type=\"widget\" data-widget_type=\"text-editor.default\">\n\t\t\t\t<div class=\"elementor-widget-container\">\n\t\t\t\t\t\t\t\t<div class=\"elementor-text-editor elementor-clearfix\">\n\t\t\t\t<span style=\"font-weight: 400;\">Mit seiner g\u00fcnstigen Lage, weniger als 400 m vom Zentrum von Saas-Fee entfernt, ist dieses Chateau der perfekte Ort, um zu bleiben und alles zu genie\u00dfen, was dieses Schweizer Dorf zu bieten hat.<\/span>\n\n<span style=\"font-weight: 400;\">Suchen Sie eine luxuri\u00f6se Wohnung in Saas-Fee zu mieten? Dann schauen Sie sich dieses Schloss an!<\/span>\t\t\t\t\t<\/div>\n\t\t\t\t\t\t<\/div>\n\t\t\t\t<\/div>\n\t\t\t\t<div class=\"elementor-element elementor-element-fc70d1d elementor-align-center elementor-widget elementor-widget-button\" data-id=\"fc70d1d\" data-element_type=\"widget\" data-widget_type=\"button.default\">\n\t\t\t\t<div class=\"elementor-widget-container\">\n\t\t\t\t\t<div class=\"elementor-button-wrapper\">\n\t\t\t<a href=\"https:\/\/saas-fee.com\/overnight\/reservations\/\" class=\"elementor-button-link elementor-button elementor-size-sm\" role=\"button\">\n\t\t\t\t\t\t<span class=\"elementor-button-content-wrapper\">\n\t\t\t\t\t\t<span class=\"elementor-button-text\">Link zu Reservierungen<\/span>\n\t\t<\/span>\n\t\t\t\t\t<\/a>\n\t\t<\/div>\n\t\t\t\t<\/div>\n\t\t\t\t<\/div>\n\t\t\t\t\t\t<\/div>\n\t\t\t\t\t<\/div>\n\t\t<\/div>\n\t\t\t\t\t\t\t\t<\/div>\n\t\t\t\t\t<\/div>\n\t\t<\/section>\n\t\t\t\t<section class=\"elementor-section elementor-top-section elementor-element elementor-element-6b1069d4 elementor-section-full_width elementor-section-height-min-height elementor-section-items-stretch elementor-section-height-default\" data-id=\"6b1069d4\" data-element_type=\"section\">\n\t\t\t\t\t\t<div class=\"elementor-container elementor-column-gap-custom\">\n\t\t\t\t\t\t\t<div class=\"elementor-row\">\n\t\t\t\t\t<div class=\"elementor-column elementor-col-50 elementor-top-column elementor-element elementor-element-4b4cc3d1\" data-id=\"4b4cc3d1\" data-element_type=\"column\">\n\t\t\t<div class=\"elementor-column-wrap elementor-element-populated\">\n\t\t\t\t\t\t\t<div class=\"elementor-widget-wrap\">\n\t\t\t\t\t\t<div class=\"elementor-element elementor-element-38ad6577 elementor-widget elementor-widget-heading\" data-id=\"38ad6577\" data-element_type=\"widget\" data-widget_type=\"heading.default\">\n\t\t\t\t<div class=\"elementor-widget-container\">\n\t\t\t<h2 class=\"elementor-heading-title elementor-size-default\">Chateau in Saas-Fee buchen<\/h2>\t\t<\/div>\n\t\t\t\t<\/div>\n\t\t\t\t<div class=\"elementor-element elementor-element-22cfc407 elementor-widget elementor-widget-text-editor\" data-id=\"22cfc407\" data-element_type=\"widget\" data-widget_type=\"text-editor.default\">\n\t\t\t\t<div class=\"elementor-widget-container\">\n\t\t\t\t\t\t\t\t<div class=\"elementor-text-editor elementor-clearfix\">\n\t\t\t\t<p><span style=\"font-weight: 400;\">Dieses luxuri\u00f6se Chateau in Saas-Fee Schweiz mit 3 Schlafzimmern und 2 Badezimmern bietet moderne Annehmlichkeiten und einen atemberaubenden Blick auf die Stadt und die Berge.  <\/span><\/p>\n<p><span style=\"font-weight: 400;\">Das Penthouse hat einen nach S\u00fcden ausgerichteten Balkon, der ideal ist, um die Sonne zu genie\u00dfen oder nachts die Sterne zu sehen. Das Wohnzimmer verf\u00fcgt \u00fcber einen Kamin, einen Smart-TV und kostenloses Wi-Fi.  <\/span><span style=\"font-weight: 400;\">Dar\u00fcber hinaus steht Ihnen eine voll ausgestattete K\u00fcche mit Nespresso-Maschine zur Verf\u00fcgung.  <\/span><\/p>\n<p><span style=\"font-weight: 400;\">Entspannen Sie sich im Wellnessbereich mit Jacuzzi, Sauna, Dampfbad, Kaltbad und Fitnessraum. Dieses Chateau in Saas-Fee bietet mehr als genug Platz f\u00fcr Paare, kleine Gruppen oder Familien.  <\/span><\/p>\n\t\t\t\t\t<\/div>\n\t\t\t\t\t\t<\/div>\n\t\t\t\t<\/div>\n\t\t\t\t<div class=\"elementor-element elementor-element-141a81de elementor-widget elementor-widget-text-editor\" data-id=\"141a81de\" data-element_type=\"widget\" data-widget_type=\"text-editor.default\">\n\t\t\t\t<div class=\"elementor-widget-container\">\n\t\t\t\t\t\t\t\t<div class=\"elementor-text-editor elementor-clearfix\">\n\t\t\t\t<ul>\n<li style=\"font-weight: 400;\" aria-level=\"1\"><span style=\"font-weight: 400;\">3 Schlafzimmer (ausgestattet mit einem Doppelbett von 180 cm Breite)<\/span><\/li>\n<li style=\"font-weight: 400;\" aria-level=\"1\"><span style=\"font-weight: 400;\">2 Badezimmer jeweils mit Badewanne und Toilette, 1 eigenes Bad  <\/span><\/li>\n<li style=\"font-weight: 400;\" aria-level=\"1\"><span style=\"font-weight: 400;\">Moderne offene K\u00fcche mit Nespresso-Maschine<\/span><\/li>\n<li style=\"font-weight: 400;\" aria-level=\"1\"><span style=\"font-weight: 400;\">Smart TV und kostenloses Wifi<\/span><\/li>\n<li style=\"font-weight: 400;\" aria-level=\"1\"><span style=\"font-weight: 400;\">Kamin im Wohnzimmer<\/span><\/li>\n<li style=\"font-weight: 400;\" aria-level=\"1\"><span style=\"font-weight: 400;\">S\u00fcdbalkon mit herrlicher Aussicht auf Saas-Fee  <\/span><\/li>\n<li style=\"font-weight: 400;\" aria-level=\"1\"><span style=\"font-weight: 400;\">Gro\u00dfer Wellnessbereich mit Jacuzzi, Sauna, Dampfbad, Kaltwasserbecken, Fitnessraum und Ruheraum (in der Nebensaison geschlossen)<\/span><\/li>\n<li style=\"font-weight: 400;\" aria-level=\"1\"><span style=\"font-weight: 400;\">400 m vom Zentrum von Saas-Fee  <\/span><\/li>\n<\/ul>\n\t\t\t\t\t<\/div>\n\t\t\t\t\t\t<\/div>\n\t\t\t\t<\/div>\n\t\t\t\t<div class=\"elementor-element elementor-element-38755d0a elementor-widget elementor-widget-heading\" data-id=\"38755d0a\" data-element_type=\"widget\" data-widget_type=\"heading.default\">\n\t\t\t\t<div class=\"elementor-widget-container\">\n\t\t\t<div class=\"elementor-heading-title elementor-size-default\"><a href=\"https:\/\/saas-fee.com\/overnight\/reservations\/\">Reservierungen<\/a><\/div>\t\t<\/div>\n\t\t\t\t<\/div>\n\t\t\t\t\t\t<\/div>\n\t\t\t\t\t<\/div>\n\t\t<\/div>\n\t\t\t\t<div class=\"elementor-column elementor-col-50 elementor-top-column elementor-element elementor-element-7a7b686 elementor-hidden-mobile\" data-id=\"7a7b686\" data-element_type=\"column\" data-settings=\"{&quot;background_background&quot;:&quot;classic&quot;}\">\n\t\t\t<div class=\"elementor-column-wrap\">\n\t\t\t\t\t<div class=\"elementor-background-overlay\"><\/div>\n\t\t\t\t\t\t\t<div class=\"elementor-widget-wrap\">\n\t\t\t\t\t\t\t\t<\/div>\n\t\t\t\t\t<\/div>\n\t\t<\/div>\n\t\t\t\t\t\t\t\t<\/div>\n\t\t\t\t\t<\/div>\n\t\t<\/section>\n\t\t\t\t<section class=\"elementor-section elementor-top-section elementor-element elementor-element-e1826e1 elementor-section-height-min-height elementor-section-boxed elementor-section-height-default elementor-section-items-middle\" data-id=\"e1826e1\" data-element_type=\"section\" data-settings=\"{&quot;background_background&quot;:&quot;classic&quot;}\">\n\t\t\t\t\t\t<div class=\"elementor-container elementor-column-gap-default\">\n\t\t\t\t\t\t\t<div class=\"elementor-row\">\n\t\t\t\t\t<div class=\"elementor-column elementor-col-100 elementor-top-column elementor-element elementor-element-8eb3a48\" data-id=\"8eb3a48\" data-element_type=\"column\">\n\t\t\t<div class=\"elementor-column-wrap elementor-element-populated\">\n\t\t\t\t\t\t\t<div class=\"elementor-widget-wrap\">\n\t\t\t\t\t\t<div class=\"elementor-element elementor-element-99568c1 elementor-widget elementor-widget-heading\" data-id=\"99568c1\" data-element_type=\"widget\" data-widget_type=\"heading.default\">\n\t\t\t\t<div class=\"elementor-widget-container\">\n\t\t\t<h2 class=\"elementor-heading-title elementor-size-default\">Anreise nach Chateau Saas-Fee<\/h2>\t\t<\/div>\n\t\t\t\t<\/div>\n\t\t\t\t<div class=\"elementor-element elementor-element-d49fff7 elementor-widget elementor-widget-text-editor\" data-id=\"d49fff7\" data-element_type=\"widget\" data-widget_type=\"text-editor.default\">\n\t\t\t\t<div class=\"elementor-widget-container\">\n\t\t\t\t\t\t\t\t<div class=\"elementor-text-editor elementor-clearfix\">\n\t\t\t\t<p style=\"text-align: left;\"><span style=\"font-weight: 400;\">Das Chateau ist nur 400 Meter vom Zentrum von Saas-Fee entfernt. In wenigen Minuten sind Sie zu Fu\u00df im Dorf. Saas-Fee setzt auf Nachhaltigkeit und gr\u00fcne Energie. Deshalb ist Saas-Fee seit 1951 autofrei und im Dorfzentrum sind nur elektrisch betriebene Fahrzeuge willkommen. Es gibt eine f\u00fcr Autos zug\u00e4ngliche Stra\u00dfe, die zu einem gro\u00dfen Parkplatz f\u00fchrt. In diesen Parkbuchten k\u00f6nnen Autos abgestellt werden. Von dort aus k\u00f6nnen Sie bequem mit einem Elektrotaxi zum Schloss in Saas-Fee fahren.  <\/span><\/p>\n\t\t\t\t\t<\/div>\n\t\t\t\t\t\t<\/div>\n\t\t\t\t<\/div>\n\t\t\t\t\t\t<\/div>\n\t\t\t\t\t<\/div>\n\t\t<\/div>\n\t\t\t\t\t\t\t\t<\/div>\n\t\t\t\t\t<\/div>\n\t\t<\/section>\n\t\t\t\t\t\t\t\t\t<\/div>\n\t\t\t<\/div>\n\t\t\t\t\t<\/div>\n\t\t","protected":false},"excerpt":{"rendered":"<p>Wo man in Saas-Fee \u00fcbernachtet Ein unvergesslicher Urlaub in der Schweiz, besuchen Sie Saas-Fee! Dieses charmante Schweizer Dorf beherbergt einige der besten Skipisten der Welt. Ein guter Aufenthalt ist nicht komplett ohne ein luxuri\u00f6ses Schloss, in dem Sie sich nach einem langen Tag voller Abenteuer entspannen k\u00f6nnen. Mit seiner g\u00fcnstigen Lage, weniger als 400 m [&hellip;]<\/p>\n","protected":false},"author":2,"featured_media":0,"parent":0,"menu_order":7,"comment_status":"closed","ping_status":"closed","template":"elementor_theme","meta":{"inline_featured_image":false},"yoast_head":"<!-- This site is optimized with the Yoast SEO plugin v19.14 - https:\/\/yoast.com\/wordpress\/plugins\/seo\/ -->\n<title>Wo man in Saas-Fee \u00fcbernachtet<\/title>\n<meta name=\"description\" content=\"Ein unvergesslicher Urlaub in der Schweiz, besuchen Sie Saas-Fee! In Saas-Fee befinden sich einige der besten Skipisten der Welt. Ein guter Aufenthalt ist nicht komplett ohne ein luxuri\u00f6ses Schloss.\" \/>\n<meta name=\"robots\" content=\"index, follow, max-snippet:-1, max-image-preview:large, max-video-preview:-1\" \/>\n<link rel=\"canonical\" href=\"https:\/\/saas-fee.com\/de\/ubernachtung\/\" \/>\n<meta property=\"og:locale\" content=\"de_DE\" \/>\n<meta property=\"og:type\" content=\"article\" \/>\n<meta property=\"og:title\" content=\"Wo man in Saas-Fee \u00fcbernachtet\" \/>\n<meta property=\"og:description\" content=\"Ein unvergesslicher Urlaub in der Schweiz, besuchen Sie Saas-Fee! In Saas-Fee befinden sich einige der besten Skipisten der Welt. Ein guter Aufenthalt ist nicht komplett ohne ein luxuri\u00f6ses Schloss.\" \/>\n<meta property=\"og:url\" content=\"https:\/\/saas-fee.com\/de\/ubernachtung\/\" \/>\n<meta property=\"og:site_name\" content=\"Saas-Fee\" \/>\n<meta property=\"article:modified_time\" content=\"2023-01-19T13:43:32+00:00\" \/>\n<meta name=\"twitter:card\" content=\"summary_large_image\" \/>\n<meta name=\"twitter:label1\" content=\"Gesch\u00e4tzte Lesezeit\" \/>\n\t<meta name=\"twitter:data1\" content=\"2\u00a0Minuten\" \/>\n<script type=\"application\/ld+json\" class=\"yoast-schema-graph\">{\"@context\":\"https:\/\/schema.org\",\"@graph\":[{\"@type\":\"WebPage\",\"@id\":\"https:\/\/saas-fee.com\/de\/ubernachtung\/\",\"url\":\"https:\/\/saas-fee.com\/de\/ubernachtung\/\",\"name\":\"Wo man in Saas-Fee \u00fcbernachtet\",\"isPartOf\":{\"@id\":\"https:\/\/saas-fee.com\/de\/#website\"},\"datePublished\":\"2023-01-19T13:43:05+00:00\",\"dateModified\":\"2023-01-19T13:43:32+00:00\",\"description\":\"Ein unvergesslicher Urlaub in der Schweiz, besuchen Sie Saas-Fee! In Saas-Fee befinden sich einige der besten Skipisten der Welt. Ein guter Aufenthalt ist nicht komplett ohne ein luxuri\u00f6ses Schloss.\",\"breadcrumb\":{\"@id\":\"https:\/\/saas-fee.com\/de\/ubernachtung\/#breadcrumb\"},\"inLanguage\":\"de\",\"potentialAction\":[{\"@type\":\"ReadAction\",\"target\":[\"https:\/\/saas-fee.com\/de\/ubernachtung\/\"]}]},{\"@type\":\"BreadcrumbList\",\"@id\":\"https:\/\/saas-fee.com\/de\/ubernachtung\/#breadcrumb\",\"itemListElement\":[{\"@type\":\"ListItem\",\"position\":1,\"name\":\"Home\",\"item\":\"https:\/\/saas-fee.com\/de\/homepage\/\"},{\"@type\":\"ListItem\",\"position\":2,\"name\":\"\u00dcbernachtung\"}]},{\"@type\":\"WebSite\",\"@id\":\"https:\/\/saas-fee.com\/de\/#website\",\"url\":\"https:\/\/saas-fee.com\/de\/\",\"name\":\"Saas-Fee\",\"description\":\"Huur een chalet in Saas-Fee, de parel van de Alpen\",\"publisher\":{\"@id\":\"https:\/\/saas-fee.com\/de\/#organization\"},\"potentialAction\":[{\"@type\":\"SearchAction\",\"target\":{\"@type\":\"EntryPoint\",\"urlTemplate\":\"https:\/\/saas-fee.com\/de\/?s={search_term_string}\"},\"query-input\":\"required name=search_term_string\"}],\"inLanguage\":\"de\"},{\"@type\":\"Organization\",\"@id\":\"https:\/\/saas-fee.com\/de\/#organization\",\"name\":\"Saas-Fee\",\"url\":\"https:\/\/saas-fee.com\/de\/\",\"logo\":{\"@type\":\"ImageObject\",\"inLanguage\":\"de\",\"@id\":\"https:\/\/saas-fee.com\/de\/#\/schema\/logo\/image\/\",\"url\":\"https:\/\/saas-fee.com\/wp-content\/uploads\/2022\/08\/Saas-Fee-logo-tijdelijk.svg\",\"contentUrl\":\"https:\/\/saas-fee.com\/wp-content\/uploads\/2022\/08\/Saas-Fee-logo-tijdelijk.svg\",\"width\":137,\"height\":26,\"caption\":\"Saas-Fee\"},\"image\":{\"@id\":\"https:\/\/saas-fee.com\/de\/#\/schema\/logo\/image\/\"}}]}<\/script>\n<!-- \/ Yoast SEO plugin. -->","yoast_head_json":{"title":"Wo man in Saas-Fee \u00fcbernachtet","description":"Ein unvergesslicher Urlaub in der Schweiz, besuchen Sie Saas-Fee! In Saas-Fee befinden sich einige der besten Skipisten der Welt. Ein guter Aufenthalt ist nicht komplett ohne ein luxuri\u00f6ses Schloss.","robots":{"index":"index","follow":"follow","max-snippet":"max-snippet:-1","max-image-preview":"max-image-preview:large","max-video-preview":"max-video-preview:-1"},"canonical":"https:\/\/saas-fee.com\/de\/ubernachtung\/","og_locale":"de_DE","og_type":"article","og_title":"Wo man in Saas-Fee \u00fcbernachtet","og_description":"Ein unvergesslicher Urlaub in der Schweiz, besuchen Sie Saas-Fee! In Saas-Fee befinden sich einige der besten Skipisten der Welt. Ein guter Aufenthalt ist nicht komplett ohne ein luxuri\u00f6ses Schloss.","og_url":"https:\/\/saas-fee.com\/de\/ubernachtung\/","og_site_name":"Saas-Fee","article_modified_time":"2023-01-19T13:43:32+00:00","twitter_card":"summary_large_image","twitter_misc":{"Gesch\u00e4tzte Lesezeit":"2\u00a0Minuten"},"schema":{"@context":"https:\/\/schema.org","@graph":[{"@type":"WebPage","@id":"https:\/\/saas-fee.com\/de\/ubernachtung\/","url":"https:\/\/saas-fee.com\/de\/ubernachtung\/","name":"Wo man in Saas-Fee \u00fcbernachtet","isPartOf":{"@id":"https:\/\/saas-fee.com\/de\/#website"},"datePublished":"2023-01-19T13:43:05+00:00","dateModified":"2023-01-19T13:43:32+00:00","description":"Ein unvergesslicher Urlaub in der Schweiz, besuchen Sie Saas-Fee! In Saas-Fee befinden sich einige der besten Skipisten der Welt. Ein guter Aufenthalt ist nicht komplett ohne ein luxuri\u00f6ses Schloss.","breadcrumb":{"@id":"https:\/\/saas-fee.com\/de\/ubernachtung\/#breadcrumb"},"inLanguage":"de","potentialAction":[{"@type":"ReadAction","target":["https:\/\/saas-fee.com\/de\/ubernachtung\/"]}]},{"@type":"BreadcrumbList","@id":"https:\/\/saas-fee.com\/de\/ubernachtung\/#breadcrumb","itemListElement":[{"@type":"ListItem","position":1,"name":"Home","item":"https:\/\/saas-fee.com\/de\/homepage\/"},{"@type":"ListItem","position":2,"name":"\u00dcbernachtung"}]},{"@type":"WebSite","@id":"https:\/\/saas-fee.com\/de\/#website","url":"https:\/\/saas-fee.com\/de\/","name":"Saas-Fee","description":"Huur een chalet in Saas-Fee, de parel van de Alpen","publisher":{"@id":"https:\/\/saas-fee.com\/de\/#organization"},"potentialAction":[{"@type":"SearchAction","target":{"@type":"EntryPoint","urlTemplate":"https:\/\/saas-fee.com\/de\/?s={search_term_string}"},"query-input":"required name=search_term_string"}],"inLanguage":"de"},{"@type":"Organization","@id":"https:\/\/saas-fee.com\/de\/#organization","name":"Saas-Fee","url":"https:\/\/saas-fee.com\/de\/","logo":{"@type":"ImageObject","inLanguage":"de","@id":"https:\/\/saas-fee.com\/de\/#\/schema\/logo\/image\/","url":"https:\/\/saas-fee.com\/wp-content\/uploads\/2022\/08\/Saas-Fee-logo-tijdelijk.svg","contentUrl":"https:\/\/saas-fee.com\/wp-content\/uploads\/2022\/08\/Saas-Fee-logo-tijdelijk.svg","width":137,"height":26,"caption":"Saas-Fee"},"image":{"@id":"https:\/\/saas-fee.com\/de\/#\/schema\/logo\/image\/"}}]}},"_links":{"self":[{"href":"https:\/\/saas-fee.com\/de\/wp-json\/wp\/v2\/pages\/3497"}],"collection":[{"href":"https:\/\/saas-fee.com\/de\/wp-json\/wp\/v2\/pages"}],"about":[{"href":"https:\/\/saas-fee.com\/de\/wp-json\/wp\/v2\/types\/page"}],"author":[{"embeddable":true,"href":"https:\/\/saas-fee.com\/de\/wp-json\/wp\/v2\/users\/2"}],"replies":[{"embeddable":true,"href":"https:\/\/saas-fee.com\/de\/wp-json\/wp\/v2\/comments?post=3497"}],"version-history":[{"count":3,"href":"https:\/\/saas-fee.com\/de\/wp-json\/wp\/v2\/pages\/3497\/revisions"}],"predecessor-version":[{"id":3530,"href":"https:\/\/saas-fee.com\/de\/wp-json\/wp\/v2\/pages\/3497\/revisions\/3530"}],"wp:attachment":[{"href":"https:\/\/saas-fee.com\/de\/wp-json\/wp\/v2\/media?parent=3497"}],"curies":[{"name":"wp","href":"https:\/\/api.w.org\/{rel}","templated":true}]}}