{"id":1830,"date":"2022-08-03T11:23:28","date_gmt":"2022-08-03T11:23:28","guid":{"rendered":"https:\/\/saas-fee.com\/?page_id=1830"},"modified":"2022-09-05T07:48:45","modified_gmt":"2022-09-05T07:48:45","slug":"skigebied-hoogte","status":"publish","type":"page","link":"https:\/\/saas-fee.com\/nl\/wintersporten\/skigebied-hoogte\/","title":{"rendered":"Skigebied &#038; hoogte"},"content":{"rendered":"\t\t<div data-elementor-type=\"wp-post\" data-elementor-id=\"1830\" class=\"elementor elementor-1830\">\n\t\t\t\t\t\t<div class=\"elementor-inner\">\n\t\t\t\t<div class=\"elementor-section-wrap\">\n\t\t\t\t\t\t\t\t\t<section class=\"elementor-section elementor-top-section elementor-element elementor-element-d2381ea elementor-section-height-min-height elementor-section-items-bottom elementor-section-boxed elementor-section-height-default\" data-id=\"d2381ea\" data-element_type=\"section\" data-settings=\"{&quot;background_background&quot;:&quot;classic&quot;}\">\n\t\t\t\t\t\t\t<div class=\"elementor-background-overlay\"><\/div>\n\t\t\t\t\t\t\t<div class=\"elementor-container elementor-column-gap-default\">\n\t\t\t\t\t\t\t<div class=\"elementor-row\">\n\t\t\t\t\t<div class=\"elementor-column elementor-col-100 elementor-top-column elementor-element elementor-element-fdc56de\" data-id=\"fdc56de\" data-element_type=\"column\">\n\t\t\t<div class=\"elementor-column-wrap elementor-element-populated\">\n\t\t\t\t\t\t\t<div class=\"elementor-widget-wrap\">\n\t\t\t\t\t\t<div class=\"elementor-element elementor-element-a3f1579 elementor-widget elementor-widget-heading\" data-id=\"a3f1579\" data-element_type=\"widget\" data-widget_type=\"heading.default\">\n\t\t\t\t<div class=\"elementor-widget-container\">\n\t\t\t<h1 class=\"elementor-heading-title elementor-size-default\">Skigebied & hoogte<\/h1>\t\t<\/div>\n\t\t\t\t<\/div>\n\t\t\t\t<div class=\"elementor-element elementor-element-6ae417f elementor-widget elementor-widget-breadcrumbs\" data-id=\"6ae417f\" data-element_type=\"widget\" data-widget_type=\"breadcrumbs.default\">\n\t\t\t\t<div class=\"elementor-widget-container\">\n\t\t\t<nav id=\"breadcrumbs\"><span><span><a href=\"https:\/\/saas-fee.com\/nl\/\">Home<\/a><\/span><\/span><\/nav>\t\t<\/div>\n\t\t\t\t<\/div>\n\t\t\t\t\t\t<\/div>\n\t\t\t\t\t<\/div>\n\t\t<\/div>\n\t\t\t\t\t\t\t\t<\/div>\n\t\t\t\t\t<\/div>\n\t\t<\/section>\n\t\t\t\t<section class=\"elementor-section elementor-top-section elementor-element elementor-element-f1e5e1b elementor-section-boxed elementor-section-height-default elementor-section-height-default\" data-id=\"f1e5e1b\" data-element_type=\"section\">\n\t\t\t\t\t\t<div class=\"elementor-container elementor-column-gap-default\">\n\t\t\t\t\t\t\t<div class=\"elementor-row\">\n\t\t\t\t\t<div class=\"elementor-column elementor-col-66 elementor-top-column elementor-element elementor-element-2b74201\" data-id=\"2b74201\" data-element_type=\"column\">\n\t\t\t<div class=\"elementor-column-wrap elementor-element-populated\">\n\t\t\t\t\t\t\t<div class=\"elementor-widget-wrap\">\n\t\t\t\t\t\t<div class=\"elementor-element elementor-element-7970b7f elementor-widget elementor-widget-text-editor\" data-id=\"7970b7f\" data-element_type=\"widget\" data-widget_type=\"text-editor.default\">\n\t\t\t\t<div class=\"elementor-widget-container\">\n\t\t\t\t\t\t\t\t<div class=\"elementor-text-editor elementor-clearfix\">\n\t\t\t\t<p><span style=\"font-weight: 400;\">Saas-Fee behoort samen met Saas-Grund en Saas-Almagell tot het Saastal. Het is een sneeuwzeker gebied wat komt door de hoge ligging van de pistes, namelijk tussen de 1800 en 3600 meter boven zeeniveau. Het is daardoor zelfs mogelijk om in de zomer te ski\u00ebn.\u00a0<\/span><\/p>\t\t\t\t\t<\/div>\n\t\t\t\t\t\t<\/div>\n\t\t\t\t<\/div>\n\t\t\t\t<div class=\"elementor-element elementor-element-3e9cefb elementor-widget elementor-widget-image\" data-id=\"3e9cefb\" data-element_type=\"widget\" data-widget_type=\"image.default\">\n\t\t\t\t<div class=\"elementor-widget-container\">\n\t\t\t\t\t\t\t\t<div class=\"elementor-image\">\n\t\t\t\t\t\t\t\t\t\t\t\t<img decoding=\"async\" src=\"https:\/\/saas-fee.com\/wp-content\/plugins\/elementor\/assets\/images\/placeholder.png\" title=\"\" alt=\"\" loading=\"lazy\" \/>\t\t\t\t\t\t\t\t\t\t\t\t\t\t<\/div>\n\t\t\t\t\t\t<\/div>\n\t\t\t\t<\/div>\n\t\t\t\t<div class=\"elementor-element elementor-element-fe94acf elementor-widget-divider--view-line elementor-widget elementor-widget-divider\" data-id=\"fe94acf\" data-element_type=\"widget\" data-widget_type=\"divider.default\">\n\t\t\t\t<div class=\"elementor-widget-container\">\n\t\t\t\t\t<div class=\"elementor-divider\">\n\t\t\t<span class=\"elementor-divider-separator\">\n\t\t\t\t\t\t<\/span>\n\t\t<\/div>\n\t\t\t\t<\/div>\n\t\t\t\t<\/div>\n\t\t\t\t<div class=\"elementor-element elementor-element-2f897a1 elementor-widget elementor-widget-heading\" data-id=\"2f897a1\" data-element_type=\"widget\" data-widget_type=\"heading.default\">\n\t\t\t\t<div class=\"elementor-widget-container\">\n\t\t\t<h2 class=\"elementor-heading-title elementor-size-default\">Hoogte Saas-Fee <\/h2>\t\t<\/div>\n\t\t\t\t<\/div>\n\t\t\t\t<div class=\"elementor-element elementor-element-1622dcc elementor-widget elementor-widget-text-editor\" data-id=\"1622dcc\" data-element_type=\"widget\" data-widget_type=\"text-editor.default\">\n\t\t\t\t<div class=\"elementor-widget-container\">\n\t\t\t\t\t\t\t\t<div class=\"elementor-text-editor elementor-clearfix\">\n\t\t\t\t<p><span style=\"font-weight: 400;\">Het dorp van Saas-Fee ligt op een hoogte van 1800 meter boven zeeniveau. \u00c9\u00e9n van de hoogste en indrukwekkendste bergen is de Dom die op 4545 meter hoog is. De Dom is \u00e9\u00e9n van de 13 vierduizenders die het Saastal omringen en het is de hoogste berg van Zwitserland. Deze besneeuwde bergtoppen samen met de ongerepte landschappen zorgen voor een prachtig uitzicht tijdens het <\/span><a href=\"https:\/\/saas-fee.com\/wintersporten\/skien\/\"><span style=\"font-weight: 400;\">ski\u00ebn<\/span><\/a><span style=\"font-weight: 400;\">, <\/span><a href=\"https:\/\/saas-fee.com\/activiteiten\/hiking\/\"><span style=\"font-weight: 400;\">wandelen<\/span><\/a><span style=\"font-weight: 400;\"> en vele andere <\/span><a href=\"https:\/\/saas-fee.com\/activiteiten\/\"><span style=\"font-weight: 400;\">activiteiten<\/span><\/a><span style=\"font-weight: 400;\">.\u00a0<\/span><\/p>\t\t\t\t\t<\/div>\n\t\t\t\t\t\t<\/div>\n\t\t\t\t<\/div>\n\t\t\t\t<div class=\"elementor-element elementor-element-2d500a1 elementor-widget elementor-widget-heading\" data-id=\"2d500a1\" data-element_type=\"widget\" data-widget_type=\"heading.default\">\n\t\t\t\t<div class=\"elementor-widget-container\">\n\t\t\t<h3 class=\"elementor-heading-title elementor-size-default\">13 vierduizenders<\/h3>\t\t<\/div>\n\t\t\t\t<\/div>\n\t\t\t\t<div class=\"elementor-element elementor-element-8a432ef elementor-widget elementor-widget-text-editor\" data-id=\"8a432ef\" data-element_type=\"widget\" data-widget_type=\"text-editor.default\">\n\t\t\t\t<div class=\"elementor-widget-container\">\n\t\t\t\t\t\t\t\t<div class=\"elementor-text-editor elementor-clearfix\">\n\t\t\t\t<p><span style=\"font-weight: 400;\">Tijdens het ski\u00ebn word je in Saas-Fee omringd door maar liefst 13 vierduizenders. Dit indrukkende uitzicht is adembenemend en iets wat het ski\u00ebn in Saas-Fee onvergetelijk maakt.\u00a0<\/span><\/p>\t\t\t\t\t<\/div>\n\t\t\t\t\t\t<\/div>\n\t\t\t\t<\/div>\n\t\t\t\t<div class=\"elementor-element elementor-element-714c657 elementor-widget elementor-widget-image\" data-id=\"714c657\" data-element_type=\"widget\" data-widget_type=\"image.default\">\n\t\t\t\t<div class=\"elementor-widget-container\">\n\t\t\t\t\t\t\t\t<div class=\"elementor-image\">\n\t\t\t\t\t\t\t\t\t\t\t\t<img decoding=\"async\" src=\"https:\/\/saas-fee.com\/wp-content\/plugins\/elementor\/assets\/images\/placeholder.png\" title=\"\" alt=\"\" loading=\"lazy\" \/>\t\t\t\t\t\t\t\t\t\t\t\t\t\t<\/div>\n\t\t\t\t\t\t<\/div>\n\t\t\t\t<\/div>\n\t\t\t\t<div class=\"elementor-element elementor-element-3ea01bf elementor-widget-divider--view-line elementor-widget elementor-widget-divider\" data-id=\"3ea01bf\" data-element_type=\"widget\" data-widget_type=\"divider.default\">\n\t\t\t\t<div class=\"elementor-widget-container\">\n\t\t\t\t\t<div class=\"elementor-divider\">\n\t\t\t<span class=\"elementor-divider-separator\">\n\t\t\t\t\t\t<\/span>\n\t\t<\/div>\n\t\t\t\t<\/div>\n\t\t\t\t<\/div>\n\t\t\t\t<div class=\"elementor-element elementor-element-43a5837 elementor-widget elementor-widget-heading\" data-id=\"43a5837\" data-element_type=\"widget\" data-widget_type=\"heading.default\">\n\t\t\t\t<div class=\"elementor-widget-container\">\n\t\t\t<h2 class=\"elementor-heading-title elementor-size-default\">Skigebied<\/h2>\t\t<\/div>\n\t\t\t\t<\/div>\n\t\t\t\t<div class=\"elementor-element elementor-element-a7794d2 elementor-widget elementor-widget-text-editor\" data-id=\"a7794d2\" data-element_type=\"widget\" data-widget_type=\"text-editor.default\">\n\t\t\t\t<div class=\"elementor-widget-container\">\n\t\t\t\t\t\t\t\t<div class=\"elementor-text-editor elementor-clearfix\">\n\t\t\t\t<p><span style=\"font-weight: 400;\">Het skigebied van Saas-Fee biedt voor ski\u00ebrs van elk niveau genoeg uitdagingen. Er is in Saas-Fee 100 km skigebied dat onderverdeeld is in verschillende pistes: 20 km blauw skigebied, 20 km zwart skigebied en 60 km rood skigebied. Het onderscheid van deze soorten en kleuren pistes komt door de hellingsgraad.\u00a0<\/span><\/p><ul><li style=\"font-weight: 400;\" aria-level=\"1\"><span style=\"font-weight: 400;\">De blauwe pistes heeft een zachte hellingsgraad tussen de 10 en 16 procent. Deze piste is gangbaar voor elke ski\u00ebr en ook beginners.\u00a0<\/span><\/li><li style=\"font-weight: 400;\" aria-level=\"1\"><span style=\"font-weight: 400;\">De rode pistes heeft een hellingsgraad tussen de 17 en 23 procent. Deze piste is een stuk moeilijker dan de blauwe piste en meer geschikt voor gevorderden.<\/span><\/li><li style=\"font-weight: 400;\" aria-level=\"1\"><span style=\"font-weight: 400;\">De zwarte pistes heeft een hellingsgraad vanaf 24 procent. Deze piste is het moeilijkst.\u00a0<\/span><\/li><\/ul><p><span style=\"font-weight: 400;\"><br \/>In Saas-Fee is er genoeg skigebied voor zowel de beginner als de gevorderde ski\u00ebr. Daarnaast zijn er vele <\/span><span style=\"font-weight: 400;\">skischolen<\/span><span style=\"font-weight: 400;\"> te vinden in Saas-Fee waar je terecht kunt voor skilessen.\u00a0<\/span><\/p><p><span style=\"font-weight: 400;\">In Saas-Fee zijn er weinig stoeltjesliften te vinden maar voornamelijk gondelbanen en sleepliften, dit komt doordat de Feegletscher vrijwel overal in het skigebied van Saas-Fee aanwezig is. Er zijn 12 sleepliften, 7 gondels en 2 stoeltjesliften aanwezig.\u00a0<\/span><\/p>\t\t\t\t\t<\/div>\n\t\t\t\t\t\t<\/div>\n\t\t\t\t<\/div>\n\t\t\t\t<div class=\"elementor-element elementor-element-a939dcc elementor-widget-divider--view-line elementor-widget elementor-widget-divider\" data-id=\"a939dcc\" data-element_type=\"widget\" data-widget_type=\"divider.default\">\n\t\t\t\t<div class=\"elementor-widget-container\">\n\t\t\t\t\t<div class=\"elementor-divider\">\n\t\t\t<span class=\"elementor-divider-separator\">\n\t\t\t\t\t\t<\/span>\n\t\t<\/div>\n\t\t\t\t<\/div>\n\t\t\t\t<\/div>\n\t\t\t\t<div class=\"elementor-element elementor-element-108e8ee elementor-widget elementor-widget-heading\" data-id=\"108e8ee\" data-element_type=\"widget\" data-widget_type=\"heading.default\">\n\t\t\t\t<div class=\"elementor-widget-container\">\n\t\t\t<h2 class=\"elementor-heading-title elementor-size-default\">Overnachten in Saas-Fee\n<\/h2>\t\t<\/div>\n\t\t\t\t<\/div>\n\t\t\t\t<div class=\"elementor-element elementor-element-62f737a elementor-widget elementor-widget-text-editor\" data-id=\"62f737a\" data-element_type=\"widget\" data-widget_type=\"text-editor.default\">\n\t\t\t\t<div class=\"elementor-widget-container\">\n\t\t\t\t\t\t\t\t<div class=\"elementor-text-editor elementor-clearfix\">\n\t\t\t\t<p><span style=\"font-weight: 400;\">Saas-Fee heeft voor elk wat wils met zijn verscheidenheid aan activiteiten. Om ultiem te genieten mag een goed verblijf niet ontbreken. En wat is er beter dan een luxe chateau nog geen 400 meter van het centrum?<\/span><\/p>\t\t\t\t\t<\/div>\n\t\t\t\t\t\t<\/div>\n\t\t\t\t<\/div>\n\t\t\t\t<div class=\"elementor-element elementor-element-e05be8c elementor-widget elementor-widget-heading\" data-id=\"e05be8c\" data-element_type=\"widget\" data-widget_type=\"heading.default\">\n\t\t\t\t<div class=\"elementor-widget-container\">\n\t\t\t<h3 class=\"elementor-heading-title elementor-size-default\">Chateau reserveren \n<\/h3>\t\t<\/div>\n\t\t\t\t<\/div>\n\t\t\t\t<div class=\"elementor-element elementor-element-8c6cec7 elementor-widget elementor-widget-text-editor\" data-id=\"8c6cec7\" data-element_type=\"widget\" data-widget_type=\"text-editor.default\">\n\t\t\t\t<div class=\"elementor-widget-container\">\n\t\t\t\t\t\t\t\t<div class=\"elementor-text-editor elementor-clearfix\">\n\t\t\t\t<p><span style=\"font-weight: 400;\">Stap binnen in de luxe wereld van Saas-Fee. Deze luxe chateau ligt gelegen om nog geen 400 meter van het centrum en op loopafstand van verschillende skiliften. Je kunt hier genieten van de verschillende moderne voorzieningen zoals een uitgebreide keuken en woonkamer, jacuzzi en sauna. Het chateau heeft 3 slaapkamers met 2 tweepersoonsbedden en 2 eenpersoonsbedden.\u00a0<\/span><\/p>\t\t\t\t\t<\/div>\n\t\t\t\t\t\t<\/div>\n\t\t\t\t<\/div>\n\t\t\t\t\t\t<\/div>\n\t\t\t\t\t<\/div>\n\t\t<\/div>\n\t\t\t\t<div class=\"elementor-column elementor-col-33 elementor-top-column elementor-element elementor-element-7d51094\" data-id=\"7d51094\" data-element_type=\"column\">\n\t\t\t<div class=\"elementor-column-wrap elementor-element-populated\">\n\t\t\t\t\t\t\t<div class=\"elementor-widget-wrap\">\n\t\t\t\t\t\t\t\t<\/div>\n\t\t\t\t\t<\/div>\n\t\t<\/div>\n\t\t\t\t\t\t\t\t<\/div>\n\t\t\t\t\t<\/div>\n\t\t<\/section>\n\t\t\t\t\t\t\t\t\t<\/div>\n\t\t\t<\/div>\n\t\t\t\t\t<\/div>\n\t\t","protected":false},"excerpt":{"rendered":"<p>Skigebied &amp; hoogte Saas-Fee behoort samen met Saas-Grund en Saas-Almagell tot het Saastal. Het is een sneeuwzeker gebied wat komt door de hoge ligging van de pistes, namelijk tussen de 1800 en 3600 meter boven zeeniveau. Het is daardoor zelfs mogelijk om in de zomer te ski\u00ebn.&nbsp; Hoogte Saas-Fee Het dorp van Saas-Fee ligt op [&hellip;]<\/p>\n","protected":false},"author":2,"featured_media":0,"parent":1124,"menu_order":7,"comment_status":"closed","ping_status":"closed","template":"elementor_theme","meta":{"inline_featured_image":false},"yoast_head":"<!-- This site is optimized with the Yoast SEO plugin v19.14 - https:\/\/yoast.com\/wordpress\/plugins\/seo\/ -->\n<title>Saas-Fee skigebied<\/title>\n<meta name=\"description\" content=\"Het skigebied van Saas-Fee biedt genoeg uitdagingen voor ski\u00ebrs van alle niveaus. Het skigebied is onderverdeeld in blauwe, rode en zwarte pistes.\" \/>\n<meta name=\"robots\" content=\"index, follow, max-snippet:-1, max-image-preview:large, max-video-preview:-1\" \/>\n<link rel=\"canonical\" href=\"https:\/\/saas-fee.com\/nl\/wintersporten\/skigebied-hoogte\/\" \/>\n<meta property=\"og:locale\" content=\"nl_NL\" \/>\n<meta property=\"og:type\" content=\"article\" \/>\n<meta property=\"og:title\" content=\"Saas-Fee skigebied\" \/>\n<meta property=\"og:description\" content=\"Het skigebied van Saas-Fee biedt genoeg uitdagingen voor ski\u00ebrs van alle niveaus. Het skigebied is onderverdeeld in blauwe, rode en zwarte pistes.\" \/>\n<meta property=\"og:url\" content=\"https:\/\/saas-fee.com\/nl\/wintersporten\/skigebied-hoogte\/\" \/>\n<meta property=\"og:site_name\" content=\"Saas-Fee\" \/>\n<meta property=\"article:modified_time\" content=\"2022-09-05T07:48:45+00:00\" \/>\n<meta property=\"og:image\" content=\"https:\/\/saas-fee.com\/wp-content\/plugins\/elementor\/assets\/images\/placeholder.png\" \/>\n<meta name=\"twitter:card\" content=\"summary_large_image\" \/>\n<meta name=\"twitter:label1\" content=\"Geschatte leestijd\" \/>\n\t<meta name=\"twitter:data1\" content=\"3 minuten\" \/>\n<script type=\"application\/ld+json\" class=\"yoast-schema-graph\">{\"@context\":\"https:\/\/schema.org\",\"@graph\":[{\"@type\":\"WebPage\",\"@id\":\"https:\/\/saas-fee.com\/nl\/wintersporten\/skigebied-hoogte\/\",\"url\":\"https:\/\/saas-fee.com\/nl\/wintersporten\/skigebied-hoogte\/\",\"name\":\"Saas-Fee skigebied\",\"isPartOf\":{\"@id\":\"https:\/\/saas-fee.com\/nl\/#website\"},\"datePublished\":\"2022-08-03T11:23:28+00:00\",\"dateModified\":\"2022-09-05T07:48:45+00:00\",\"description\":\"Het skigebied van Saas-Fee biedt genoeg uitdagingen voor ski\u00ebrs van alle niveaus. Het skigebied is onderverdeeld in blauwe, rode en zwarte pistes.\",\"breadcrumb\":{\"@id\":\"https:\/\/saas-fee.com\/nl\/wintersporten\/skigebied-hoogte\/#breadcrumb\"},\"inLanguage\":\"nl\",\"potentialAction\":[{\"@type\":\"ReadAction\",\"target\":[\"https:\/\/saas-fee.com\/nl\/wintersporten\/skigebied-hoogte\/\"]}]},{\"@type\":\"BreadcrumbList\",\"@id\":\"https:\/\/saas-fee.com\/nl\/wintersporten\/skigebied-hoogte\/#breadcrumb\",\"itemListElement\":[{\"@type\":\"ListItem\",\"position\":1,\"name\":\"Home\",\"item\":\"https:\/\/saas-fee.com\/nl\/\"},{\"@type\":\"ListItem\",\"position\":2,\"name\":\"Wintersporten\",\"item\":\"https:\/\/saas-fee.com\/nl\/wintersporten\/\"},{\"@type\":\"ListItem\",\"position\":3,\"name\":\"Skigebied &#038; hoogte\"}]},{\"@type\":\"WebSite\",\"@id\":\"https:\/\/saas-fee.com\/nl\/#website\",\"url\":\"https:\/\/saas-fee.com\/nl\/\",\"name\":\"Saas-Fee\",\"description\":\"Huur een chalet in Saas-Fee, de parel van de Alpen\",\"publisher\":{\"@id\":\"https:\/\/saas-fee.com\/nl\/#organization\"},\"potentialAction\":[{\"@type\":\"SearchAction\",\"target\":{\"@type\":\"EntryPoint\",\"urlTemplate\":\"https:\/\/saas-fee.com\/nl\/?s={search_term_string}\"},\"query-input\":\"required name=search_term_string\"}],\"inLanguage\":\"nl\"},{\"@type\":\"Organization\",\"@id\":\"https:\/\/saas-fee.com\/nl\/#organization\",\"name\":\"Saas-Fee\",\"url\":\"https:\/\/saas-fee.com\/nl\/\",\"logo\":{\"@type\":\"ImageObject\",\"inLanguage\":\"nl\",\"@id\":\"https:\/\/saas-fee.com\/nl\/#\/schema\/logo\/image\/\",\"url\":\"https:\/\/saas-fee.com\/wp-content\/uploads\/2022\/08\/Saas-Fee-logo-tijdelijk.svg\",\"contentUrl\":\"https:\/\/saas-fee.com\/wp-content\/uploads\/2022\/08\/Saas-Fee-logo-tijdelijk.svg\",\"width\":137,\"height\":26,\"caption\":\"Saas-Fee\"},\"image\":{\"@id\":\"https:\/\/saas-fee.com\/nl\/#\/schema\/logo\/image\/\"}}]}<\/script>\n<!-- \/ Yoast SEO plugin. -->","yoast_head_json":{"title":"Saas-Fee skigebied","description":"Het skigebied van Saas-Fee biedt genoeg uitdagingen voor ski\u00ebrs van alle niveaus. Het skigebied is onderverdeeld in blauwe, rode en zwarte pistes.","robots":{"index":"index","follow":"follow","max-snippet":"max-snippet:-1","max-image-preview":"max-image-preview:large","max-video-preview":"max-video-preview:-1"},"canonical":"https:\/\/saas-fee.com\/nl\/wintersporten\/skigebied-hoogte\/","og_locale":"nl_NL","og_type":"article","og_title":"Saas-Fee skigebied","og_description":"Het skigebied van Saas-Fee biedt genoeg uitdagingen voor ski\u00ebrs van alle niveaus. Het skigebied is onderverdeeld in blauwe, rode en zwarte pistes.","og_url":"https:\/\/saas-fee.com\/nl\/wintersporten\/skigebied-hoogte\/","og_site_name":"Saas-Fee","article_modified_time":"2022-09-05T07:48:45+00:00","og_image":[{"url":"https:\/\/saas-fee.com\/wp-content\/plugins\/elementor\/assets\/images\/placeholder.png"}],"twitter_card":"summary_large_image","twitter_misc":{"Geschatte leestijd":"3 minuten"},"schema":{"@context":"https:\/\/schema.org","@graph":[{"@type":"WebPage","@id":"https:\/\/saas-fee.com\/nl\/wintersporten\/skigebied-hoogte\/","url":"https:\/\/saas-fee.com\/nl\/wintersporten\/skigebied-hoogte\/","name":"Saas-Fee skigebied","isPartOf":{"@id":"https:\/\/saas-fee.com\/nl\/#website"},"datePublished":"2022-08-03T11:23:28+00:00","dateModified":"2022-09-05T07:48:45+00:00","description":"Het skigebied van Saas-Fee biedt genoeg uitdagingen voor ski\u00ebrs van alle niveaus. Het skigebied is onderverdeeld in blauwe, rode en zwarte pistes.","breadcrumb":{"@id":"https:\/\/saas-fee.com\/nl\/wintersporten\/skigebied-hoogte\/#breadcrumb"},"inLanguage":"nl","potentialAction":[{"@type":"ReadAction","target":["https:\/\/saas-fee.com\/nl\/wintersporten\/skigebied-hoogte\/"]}]},{"@type":"BreadcrumbList","@id":"https:\/\/saas-fee.com\/nl\/wintersporten\/skigebied-hoogte\/#breadcrumb","itemListElement":[{"@type":"ListItem","position":1,"name":"Home","item":"https:\/\/saas-fee.com\/nl\/"},{"@type":"ListItem","position":2,"name":"Wintersporten","item":"https:\/\/saas-fee.com\/nl\/wintersporten\/"},{"@type":"ListItem","position":3,"name":"Skigebied &#038; hoogte"}]},{"@type":"WebSite","@id":"https:\/\/saas-fee.com\/nl\/#website","url":"https:\/\/saas-fee.com\/nl\/","name":"Saas-Fee","description":"Huur een chalet in Saas-Fee, de parel van de Alpen","publisher":{"@id":"https:\/\/saas-fee.com\/nl\/#organization"},"potentialAction":[{"@type":"SearchAction","target":{"@type":"EntryPoint","urlTemplate":"https:\/\/saas-fee.com\/nl\/?s={search_term_string}"},"query-input":"required name=search_term_string"}],"inLanguage":"nl"},{"@type":"Organization","@id":"https:\/\/saas-fee.com\/nl\/#organization","name":"Saas-Fee","url":"https:\/\/saas-fee.com\/nl\/","logo":{"@type":"ImageObject","inLanguage":"nl","@id":"https:\/\/saas-fee.com\/nl\/#\/schema\/logo\/image\/","url":"https:\/\/saas-fee.com\/wp-content\/uploads\/2022\/08\/Saas-Fee-logo-tijdelijk.svg","contentUrl":"https:\/\/saas-fee.com\/wp-content\/uploads\/2022\/08\/Saas-Fee-logo-tijdelijk.svg","width":137,"height":26,"caption":"Saas-Fee"},"image":{"@id":"https:\/\/saas-fee.com\/nl\/#\/schema\/logo\/image\/"}}]}},"_links":{"self":[{"href":"https:\/\/saas-fee.com\/nl\/wp-json\/wp\/v2\/pages\/1830"}],"collection":[{"href":"https:\/\/saas-fee.com\/nl\/wp-json\/wp\/v2\/pages"}],"about":[{"href":"https:\/\/saas-fee.com\/nl\/wp-json\/wp\/v2\/types\/page"}],"author":[{"embeddable":true,"href":"https:\/\/saas-fee.com\/nl\/wp-json\/wp\/v2\/users\/2"}],"replies":[{"embeddable":true,"href":"https:\/\/saas-fee.com\/nl\/wp-json\/wp\/v2\/comments?post=1830"}],"version-history":[{"count":14,"href":"https:\/\/saas-fee.com\/nl\/wp-json\/wp\/v2\/pages\/1830\/revisions"}],"predecessor-version":[{"id":2808,"href":"https:\/\/saas-fee.com\/nl\/wp-json\/wp\/v2\/pages\/1830\/revisions\/2808"}],"up":[{"embeddable":true,"href":"https:\/\/saas-fee.com\/nl\/wp-json\/wp\/v2\/pages\/1124"}],"wp:attachment":[{"href":"https:\/\/saas-fee.com\/nl\/wp-json\/wp\/v2\/media?parent=1830"}],"curies":[{"name":"wp","href":"https:\/\/api.w.org\/{rel}","templated":true}]}}