{"id":1838,"date":"2022-08-03T11:25:35","date_gmt":"2022-08-03T11:25:35","guid":{"rendered":"https:\/\/saas-fee.com\/?page_id=1838"},"modified":"2022-09-05T07:47:06","modified_gmt":"2022-09-05T07:47:06","slug":"apres-ski","status":"publish","type":"page","link":"https:\/\/saas-fee.com\/nl\/ontspanning\/apres-ski\/","title":{"rendered":"Apres ski"},"content":{"rendered":"\t\t<div data-elementor-type=\"wp-post\" data-elementor-id=\"1838\" class=\"elementor elementor-1838\">\n\t\t\t\t\t\t<div class=\"elementor-inner\">\n\t\t\t\t<div class=\"elementor-section-wrap\">\n\t\t\t\t\t\t\t\t\t<section class=\"elementor-section elementor-top-section elementor-element elementor-element-d2381ea elementor-section-height-min-height elementor-section-items-bottom elementor-section-boxed elementor-section-height-default\" data-id=\"d2381ea\" data-element_type=\"section\" data-settings=\"{&quot;background_background&quot;:&quot;classic&quot;}\">\n\t\t\t\t\t\t\t<div class=\"elementor-background-overlay\"><\/div>\n\t\t\t\t\t\t\t<div class=\"elementor-container elementor-column-gap-default\">\n\t\t\t\t\t\t\t<div class=\"elementor-row\">\n\t\t\t\t\t<div class=\"elementor-column elementor-col-100 elementor-top-column elementor-element elementor-element-fdc56de\" data-id=\"fdc56de\" data-element_type=\"column\">\n\t\t\t<div class=\"elementor-column-wrap elementor-element-populated\">\n\t\t\t\t\t\t\t<div class=\"elementor-widget-wrap\">\n\t\t\t\t\t\t<div class=\"elementor-element elementor-element-a3f1579 elementor-widget elementor-widget-heading\" data-id=\"a3f1579\" data-element_type=\"widget\" data-widget_type=\"heading.default\">\n\t\t\t\t<div class=\"elementor-widget-container\">\n\t\t\t<h1 class=\"elementor-heading-title elementor-size-default\">Apr\u00e8s-ski<\/h1>\t\t<\/div>\n\t\t\t\t<\/div>\n\t\t\t\t<div class=\"elementor-element elementor-element-6ae417f elementor-widget elementor-widget-breadcrumbs\" data-id=\"6ae417f\" data-element_type=\"widget\" data-widget_type=\"breadcrumbs.default\">\n\t\t\t\t<div class=\"elementor-widget-container\">\n\t\t\t<nav id=\"breadcrumbs\"><span><span><a href=\"https:\/\/saas-fee.com\/nl\/\">Home<\/a><\/span><\/span><\/nav>\t\t<\/div>\n\t\t\t\t<\/div>\n\t\t\t\t\t\t<\/div>\n\t\t\t\t\t<\/div>\n\t\t<\/div>\n\t\t\t\t\t\t\t\t<\/div>\n\t\t\t\t\t<\/div>\n\t\t<\/section>\n\t\t\t\t<section class=\"elementor-section elementor-top-section elementor-element elementor-element-f1e5e1b elementor-section-boxed elementor-section-height-default elementor-section-height-default\" data-id=\"f1e5e1b\" data-element_type=\"section\">\n\t\t\t\t\t\t<div class=\"elementor-container elementor-column-gap-default\">\n\t\t\t\t\t\t\t<div class=\"elementor-row\">\n\t\t\t\t\t<div class=\"elementor-column elementor-col-66 elementor-top-column elementor-element elementor-element-2b74201\" data-id=\"2b74201\" data-element_type=\"column\">\n\t\t\t<div class=\"elementor-column-wrap elementor-element-populated\">\n\t\t\t\t\t\t\t<div class=\"elementor-widget-wrap\">\n\t\t\t\t\t\t<div class=\"elementor-element elementor-element-7970b7f elementor-widget elementor-widget-text-editor\" data-id=\"7970b7f\" data-element_type=\"widget\" data-widget_type=\"text-editor.default\">\n\t\t\t\t<div class=\"elementor-widget-container\">\n\t\t\t\t\t\t\t\t<div class=\"elementor-text-editor elementor-clearfix\">\n\t\t\t\t<p><span style=\"font-weight: 400;\">Apr\u00e8s-ski: de term die wordt gebruikt voor het gezellig samenzijn na afloop van een lange dag op de piste. Jong en oud drinken samen gezellig een borrel en praten na over de geweldige ski- of snowboard tocht die ze hebben gehad. In vele gevallen vindt dit plaats op het terras, in grote groepen. Een traditie waarbij lokale specialiteiten op tafel komen om van te genieten, gecombineerd met een drankje.\u00a0<\/span><\/p>\t\t\t\t\t<\/div>\n\t\t\t\t\t\t<\/div>\n\t\t\t\t<\/div>\n\t\t\t\t<div class=\"elementor-element elementor-element-3e9cefb elementor-widget elementor-widget-image\" data-id=\"3e9cefb\" data-element_type=\"widget\" data-widget_type=\"image.default\">\n\t\t\t\t<div class=\"elementor-widget-container\">\n\t\t\t\t\t\t\t\t<div class=\"elementor-image\">\n\t\t\t\t\t\t\t\t\t\t\t\t<img decoding=\"async\" width=\"800\" height=\"705\" src=\"https:\/\/saas-fee.com\/wp-content\/uploads\/2022\/08\/spenser-sembrat-4xkpatOml7A-unsplash-1024x903.jpg\" class=\"attachment-large size-large wp-image-2089\" alt=\"\" srcset=\"https:\/\/saas-fee.com\/wp-content\/uploads\/2022\/08\/spenser-sembrat-4xkpatOml7A-unsplash-1024x903.jpg 1024w, https:\/\/saas-fee.com\/wp-content\/uploads\/2022\/08\/spenser-sembrat-4xkpatOml7A-unsplash-300x265.jpg 300w, https:\/\/saas-fee.com\/wp-content\/uploads\/2022\/08\/spenser-sembrat-4xkpatOml7A-unsplash-768x677.jpg 768w, https:\/\/saas-fee.com\/wp-content\/uploads\/2022\/08\/spenser-sembrat-4xkpatOml7A-unsplash-1536x1354.jpg 1536w, https:\/\/saas-fee.com\/wp-content\/uploads\/2022\/08\/spenser-sembrat-4xkpatOml7A-unsplash-2048x1806.jpg 2048w\" sizes=\"(max-width: 800px) 100vw, 800px\" \/>\t\t\t\t\t\t\t\t\t\t\t\t\t\t<\/div>\n\t\t\t\t\t\t<\/div>\n\t\t\t\t<\/div>\n\t\t\t\t<div class=\"elementor-element elementor-element-fe94acf elementor-widget-divider--view-line elementor-widget elementor-widget-divider\" data-id=\"fe94acf\" data-element_type=\"widget\" data-widget_type=\"divider.default\">\n\t\t\t\t<div class=\"elementor-widget-container\">\n\t\t\t\t\t<div class=\"elementor-divider\">\n\t\t\t<span class=\"elementor-divider-separator\">\n\t\t\t\t\t\t<\/span>\n\t\t<\/div>\n\t\t\t\t<\/div>\n\t\t\t\t<\/div>\n\t\t\t\t<div class=\"elementor-element elementor-element-2f897a1 elementor-widget elementor-widget-heading\" data-id=\"2f897a1\" data-element_type=\"widget\" data-widget_type=\"heading.default\">\n\t\t\t\t<div class=\"elementor-widget-container\">\n\t\t\t<h2 class=\"elementor-heading-title elementor-size-default\">Apr\u00e8s-ski in Saas-Fee <\/h2>\t\t<\/div>\n\t\t\t\t<\/div>\n\t\t\t\t<div class=\"elementor-element elementor-element-1622dcc elementor-widget elementor-widget-text-editor\" data-id=\"1622dcc\" data-element_type=\"widget\" data-widget_type=\"text-editor.default\">\n\t\t\t\t<div class=\"elementor-widget-container\">\n\t\t\t\t\t\t\t\t<div class=\"elementor-text-editor elementor-clearfix\">\n\t\t\t\t<p><span style=\"font-weight: 400;\">Liefhebbers van apr\u00e8s-ski zijn in het Zwitserse dorp aan het juiste adres. Saas-Fee heeft namelijk een uitgebreid aanbod aan apr\u00e8s-ski bars. In het dorp kun je een zogenaamde \u201cApres-ski-mile\u201d vinden. In Saas-Fee staat deze beter bekend als de <\/span><i><span style=\"font-weight: 400;\">Gletscherstrasse.<\/span><\/i><span style=\"font-weight: 400;\"> Hier zijn meerdere apr\u00e8s-ski hutten te vinden waarvan ook een paar over grote terrassen beschikken.\u00a0<\/span><\/p><p><span style=\"font-weight: 400;\">Om er zeker van te zijn dat jij bij de juiste plek kunt genieten van lokale <\/span><i><span style=\"font-weight: 400;\">Schnaps, <\/span><\/i><span style=\"font-weight: 400;\">hebben wij een overzicht gemaakt van de beste apr\u00e8s-ski bars in Saas-Fee.<\/span><\/p>\t\t\t\t\t<\/div>\n\t\t\t\t\t\t<\/div>\n\t\t\t\t<\/div>\n\t\t\t\t<div class=\"elementor-element elementor-element-2d500a1 elementor-widget elementor-widget-heading\" data-id=\"2d500a1\" data-element_type=\"widget\" data-widget_type=\"heading.default\">\n\t\t\t\t<div class=\"elementor-widget-container\">\n\t\t\t<h3 class=\"elementor-heading-title elementor-size-default\">Black Bull Snowbar<\/h3>\t\t<\/div>\n\t\t\t\t<\/div>\n\t\t\t\t<div class=\"elementor-element elementor-element-8a432ef elementor-widget elementor-widget-text-editor\" data-id=\"8a432ef\" data-element_type=\"widget\" data-widget_type=\"text-editor.default\">\n\t\t\t\t<div class=\"elementor-widget-container\">\n\t\t\t\t\t\t\t\t<div class=\"elementor-text-editor elementor-clearfix\">\n\t\t\t\t<p><span style=\"font-weight: 400;\">Een van de populaire plekken voor apr\u00e8s-ski is de Black Bull Snowbar. Maandag tot en met zondag kun je hier komen feesten. De mooie knusse houten hut heeft genoeg ruimte om uitgebreid van jouw in Saas-Fee tijd te genieten. Ook kun je hier met goed weer op het buitenterras plaatsnemen.\u00a0<\/span><\/p><p><span style=\"font-weight: 400;\">Locatie: <\/span><i><span style=\"font-weight: 400;\">Ober Dorfstrasse 43, 3906 Saas-Fee, Zwitserland<\/span><\/i><\/p>\t\t\t\t\t<\/div>\n\t\t\t\t\t\t<\/div>\n\t\t\t\t<\/div>\n\t\t\t\t<div class=\"elementor-element elementor-element-985f2f8 elementor-widget elementor-widget-heading\" data-id=\"985f2f8\" data-element_type=\"widget\" data-widget_type=\"heading.default\">\n\t\t\t\t<div class=\"elementor-widget-container\">\n\t\t\t<h3 class=\"elementor-heading-title elementor-size-default\">Popcorn<\/h3>\t\t<\/div>\n\t\t\t\t<\/div>\n\t\t\t\t<div class=\"elementor-element elementor-element-da8de6a elementor-widget elementor-widget-text-editor\" data-id=\"da8de6a\" data-element_type=\"widget\" data-widget_type=\"text-editor.default\">\n\t\t\t\t<div class=\"elementor-widget-container\">\n\t\t\t\t\t\t\t\t<div class=\"elementor-text-editor elementor-clearfix\">\n\t\t\t\t<p><span style=\"font-weight: 400;\">Op zoek naar een plek waar jij tot in de vroege uren door kunt gaan? Dan is Popcorn de juiste plek. Hier kun je van maandag tot en met zondag tot 3:30 feesten. Het is dan ook handig om te weten, dat je hier ook terecht kunt voor ontbijt, wanneer het te gezellig is geweest.\u00a0<\/span><\/p><p><span style=\"font-weight: 400;\">Ook kun je ook veel plezier hebben met tafelvoetbal, biljart of darts.\u00a0<\/span><\/p><p><span style=\"font-weight: 400;\">Locatie: <\/span><i><span style=\"font-weight: 400;\">Obere Dorfstrasse 6, 3906 Saas-Fee, Zwitserland<\/span><\/i><\/p>\t\t\t\t\t<\/div>\n\t\t\t\t\t\t<\/div>\n\t\t\t\t<\/div>\n\t\t\t\t<div class=\"elementor-element elementor-element-48c47d6 elementor-widget elementor-widget-heading\" data-id=\"48c47d6\" data-element_type=\"widget\" data-widget_type=\"heading.default\">\n\t\t\t\t<div class=\"elementor-widget-container\">\n\t\t\t<h3 class=\"elementor-heading-title elementor-size-default\">Ski-H\u00fctte Burgener \n<\/h3>\t\t<\/div>\n\t\t\t\t<\/div>\n\t\t\t\t<div class=\"elementor-element elementor-element-68db155 elementor-widget elementor-widget-text-editor\" data-id=\"68db155\" data-element_type=\"widget\" data-widget_type=\"text-editor.default\">\n\t\t\t\t<div class=\"elementor-widget-container\">\n\t\t\t\t\t\t\t\t<div class=\"elementor-text-editor elementor-clearfix\">\n\t\t\t\t<p><span style=\"font-weight: 400;\">Is rustig genieten van een goed glas wijn meer iets voor jou? Dan is de stijlvolle bar Ski-H\u00fctte Brugener iets voor jou! De bar heeft een trendy houten uitstraling en aankleding met sfeervolle verlichting en design stoelen. Het gaat er hier wat chiquer aan toe dan in een algemene apr\u00e8s-ski bar.\u00a0<\/span><\/p><p><span style=\"font-weight: 400;\">Locatie: <\/span><i><span style=\"font-weight: 400;\">Dorfstrasse 43, 3906 Saas-Fee, Zwitserland<\/span><\/i><\/p>\t\t\t\t\t<\/div>\n\t\t\t\t\t\t<\/div>\n\t\t\t\t<\/div>\n\t\t\t\t<div class=\"elementor-element elementor-element-caccc89 elementor-widget elementor-widget-heading\" data-id=\"caccc89\" data-element_type=\"widget\" data-widget_type=\"heading.default\">\n\t\t\t\t<div class=\"elementor-widget-container\">\n\t\t\t<h3 class=\"elementor-heading-title elementor-size-default\">Zur M\u00fchle \n<\/h3>\t\t<\/div>\n\t\t\t\t<\/div>\n\t\t\t\t<div class=\"elementor-element elementor-element-8e02268 elementor-widget elementor-widget-text-editor\" data-id=\"8e02268\" data-element_type=\"widget\" data-widget_type=\"text-editor.default\">\n\t\t\t\t<div class=\"elementor-widget-container\">\n\t\t\t\t\t\t\t\t<div class=\"elementor-text-editor elementor-clearfix\">\n\t\t\t\t<p><span style=\"font-weight: 400;\">Jong en oud komen bij Zur M\u00fchle samen om gezellig iets te drinken of om te dansen. Over het algemeen ligt de leeftijd wat hoger dan de nabijgelegen apr\u00e8s-ski bars. Hier kun je genieten van de juiste muziek met een glas Hugo. De juist plek om jouw wintersport dag af te sluiten!<\/span><\/p><p><span style=\"font-weight: 400;\">Locatie: <\/span><i><span style=\"font-weight: 400;\">Dorfstrasse 61, 3906 Saas-Fee, Zwitserland<\/span><\/i><\/p>\t\t\t\t\t<\/div>\n\t\t\t\t\t\t<\/div>\n\t\t\t\t<\/div>\n\t\t\t\t<div class=\"elementor-element elementor-element-714c657 elementor-widget elementor-widget-image\" data-id=\"714c657\" data-element_type=\"widget\" data-widget_type=\"image.default\">\n\t\t\t\t<div class=\"elementor-widget-container\">\n\t\t\t\t\t\t\t\t<div class=\"elementor-image\">\n\t\t\t\t\t\t\t\t\t\t\t\t<img decoding=\"async\" src=\"https:\/\/saas-fee.com\/wp-content\/plugins\/elementor\/assets\/images\/placeholder.png\" title=\"\" alt=\"\" loading=\"lazy\" \/>\t\t\t\t\t\t\t\t\t\t\t\t\t\t<\/div>\n\t\t\t\t\t\t<\/div>\n\t\t\t\t<\/div>\n\t\t\t\t<div class=\"elementor-element elementor-element-3ea01bf elementor-widget-divider--view-line elementor-widget elementor-widget-divider\" data-id=\"3ea01bf\" data-element_type=\"widget\" data-widget_type=\"divider.default\">\n\t\t\t\t<div class=\"elementor-widget-container\">\n\t\t\t\t\t<div class=\"elementor-divider\">\n\t\t\t<span class=\"elementor-divider-separator\">\n\t\t\t\t\t\t<\/span>\n\t\t<\/div>\n\t\t\t\t<\/div>\n\t\t\t\t<\/div>\n\t\t\t\t<div class=\"elementor-element elementor-element-43a5837 elementor-widget elementor-widget-heading\" data-id=\"43a5837\" data-element_type=\"widget\" data-widget_type=\"heading.default\">\n\t\t\t\t<div class=\"elementor-widget-container\">\n\t\t\t<h2 class=\"elementor-heading-title elementor-size-default\">Verblijf in Saas-Fee<\/h2>\t\t<\/div>\n\t\t\t\t<\/div>\n\t\t\t\t<div class=\"elementor-element elementor-element-a7794d2 elementor-widget elementor-widget-text-editor\" data-id=\"a7794d2\" data-element_type=\"widget\" data-widget_type=\"text-editor.default\">\n\t\t\t\t<div class=\"elementor-widget-container\">\n\t\t\t\t\t\t\t\t<div class=\"elementor-text-editor elementor-clearfix\">\n\t\t\t\t<p><span style=\"font-weight: 400;\">Ons luxe chateau penthouse<\/span> <span style=\"font-weight: 400;\">is op de ideale locatie om na de apr\u00e8s-ski naar huis te lopen. In het prachtige verblijf kun jij genieten van luxe faciliteiten zoals jouw eigen sauna en jacuzzi. Er is genoeg ruimte voor koppels, kleine groepen en een gezin.\u00a0<\/span><\/p><p><span style=\"font-weight: 400;\">Wil jij verblijven in een van de mooiste plekken van Zwitserland? Bekijk dan ons <\/span><span style=\"font-weight: 400;\">luxe verblijf in Saas-Fee<\/span><span style=\"font-weight: 400;\">.<\/span><\/p>\t\t\t\t\t<\/div>\n\t\t\t\t\t\t<\/div>\n\t\t\t\t<\/div>\n\t\t\t\t\t\t<\/div>\n\t\t\t\t\t<\/div>\n\t\t<\/div>\n\t\t\t\t<div class=\"elementor-column elementor-col-33 elementor-top-column elementor-element elementor-element-7d51094 elementor-hidden-mobile\" data-id=\"7d51094\" data-element_type=\"column\">\n\t\t\t<div class=\"elementor-column-wrap elementor-element-populated\">\n\t\t\t\t\t\t\t<div class=\"elementor-widget-wrap\">\n\t\t\t\t\t\t\t\t<\/div>\n\t\t\t\t\t<\/div>\n\t\t<\/div>\n\t\t\t\t\t\t\t\t<\/div>\n\t\t\t\t\t<\/div>\n\t\t<\/section>\n\t\t\t\t\t\t\t\t\t<\/div>\n\t\t\t<\/div>\n\t\t\t\t\t<\/div>\n\t\t","protected":false},"excerpt":{"rendered":"<p>Apr\u00e8s-ski Apr\u00e8s-ski: de term die wordt gebruikt voor het gezellig samenzijn na afloop van een lange dag op de piste. Jong en oud drinken samen gezellig een borrel en praten na over de geweldige ski- of snowboard tocht die ze hebben gehad. In vele gevallen vindt dit plaats op het terras, in grote groepen. Een [&hellip;]<\/p>\n","protected":false},"author":2,"featured_media":0,"parent":1132,"menu_order":7,"comment_status":"closed","ping_status":"closed","template":"elementor_theme","meta":{"inline_featured_image":false},"yoast_head":"<!-- This site is optimized with the Yoast SEO plugin v19.14 - https:\/\/yoast.com\/wordpress\/plugins\/seo\/ -->\n<title>Apr\u00e8s-ski in Saas-Fee<\/title>\n<meta name=\"description\" content=\"Apr\u00e8s-ski in Saas-Fee om jouw wintersport dag goed af te sluiten. Er zijn veel mogelijkheden om samen apr\u00e8s-ski muziek tot de vroege uurtjes te zingen.\" \/>\n<meta name=\"robots\" content=\"index, follow, max-snippet:-1, max-image-preview:large, max-video-preview:-1\" \/>\n<link rel=\"canonical\" href=\"https:\/\/saas-fee.com\/nl\/ontspanning\/apres-ski\/\" \/>\n<meta property=\"og:locale\" content=\"nl_NL\" \/>\n<meta property=\"og:type\" content=\"article\" \/>\n<meta property=\"og:title\" content=\"Apr\u00e8s-ski in Saas-Fee\" \/>\n<meta property=\"og:description\" content=\"Apr\u00e8s-ski in Saas-Fee om jouw wintersport dag goed af te sluiten. Er zijn veel mogelijkheden om samen apr\u00e8s-ski muziek tot de vroege uurtjes te zingen.\" \/>\n<meta property=\"og:url\" content=\"https:\/\/saas-fee.com\/nl\/ontspanning\/apres-ski\/\" \/>\n<meta property=\"og:site_name\" content=\"Saas-Fee\" \/>\n<meta property=\"article:modified_time\" content=\"2022-09-05T07:47:06+00:00\" \/>\n<meta property=\"og:image\" content=\"https:\/\/saas-fee.com\/wp-content\/uploads\/2022\/08\/spenser-sembrat-4xkpatOml7A-unsplash-1024x903.jpg\" \/>\n<meta name=\"twitter:card\" content=\"summary_large_image\" \/>\n<meta name=\"twitter:label1\" content=\"Geschatte leestijd\" \/>\n\t<meta name=\"twitter:data1\" content=\"3 minuten\" \/>\n<script type=\"application\/ld+json\" class=\"yoast-schema-graph\">{\"@context\":\"https:\/\/schema.org\",\"@graph\":[{\"@type\":\"WebPage\",\"@id\":\"https:\/\/saas-fee.com\/nl\/ontspanning\/apres-ski\/\",\"url\":\"https:\/\/saas-fee.com\/nl\/ontspanning\/apres-ski\/\",\"name\":\"Apr\u00e8s-ski in Saas-Fee\",\"isPartOf\":{\"@id\":\"https:\/\/saas-fee.com\/nl\/#website\"},\"datePublished\":\"2022-08-03T11:25:35+00:00\",\"dateModified\":\"2022-09-05T07:47:06+00:00\",\"description\":\"Apr\u00e8s-ski in Saas-Fee om jouw wintersport dag goed af te sluiten. Er zijn veel mogelijkheden om samen apr\u00e8s-ski muziek tot de vroege uurtjes te zingen.\",\"breadcrumb\":{\"@id\":\"https:\/\/saas-fee.com\/nl\/ontspanning\/apres-ski\/#breadcrumb\"},\"inLanguage\":\"nl\",\"potentialAction\":[{\"@type\":\"ReadAction\",\"target\":[\"https:\/\/saas-fee.com\/nl\/ontspanning\/apres-ski\/\"]}]},{\"@type\":\"BreadcrumbList\",\"@id\":\"https:\/\/saas-fee.com\/nl\/ontspanning\/apres-ski\/#breadcrumb\",\"itemListElement\":[{\"@type\":\"ListItem\",\"position\":1,\"name\":\"Home\",\"item\":\"https:\/\/saas-fee.com\/nl\/\"},{\"@type\":\"ListItem\",\"position\":2,\"name\":\"Ontspanning\",\"item\":\"https:\/\/saas-fee.com\/nl\/ontspanning\/\"},{\"@type\":\"ListItem\",\"position\":3,\"name\":\"Apres ski\"}]},{\"@type\":\"WebSite\",\"@id\":\"https:\/\/saas-fee.com\/nl\/#website\",\"url\":\"https:\/\/saas-fee.com\/nl\/\",\"name\":\"Saas-Fee\",\"description\":\"Huur een chalet in Saas-Fee, de parel van de Alpen\",\"publisher\":{\"@id\":\"https:\/\/saas-fee.com\/nl\/#organization\"},\"potentialAction\":[{\"@type\":\"SearchAction\",\"target\":{\"@type\":\"EntryPoint\",\"urlTemplate\":\"https:\/\/saas-fee.com\/nl\/?s={search_term_string}\"},\"query-input\":\"required name=search_term_string\"}],\"inLanguage\":\"nl\"},{\"@type\":\"Organization\",\"@id\":\"https:\/\/saas-fee.com\/nl\/#organization\",\"name\":\"Saas-Fee\",\"url\":\"https:\/\/saas-fee.com\/nl\/\",\"logo\":{\"@type\":\"ImageObject\",\"inLanguage\":\"nl\",\"@id\":\"https:\/\/saas-fee.com\/nl\/#\/schema\/logo\/image\/\",\"url\":\"https:\/\/saas-fee.com\/wp-content\/uploads\/2022\/08\/Saas-Fee-logo-tijdelijk.svg\",\"contentUrl\":\"https:\/\/saas-fee.com\/wp-content\/uploads\/2022\/08\/Saas-Fee-logo-tijdelijk.svg\",\"width\":137,\"height\":26,\"caption\":\"Saas-Fee\"},\"image\":{\"@id\":\"https:\/\/saas-fee.com\/nl\/#\/schema\/logo\/image\/\"}}]}<\/script>\n<!-- \/ Yoast SEO plugin. -->","yoast_head_json":{"title":"Apr\u00e8s-ski in Saas-Fee","description":"Apr\u00e8s-ski in Saas-Fee om jouw wintersport dag goed af te sluiten. Er zijn veel mogelijkheden om samen apr\u00e8s-ski muziek tot de vroege uurtjes te zingen.","robots":{"index":"index","follow":"follow","max-snippet":"max-snippet:-1","max-image-preview":"max-image-preview:large","max-video-preview":"max-video-preview:-1"},"canonical":"https:\/\/saas-fee.com\/nl\/ontspanning\/apres-ski\/","og_locale":"nl_NL","og_type":"article","og_title":"Apr\u00e8s-ski in Saas-Fee","og_description":"Apr\u00e8s-ski in Saas-Fee om jouw wintersport dag goed af te sluiten. Er zijn veel mogelijkheden om samen apr\u00e8s-ski muziek tot de vroege uurtjes te zingen.","og_url":"https:\/\/saas-fee.com\/nl\/ontspanning\/apres-ski\/","og_site_name":"Saas-Fee","article_modified_time":"2022-09-05T07:47:06+00:00","og_image":[{"url":"https:\/\/saas-fee.com\/wp-content\/uploads\/2022\/08\/spenser-sembrat-4xkpatOml7A-unsplash-1024x903.jpg"}],"twitter_card":"summary_large_image","twitter_misc":{"Geschatte leestijd":"3 minuten"},"schema":{"@context":"https:\/\/schema.org","@graph":[{"@type":"WebPage","@id":"https:\/\/saas-fee.com\/nl\/ontspanning\/apres-ski\/","url":"https:\/\/saas-fee.com\/nl\/ontspanning\/apres-ski\/","name":"Apr\u00e8s-ski in Saas-Fee","isPartOf":{"@id":"https:\/\/saas-fee.com\/nl\/#website"},"datePublished":"2022-08-03T11:25:35+00:00","dateModified":"2022-09-05T07:47:06+00:00","description":"Apr\u00e8s-ski in Saas-Fee om jouw wintersport dag goed af te sluiten. Er zijn veel mogelijkheden om samen apr\u00e8s-ski muziek tot de vroege uurtjes te zingen.","breadcrumb":{"@id":"https:\/\/saas-fee.com\/nl\/ontspanning\/apres-ski\/#breadcrumb"},"inLanguage":"nl","potentialAction":[{"@type":"ReadAction","target":["https:\/\/saas-fee.com\/nl\/ontspanning\/apres-ski\/"]}]},{"@type":"BreadcrumbList","@id":"https:\/\/saas-fee.com\/nl\/ontspanning\/apres-ski\/#breadcrumb","itemListElement":[{"@type":"ListItem","position":1,"name":"Home","item":"https:\/\/saas-fee.com\/nl\/"},{"@type":"ListItem","position":2,"name":"Ontspanning","item":"https:\/\/saas-fee.com\/nl\/ontspanning\/"},{"@type":"ListItem","position":3,"name":"Apres ski"}]},{"@type":"WebSite","@id":"https:\/\/saas-fee.com\/nl\/#website","url":"https:\/\/saas-fee.com\/nl\/","name":"Saas-Fee","description":"Huur een chalet in Saas-Fee, de parel van de Alpen","publisher":{"@id":"https:\/\/saas-fee.com\/nl\/#organization"},"potentialAction":[{"@type":"SearchAction","target":{"@type":"EntryPoint","urlTemplate":"https:\/\/saas-fee.com\/nl\/?s={search_term_string}"},"query-input":"required name=search_term_string"}],"inLanguage":"nl"},{"@type":"Organization","@id":"https:\/\/saas-fee.com\/nl\/#organization","name":"Saas-Fee","url":"https:\/\/saas-fee.com\/nl\/","logo":{"@type":"ImageObject","inLanguage":"nl","@id":"https:\/\/saas-fee.com\/nl\/#\/schema\/logo\/image\/","url":"https:\/\/saas-fee.com\/wp-content\/uploads\/2022\/08\/Saas-Fee-logo-tijdelijk.svg","contentUrl":"https:\/\/saas-fee.com\/wp-content\/uploads\/2022\/08\/Saas-Fee-logo-tijdelijk.svg","width":137,"height":26,"caption":"Saas-Fee"},"image":{"@id":"https:\/\/saas-fee.com\/nl\/#\/schema\/logo\/image\/"}}]}},"_links":{"self":[{"href":"https:\/\/saas-fee.com\/nl\/wp-json\/wp\/v2\/pages\/1838"}],"collection":[{"href":"https:\/\/saas-fee.com\/nl\/wp-json\/wp\/v2\/pages"}],"about":[{"href":"https:\/\/saas-fee.com\/nl\/wp-json\/wp\/v2\/types\/page"}],"author":[{"embeddable":true,"href":"https:\/\/saas-fee.com\/nl\/wp-json\/wp\/v2\/users\/2"}],"replies":[{"embeddable":true,"href":"https:\/\/saas-fee.com\/nl\/wp-json\/wp\/v2\/comments?post=1838"}],"version-history":[{"count":23,"href":"https:\/\/saas-fee.com\/nl\/wp-json\/wp\/v2\/pages\/1838\/revisions"}],"predecessor-version":[{"id":2797,"href":"https:\/\/saas-fee.com\/nl\/wp-json\/wp\/v2\/pages\/1838\/revisions\/2797"}],"up":[{"embeddable":true,"href":"https:\/\/saas-fee.com\/nl\/wp-json\/wp\/v2\/pages\/1132"}],"wp:attachment":[{"href":"https:\/\/saas-fee.com\/nl\/wp-json\/wp\/v2\/media?parent=1838"}],"curies":[{"name":"wp","href":"https:\/\/api.w.org\/{rel}","templated":true}]}}