{"id":1844,"date":"2022-08-03T11:26:44","date_gmt":"2022-08-03T11:26:44","guid":{"rendered":"https:\/\/saas-fee.com\/?page_id=1844"},"modified":"2022-09-05T07:47:40","modified_gmt":"2022-09-05T07:47:40","slug":"route","status":"publish","type":"page","link":"https:\/\/saas-fee.com\/nl\/over-saas-fee\/route\/","title":{"rendered":"Saas-Fee bereiken"},"content":{"rendered":"\t\t<div data-elementor-type=\"wp-post\" data-elementor-id=\"1844\" class=\"elementor elementor-1844\">\n\t\t\t\t\t\t<div class=\"elementor-inner\">\n\t\t\t\t<div class=\"elementor-section-wrap\">\n\t\t\t\t\t\t\t\t\t<section class=\"elementor-section elementor-top-section elementor-element elementor-element-d2381ea elementor-section-height-min-height elementor-section-items-bottom elementor-section-boxed elementor-section-height-default\" data-id=\"d2381ea\" data-element_type=\"section\" data-settings=\"{&quot;background_background&quot;:&quot;classic&quot;}\">\n\t\t\t\t\t\t\t<div class=\"elementor-background-overlay\"><\/div>\n\t\t\t\t\t\t\t<div class=\"elementor-container elementor-column-gap-default\">\n\t\t\t\t\t\t\t<div class=\"elementor-row\">\n\t\t\t\t\t<div class=\"elementor-column elementor-col-100 elementor-top-column elementor-element elementor-element-fdc56de\" data-id=\"fdc56de\" data-element_type=\"column\">\n\t\t\t<div class=\"elementor-column-wrap elementor-element-populated\">\n\t\t\t\t\t\t\t<div class=\"elementor-widget-wrap\">\n\t\t\t\t\t\t<div class=\"elementor-element elementor-element-a3f1579 elementor-widget elementor-widget-heading\" data-id=\"a3f1579\" data-element_type=\"widget\" data-widget_type=\"heading.default\">\n\t\t\t\t<div class=\"elementor-widget-container\">\n\t\t\t<h1 class=\"elementor-heading-title elementor-size-default\">Saas-Fee bereiken<\/h1>\t\t<\/div>\n\t\t\t\t<\/div>\n\t\t\t\t<div class=\"elementor-element elementor-element-6ae417f elementor-widget elementor-widget-breadcrumbs\" data-id=\"6ae417f\" data-element_type=\"widget\" data-widget_type=\"breadcrumbs.default\">\n\t\t\t\t<div class=\"elementor-widget-container\">\n\t\t\t<nav id=\"breadcrumbs\"><span><span><a href=\"https:\/\/saas-fee.com\/nl\/\">Home<\/a><\/span><\/span><\/nav>\t\t<\/div>\n\t\t\t\t<\/div>\n\t\t\t\t\t\t<\/div>\n\t\t\t\t\t<\/div>\n\t\t<\/div>\n\t\t\t\t\t\t\t\t<\/div>\n\t\t\t\t\t<\/div>\n\t\t<\/section>\n\t\t\t\t<section class=\"elementor-section elementor-top-section elementor-element elementor-element-f1e5e1b elementor-section-boxed elementor-section-height-default elementor-section-height-default\" data-id=\"f1e5e1b\" data-element_type=\"section\">\n\t\t\t\t\t\t<div class=\"elementor-container elementor-column-gap-default\">\n\t\t\t\t\t\t\t<div class=\"elementor-row\">\n\t\t\t\t\t<div class=\"elementor-column elementor-col-66 elementor-top-column elementor-element elementor-element-2b74201\" data-id=\"2b74201\" data-element_type=\"column\">\n\t\t\t<div class=\"elementor-column-wrap elementor-element-populated\">\n\t\t\t\t\t\t\t<div class=\"elementor-widget-wrap\">\n\t\t\t\t\t\t<div class=\"elementor-element elementor-element-7970b7f elementor-widget elementor-widget-text-editor\" data-id=\"7970b7f\" data-element_type=\"widget\" data-widget_type=\"text-editor.default\">\n\t\t\t\t<div class=\"elementor-widget-container\">\n\t\t\t\t\t\t\t\t<div class=\"elementor-text-editor elementor-clearfix\">\n\t\t\t\t<p><span style=\"font-weight: 400;\">Saas-Fee is op verschillende manieren gemakkelijk te bereiken. Saas-Fee is een klein dorp dat zich bevindt in het zuiden van Zwitserland. Het dorp ligt op 1800 meter hoogte, welke vanuit Nederland goed te bereiken is.<\/span><\/p>\t\t\t\t\t<\/div>\n\t\t\t\t\t\t<\/div>\n\t\t\t\t<\/div>\n\t\t\t\t<div class=\"elementor-element elementor-element-3e9cefb elementor-widget elementor-widget-image\" data-id=\"3e9cefb\" data-element_type=\"widget\" data-widget_type=\"image.default\">\n\t\t\t\t<div class=\"elementor-widget-container\">\n\t\t\t\t\t\t\t\t<div class=\"elementor-image\">\n\t\t\t\t\t\t\t\t\t\t\t\t<img decoding=\"async\" src=\"https:\/\/saas-fee.com\/wp-content\/plugins\/elementor\/assets\/images\/placeholder.png\" title=\"\" alt=\"\" loading=\"lazy\" \/>\t\t\t\t\t\t\t\t\t\t\t\t\t\t<\/div>\n\t\t\t\t\t\t<\/div>\n\t\t\t\t<\/div>\n\t\t\t\t<div class=\"elementor-element elementor-element-fe94acf elementor-widget-divider--view-line elementor-widget elementor-widget-divider\" data-id=\"fe94acf\" data-element_type=\"widget\" data-widget_type=\"divider.default\">\n\t\t\t\t<div class=\"elementor-widget-container\">\n\t\t\t\t\t<div class=\"elementor-divider\">\n\t\t\t<span class=\"elementor-divider-separator\">\n\t\t\t\t\t\t<\/span>\n\t\t<\/div>\n\t\t\t\t<\/div>\n\t\t\t\t<\/div>\n\t\t\t\t<div class=\"elementor-element elementor-element-2f897a1 elementor-widget elementor-widget-heading\" data-id=\"2f897a1\" data-element_type=\"widget\" data-widget_type=\"heading.default\">\n\t\t\t\t<div class=\"elementor-widget-container\">\n\t\t\t<h2 class=\"elementor-heading-title elementor-size-default\">Saas-Fee bereiken met de auto<\/h2>\t\t<\/div>\n\t\t\t\t<\/div>\n\t\t\t\t<div class=\"elementor-element elementor-element-1622dcc elementor-widget elementor-widget-text-editor\" data-id=\"1622dcc\" data-element_type=\"widget\" data-widget_type=\"text-editor.default\">\n\t\t\t\t<div class=\"elementor-widget-container\">\n\t\t\t\t\t\t\t\t<div class=\"elementor-text-editor elementor-clearfix\">\n\t\t\t\t<p><span style=\"font-weight: 400;\">Saas-Fee is sinds 1951 een autovrij dorp. Het gemeentebestuur zet zich in voor duurzaamheid en groene energie. Dit houdt in dat de auto op een grote parkeerplaats geparkeerd moet worden net buiten het dorp. Vanuit de parkeerplaats kun je gemakkelijk naar het dorpscentrum komen met het openbaar vervoer, zoals met de Saas-Fee bus. Zie hieronder het aantal kilometers en de reistijd per stad in Nederland.\u00a0<\/span><\/p><p>\u00a0<\/p><table><tbody><tr><td><p><b>Stad<\/b><\/p><\/td><td><p><b>Berekende reistijd<\/b><\/p><\/td><td><p><b>Aantal kilometers naar Saas-Fee<\/b><\/p><\/td><\/tr><tr><td><p><span style=\"font-weight: 400;\">Amsterdam<\/span><\/p><\/td><td><p><span style=\"font-weight: 400;\">10 uur en 20 minuten<\/span><\/p><\/td><td><p><span style=\"font-weight: 400;\">922 km<\/span><\/p><\/td><\/tr><tr><td><p><span style=\"font-weight: 400;\">Rotterdam<\/span><\/p><\/td><td><p><span style=\"font-weight: 400;\">9 uur en 53 minuten<\/span><\/p><\/td><td><p><span style=\"font-weight: 400;\">898 km<\/span><\/p><\/td><\/tr><tr><td><p><span style=\"font-weight: 400;\">Den Haag<\/span><\/p><\/td><td><p><span style=\"font-weight: 400;\">10 uur en 7 minuten<\/span><\/p><\/td><td><p><span style=\"font-weight: 400;\">924 km<\/span><\/p><\/td><\/tr><tr><td><p><span style=\"font-weight: 400;\">Utrecht<\/span><\/p><\/td><td><p><span style=\"font-weight: 400;\">10 uur en 7 minuten<\/span><\/p><\/td><td><p><span style=\"font-weight: 400;\">923 km<\/span><\/p><\/td><\/tr><tr><td><p><span style=\"font-weight: 400;\">Eindhoven<\/span><\/p><\/td><td><p><span style=\"font-weight: 400;\">9 uur en 13 minuten<\/span><\/p><\/td><td><p><span style=\"font-weight: 400;\">800 km<\/span><\/p><\/td><\/tr><tr><td><p><span style=\"font-weight: 400;\">Groningen<\/span><\/p><\/td><td><p><span style=\"font-weight: 400;\">10 uur en 34 minuten<\/span><\/p><\/td><td><p><span style=\"font-weight: 400;\">1006 km\u00a0<\/span><\/p><\/td><\/tr><\/tbody><\/table>\t\t\t\t\t<\/div>\n\t\t\t\t\t\t<\/div>\n\t\t\t\t<\/div>\n\t\t\t\t<div class=\"elementor-element elementor-element-2d500a1 elementor-widget elementor-widget-heading\" data-id=\"2d500a1\" data-element_type=\"widget\" data-widget_type=\"heading.default\">\n\t\t\t\t<div class=\"elementor-widget-container\">\n\t\t\t<h3 class=\"elementor-heading-title elementor-size-default\">Vignet<\/h3>\t\t<\/div>\n\t\t\t\t<\/div>\n\t\t\t\t<div class=\"elementor-element elementor-element-8a432ef elementor-widget elementor-widget-text-editor\" data-id=\"8a432ef\" data-element_type=\"widget\" data-widget_type=\"text-editor.default\">\n\t\t\t\t<div class=\"elementor-widget-container\">\n\t\t\t\t\t\t\t\t<div class=\"elementor-text-editor elementor-clearfix\">\n\t\t\t\t<p><span style=\"font-weight: 400;\">In Zwitserland dien je tol te betalen voor het gebruik van de snelweg. Dit doe je middels een vignet.Een vignet is veertien maanden geldig van 1 december tot en met 31 december van het jaar erop. Vignet 2022 is bijvoorbeeld geldig van 1 december 2021 tot en met 31 januari 2023. Wanneer je slim boekt kun je twee jaar op een rij op wintersport met 1 vignet. Zonder tolvignet kun je geen gebruik maken van snelwegen, je doet er dan gemiddeld 2,5 uur langer over vanuit Nederland.\u00a0<\/span><\/p>\t\t\t\t\t<\/div>\n\t\t\t\t\t\t<\/div>\n\t\t\t\t<\/div>\n\t\t\t\t<div class=\"elementor-element elementor-element-714c657 elementor-widget elementor-widget-image\" data-id=\"714c657\" data-element_type=\"widget\" data-widget_type=\"image.default\">\n\t\t\t\t<div class=\"elementor-widget-container\">\n\t\t\t\t\t\t\t\t<div class=\"elementor-image\">\n\t\t\t\t\t\t\t\t\t\t\t\t<img decoding=\"async\" src=\"https:\/\/saas-fee.com\/wp-content\/plugins\/elementor\/assets\/images\/placeholder.png\" title=\"\" alt=\"\" loading=\"lazy\" \/>\t\t\t\t\t\t\t\t\t\t\t\t\t\t<\/div>\n\t\t\t\t\t\t<\/div>\n\t\t\t\t<\/div>\n\t\t\t\t<div class=\"elementor-element elementor-element-694e785 elementor-widget-divider--view-line elementor-widget elementor-widget-divider\" data-id=\"694e785\" data-element_type=\"widget\" data-widget_type=\"divider.default\">\n\t\t\t\t<div class=\"elementor-widget-container\">\n\t\t\t\t\t<div class=\"elementor-divider\">\n\t\t\t<span class=\"elementor-divider-separator\">\n\t\t\t\t\t\t<\/span>\n\t\t<\/div>\n\t\t\t\t<\/div>\n\t\t\t\t<\/div>\n\t\t\t\t<div class=\"elementor-element elementor-element-43a5837 elementor-widget elementor-widget-heading\" data-id=\"43a5837\" data-element_type=\"widget\" data-widget_type=\"heading.default\">\n\t\t\t\t<div class=\"elementor-widget-container\">\n\t\t\t<h2 class=\"elementor-heading-title elementor-size-default\">Saas-Fee bereiken met de trein \n<\/h2>\t\t<\/div>\n\t\t\t\t<\/div>\n\t\t\t\t<div class=\"elementor-element elementor-element-a7794d2 elementor-widget elementor-widget-text-editor\" data-id=\"a7794d2\" data-element_type=\"widget\" data-widget_type=\"text-editor.default\">\n\t\t\t\t<div class=\"elementor-widget-container\">\n\t\t\t\t\t\t\t\t<div class=\"elementor-text-editor elementor-clearfix\">\n\t\t\t\t<p><span style=\"font-weight: 400;\">Saas-Fee heeft geen treinstation. Het dichtstbijzijnde dorpje dat te bereiken is met de trein is Stalden-Saas. De trein gaat vanaf Stalden verder naar Zwermatt. In het Saasdal is geen treinverbinding.\u00a0<\/span><\/p><p><span style=\"font-weight: 400;\">Een andere optie is om met de trein naar Visp te reizen. Vanaf Visp kun je de taxi of skibus nemen naar Saas-Fee. De treinreis vanaf Amsterdam naar Visp duurt gemiddeld 10 uur. De prijzen van deze treinreis vari\u00ebren, hoe langer vooruit je boekt hoe groter de kans is dat je een goedkopere treinticket weet te bemachtigen. Vanaf Visp kan je bus B551 pakken naar het Saasdal. <\/span><a href=\"https:\/\/www.sbb.ch\/de\/fahrplan\/online-fahrplan\/pdf-fahrplaene\/abfahrtsplakate.html?search=visp&amp;_charset_=UTF-8&amp;page=1\"><span style=\"font-weight: 400;\">Bekijk de buslijnen<\/span><\/a><span style=\"font-weight: 400;\"> vanaf Visp voor de vertrektijden.\u00a0<\/span><\/p>\t\t\t\t\t<\/div>\n\t\t\t\t\t\t<\/div>\n\t\t\t\t<\/div>\n\t\t\t\t<div class=\"elementor-element elementor-element-970ed1c elementor-widget-divider--view-line elementor-widget elementor-widget-divider\" data-id=\"970ed1c\" data-element_type=\"widget\" data-widget_type=\"divider.default\">\n\t\t\t\t<div class=\"elementor-widget-container\">\n\t\t\t\t\t<div class=\"elementor-divider\">\n\t\t\t<span class=\"elementor-divider-separator\">\n\t\t\t\t\t\t<\/span>\n\t\t<\/div>\n\t\t\t\t<\/div>\n\t\t\t\t<\/div>\n\t\t\t\t<div class=\"elementor-element elementor-element-9e5f620 elementor-widget elementor-widget-heading\" data-id=\"9e5f620\" data-element_type=\"widget\" data-widget_type=\"heading.default\">\n\t\t\t\t<div class=\"elementor-widget-container\">\n\t\t\t<h2 class=\"elementor-heading-title elementor-size-default\">Saas-fee bereiken met het vliegtuig<\/h2>\t\t<\/div>\n\t\t\t\t<\/div>\n\t\t\t\t<div class=\"elementor-element elementor-element-c24f395 elementor-widget elementor-widget-text-editor\" data-id=\"c24f395\" data-element_type=\"widget\" data-widget_type=\"text-editor.default\">\n\t\t\t\t<div class=\"elementor-widget-container\">\n\t\t\t\t\t\t\t\t<div class=\"elementor-text-editor elementor-clearfix\">\n\t\t\t\t<p><span style=\"font-weight: 400;\">Ook met het vliegtuig is Saas-Fee gemakkelijk en comfortabel te bereiken. Het dichtstbijzijnde vliegveld is in Gen\u00e8ve. De vliegreis van Amsterdam Schiphol naar Gen\u00e8ve duurt ongeveer 1 uur en 30 minuten. Vanuit Gen\u00e8ve is het vervolgens 2 uur en 45 minuten rijden naar Saas-Fee.\u00a0<\/span><\/p><p><span style=\"font-weight: 400;\">Andere vliegvelden die in de buurt van Saas-Fee liggen zijn Bern (Zwitserland), Z\u00fcrich (Zwitserland), Milaan (Itali\u00eb), Torino\/Turijn (Itali\u00eb) en Basel (Frankrijk).<\/span><\/p><p><span style=\"font-weight: 400;\">Bekijk hieronder de verschillende afstanden vanaf de verschillende vliegvelden.<\/span><\/p><table><tbody><tr><td><p><b>Vliegveld<\/b><\/p><\/td><td><p><b>Berekende reistijd vanaf Amsterdam Schiphol<\/b><\/p><\/td><td><p><b>Berekende reistijd rijden naar Saas-Fee vanaf vliegveld<\/b><\/p><\/td><\/tr><tr><td><p><span style=\"font-weight: 400;\">Gen\u00e8ve<\/span><\/p><\/td><td><p><span style=\"font-weight: 400;\">1 uur en 30 minuten<\/span><\/p><\/td><td><p><span style=\"font-weight: 400;\">2 uur en 45 minuten<\/span><\/p><\/td><\/tr><tr><td><p><span style=\"font-weight: 400;\">Bern<\/span><\/p><\/td><td><p><span style=\"font-weight: 400;\">1 uur en 8 minuten\u00a0<\/span><\/p><\/td><td><p><span style=\"font-weight: 400;\">2 uur en 29 minuten<\/span><\/p><\/td><\/tr><tr><td><p><span style=\"font-weight: 400;\">Zurich<\/span><\/p><\/td><td><p><span style=\"font-weight: 400;\">1 uur en 25 minuten<\/span><\/p><\/td><td><p><span style=\"font-weight: 400;\">3 uur en 43 minuten<\/span><\/p><\/td><\/tr><tr><td><p><span style=\"font-weight: 400;\">Milaan<\/span><\/p><\/td><td><p><span style=\"font-weight: 400;\">1 uur en 40 minuten<\/span><\/p><\/td><td><p><span style=\"font-weight: 400;\">2 uur en 48 minuten<\/span><\/p><\/td><\/tr><tr><td><p><span style=\"font-weight: 400;\">Torino\/Turijn<\/span><\/p><\/td><td><p><span style=\"font-weight: 400;\">1 uur en 35 minuten<\/span><\/p><\/td><td><p><span style=\"font-weight: 400;\">3 uur en 29 minuten<\/span><\/p><\/td><\/tr><tr><td><p><span style=\"font-weight: 400;\">Basel<\/span><\/p><\/td><td><p><span style=\"font-weight: 400;\">1 uur en 15 min<\/span><\/p><\/td><td><p><span style=\"font-weight: 400;\">3 uur en 34 minuten\u00a0<\/span><\/p><\/td><\/tr><\/tbody><\/table>\t\t\t\t\t<\/div>\n\t\t\t\t\t\t<\/div>\n\t\t\t\t<\/div>\n\t\t\t\t<div class=\"elementor-element elementor-element-d19e31e elementor-widget-divider--view-line elementor-widget elementor-widget-divider\" data-id=\"d19e31e\" data-element_type=\"widget\" data-widget_type=\"divider.default\">\n\t\t\t\t<div class=\"elementor-widget-container\">\n\t\t\t\t\t<div class=\"elementor-divider\">\n\t\t\t<span class=\"elementor-divider-separator\">\n\t\t\t\t\t\t<\/span>\n\t\t<\/div>\n\t\t\t\t<\/div>\n\t\t\t\t<\/div>\n\t\t\t\t<div class=\"elementor-element elementor-element-d20e3fb elementor-widget elementor-widget-heading\" data-id=\"d20e3fb\" data-element_type=\"widget\" data-widget_type=\"heading.default\">\n\t\t\t\t<div class=\"elementor-widget-container\">\n\t\t\t<h2 class=\"elementor-heading-title elementor-size-default\">Overnachten in Saas-Fee<\/h2>\t\t<\/div>\n\t\t\t\t<\/div>\n\t\t\t\t<div class=\"elementor-element elementor-element-a6d0f3d elementor-widget elementor-widget-text-editor\" data-id=\"a6d0f3d\" data-element_type=\"widget\" data-widget_type=\"text-editor.default\">\n\t\t\t\t<div class=\"elementor-widget-container\">\n\t\t\t\t\t\t\t\t<div class=\"elementor-text-editor elementor-clearfix\">\n\t\t\t\t<p><span style=\"font-weight: 400;\">Een verblijf in Saas-Fee is niet compleet zonder een goede accommodatie waar je kan ontspannen na een lange dag vol activiteiten in Saas-Fee. Ben je nog op zoek naar een leuke accommodatie? Zoek niet verder en verblijf in een luxe chateau nog geen 400 meter van Saas-Fee centrum inclusief diverse wellness voorzieningen.\u00a0<\/span><\/p>\t\t\t\t\t<\/div>\n\t\t\t\t\t\t<\/div>\n\t\t\t\t<\/div>\n\t\t\t\t<div class=\"elementor-element elementor-element-e05be8c elementor-widget elementor-widget-heading\" data-id=\"e05be8c\" data-element_type=\"widget\" data-widget_type=\"heading.default\">\n\t\t\t\t<div class=\"elementor-widget-container\">\n\t\t\t<h3 class=\"elementor-heading-title elementor-size-default\">Luxe chateau in Saas-Fee reserveren <\/h3>\t\t<\/div>\n\t\t\t\t<\/div>\n\t\t\t\t<div class=\"elementor-element elementor-element-62f737a elementor-widget elementor-widget-text-editor\" data-id=\"62f737a\" data-element_type=\"widget\" data-widget_type=\"text-editor.default\">\n\t\t\t\t<div class=\"elementor-widget-container\">\n\t\t\t\t\t\t\t\t<div class=\"elementor-text-editor elementor-clearfix\">\n\t\t\t\t<p><span style=\"font-weight: 400;\">Een verblijf in het luxe chateau in Saas-Fee biedt comfort en luxe. Deze luxueuze penthouse is perfect voor een romantisch verblijf, een gezinsvakantie of een uitstapje met een kleine groep vrienden &#8211; en dat alles met een onovertroffen uitzicht op de Zwitserse Alpen in Saas-Fee vanaf je eigen priv\u00e9 balkon!<\/span><\/p><p><span style=\"font-weight: 400;\">Reserveer vandaag het luxe chateau 400 meter van het centrum van Saas-Fee en geniet van je verblijf met moderne voorzieningen.\u00a0<\/span><\/p>\t\t\t\t\t<\/div>\n\t\t\t\t\t\t<\/div>\n\t\t\t\t<\/div>\n\t\t\t\t\t\t<\/div>\n\t\t\t\t\t<\/div>\n\t\t<\/div>\n\t\t\t\t<div class=\"elementor-column elementor-col-33 elementor-top-column elementor-element elementor-element-7d51094\" data-id=\"7d51094\" data-element_type=\"column\">\n\t\t\t<div class=\"elementor-column-wrap elementor-element-populated\">\n\t\t\t\t\t\t\t<div class=\"elementor-widget-wrap\">\n\t\t\t\t\t\t\t\t<\/div>\n\t\t\t\t\t<\/div>\n\t\t<\/div>\n\t\t\t\t\t\t\t\t<\/div>\n\t\t\t\t\t<\/div>\n\t\t<\/section>\n\t\t\t\t\t\t\t\t\t<\/div>\n\t\t\t<\/div>\n\t\t\t\t\t<\/div>\n\t\t","protected":false},"excerpt":{"rendered":"<p>Saas-Fee bereiken Saas-Fee is op verschillende manieren gemakkelijk te bereiken. Saas-Fee is een klein dorp dat zich bevindt in het zuiden van Zwitserland. Het dorp ligt op 1800 meter hoogte, welke vanuit Nederland goed te bereiken is. Saas-Fee bereiken met de auto Saas-Fee is sinds 1951 een autovrij dorp. Het gemeentebestuur zet zich in voor [&hellip;]<\/p>\n","protected":false},"author":2,"featured_media":0,"parent":1297,"menu_order":7,"comment_status":"closed","ping_status":"closed","template":"elementor_theme","meta":{"inline_featured_image":false},"yoast_head":"<!-- This site is optimized with the Yoast SEO plugin v19.14 - https:\/\/yoast.com\/wordpress\/plugins\/seo\/ -->\n<title>Saas-Fee bereiken<\/title>\n<meta name=\"description\" content=\"Saas-Fee is op meerdere manieren gemakkelijk te bereiken vanaf Nederland. Lees hier meer over de verschillende routes per vliegtuig, trein en auto.\" \/>\n<meta name=\"robots\" content=\"index, follow, max-snippet:-1, max-image-preview:large, max-video-preview:-1\" \/>\n<link rel=\"canonical\" href=\"https:\/\/saas-fee.com\/nl\/over-saas-fee\/route\/\" \/>\n<meta property=\"og:locale\" content=\"nl_NL\" \/>\n<meta property=\"og:type\" content=\"article\" \/>\n<meta property=\"og:title\" content=\"Saas-Fee bereiken\" \/>\n<meta property=\"og:description\" content=\"Saas-Fee is op meerdere manieren gemakkelijk te bereiken vanaf Nederland. Lees hier meer over de verschillende routes per vliegtuig, trein en auto.\" \/>\n<meta property=\"og:url\" content=\"https:\/\/saas-fee.com\/nl\/over-saas-fee\/route\/\" \/>\n<meta property=\"og:site_name\" content=\"Saas-Fee\" \/>\n<meta property=\"article:modified_time\" content=\"2022-09-05T07:47:40+00:00\" \/>\n<meta property=\"og:image\" content=\"https:\/\/saas-fee.com\/wp-content\/plugins\/elementor\/assets\/images\/placeholder.png\" \/>\n<meta name=\"twitter:card\" content=\"summary_large_image\" \/>\n<meta name=\"twitter:label1\" content=\"Geschatte leestijd\" \/>\n\t<meta name=\"twitter:data1\" content=\"4 minuten\" \/>\n<script type=\"application\/ld+json\" class=\"yoast-schema-graph\">{\"@context\":\"https:\/\/schema.org\",\"@graph\":[{\"@type\":\"WebPage\",\"@id\":\"https:\/\/saas-fee.com\/nl\/over-saas-fee\/route\/\",\"url\":\"https:\/\/saas-fee.com\/nl\/over-saas-fee\/route\/\",\"name\":\"Saas-Fee bereiken\",\"isPartOf\":{\"@id\":\"https:\/\/saas-fee.com\/nl\/#website\"},\"datePublished\":\"2022-08-03T11:26:44+00:00\",\"dateModified\":\"2022-09-05T07:47:40+00:00\",\"description\":\"Saas-Fee is op meerdere manieren gemakkelijk te bereiken vanaf Nederland. Lees hier meer over de verschillende routes per vliegtuig, trein en auto.\",\"breadcrumb\":{\"@id\":\"https:\/\/saas-fee.com\/nl\/over-saas-fee\/route\/#breadcrumb\"},\"inLanguage\":\"nl\",\"potentialAction\":[{\"@type\":\"ReadAction\",\"target\":[\"https:\/\/saas-fee.com\/nl\/over-saas-fee\/route\/\"]}]},{\"@type\":\"BreadcrumbList\",\"@id\":\"https:\/\/saas-fee.com\/nl\/over-saas-fee\/route\/#breadcrumb\",\"itemListElement\":[{\"@type\":\"ListItem\",\"position\":1,\"name\":\"Home\",\"item\":\"https:\/\/saas-fee.com\/nl\/\"},{\"@type\":\"ListItem\",\"position\":2,\"name\":\"Over Saas-Fee\",\"item\":\"https:\/\/saas-fee.com\/nl\/over-saas-fee\/\"},{\"@type\":\"ListItem\",\"position\":3,\"name\":\"Saas-Fee bereiken\"}]},{\"@type\":\"WebSite\",\"@id\":\"https:\/\/saas-fee.com\/nl\/#website\",\"url\":\"https:\/\/saas-fee.com\/nl\/\",\"name\":\"Saas-Fee\",\"description\":\"Huur een chalet in Saas-Fee, de parel van de Alpen\",\"publisher\":{\"@id\":\"https:\/\/saas-fee.com\/nl\/#organization\"},\"potentialAction\":[{\"@type\":\"SearchAction\",\"target\":{\"@type\":\"EntryPoint\",\"urlTemplate\":\"https:\/\/saas-fee.com\/nl\/?s={search_term_string}\"},\"query-input\":\"required name=search_term_string\"}],\"inLanguage\":\"nl\"},{\"@type\":\"Organization\",\"@id\":\"https:\/\/saas-fee.com\/nl\/#organization\",\"name\":\"Saas-Fee\",\"url\":\"https:\/\/saas-fee.com\/nl\/\",\"logo\":{\"@type\":\"ImageObject\",\"inLanguage\":\"nl\",\"@id\":\"https:\/\/saas-fee.com\/nl\/#\/schema\/logo\/image\/\",\"url\":\"https:\/\/saas-fee.com\/wp-content\/uploads\/2022\/08\/Saas-Fee-logo-tijdelijk.svg\",\"contentUrl\":\"https:\/\/saas-fee.com\/wp-content\/uploads\/2022\/08\/Saas-Fee-logo-tijdelijk.svg\",\"width\":137,\"height\":26,\"caption\":\"Saas-Fee\"},\"image\":{\"@id\":\"https:\/\/saas-fee.com\/nl\/#\/schema\/logo\/image\/\"}}]}<\/script>\n<!-- \/ Yoast SEO plugin. -->","yoast_head_json":{"title":"Saas-Fee bereiken","description":"Saas-Fee is op meerdere manieren gemakkelijk te bereiken vanaf Nederland. Lees hier meer over de verschillende routes per vliegtuig, trein en auto.","robots":{"index":"index","follow":"follow","max-snippet":"max-snippet:-1","max-image-preview":"max-image-preview:large","max-video-preview":"max-video-preview:-1"},"canonical":"https:\/\/saas-fee.com\/nl\/over-saas-fee\/route\/","og_locale":"nl_NL","og_type":"article","og_title":"Saas-Fee bereiken","og_description":"Saas-Fee is op meerdere manieren gemakkelijk te bereiken vanaf Nederland. Lees hier meer over de verschillende routes per vliegtuig, trein en auto.","og_url":"https:\/\/saas-fee.com\/nl\/over-saas-fee\/route\/","og_site_name":"Saas-Fee","article_modified_time":"2022-09-05T07:47:40+00:00","og_image":[{"url":"https:\/\/saas-fee.com\/wp-content\/plugins\/elementor\/assets\/images\/placeholder.png"}],"twitter_card":"summary_large_image","twitter_misc":{"Geschatte leestijd":"4 minuten"},"schema":{"@context":"https:\/\/schema.org","@graph":[{"@type":"WebPage","@id":"https:\/\/saas-fee.com\/nl\/over-saas-fee\/route\/","url":"https:\/\/saas-fee.com\/nl\/over-saas-fee\/route\/","name":"Saas-Fee bereiken","isPartOf":{"@id":"https:\/\/saas-fee.com\/nl\/#website"},"datePublished":"2022-08-03T11:26:44+00:00","dateModified":"2022-09-05T07:47:40+00:00","description":"Saas-Fee is op meerdere manieren gemakkelijk te bereiken vanaf Nederland. Lees hier meer over de verschillende routes per vliegtuig, trein en auto.","breadcrumb":{"@id":"https:\/\/saas-fee.com\/nl\/over-saas-fee\/route\/#breadcrumb"},"inLanguage":"nl","potentialAction":[{"@type":"ReadAction","target":["https:\/\/saas-fee.com\/nl\/over-saas-fee\/route\/"]}]},{"@type":"BreadcrumbList","@id":"https:\/\/saas-fee.com\/nl\/over-saas-fee\/route\/#breadcrumb","itemListElement":[{"@type":"ListItem","position":1,"name":"Home","item":"https:\/\/saas-fee.com\/nl\/"},{"@type":"ListItem","position":2,"name":"Over Saas-Fee","item":"https:\/\/saas-fee.com\/nl\/over-saas-fee\/"},{"@type":"ListItem","position":3,"name":"Saas-Fee bereiken"}]},{"@type":"WebSite","@id":"https:\/\/saas-fee.com\/nl\/#website","url":"https:\/\/saas-fee.com\/nl\/","name":"Saas-Fee","description":"Huur een chalet in Saas-Fee, de parel van de Alpen","publisher":{"@id":"https:\/\/saas-fee.com\/nl\/#organization"},"potentialAction":[{"@type":"SearchAction","target":{"@type":"EntryPoint","urlTemplate":"https:\/\/saas-fee.com\/nl\/?s={search_term_string}"},"query-input":"required name=search_term_string"}],"inLanguage":"nl"},{"@type":"Organization","@id":"https:\/\/saas-fee.com\/nl\/#organization","name":"Saas-Fee","url":"https:\/\/saas-fee.com\/nl\/","logo":{"@type":"ImageObject","inLanguage":"nl","@id":"https:\/\/saas-fee.com\/nl\/#\/schema\/logo\/image\/","url":"https:\/\/saas-fee.com\/wp-content\/uploads\/2022\/08\/Saas-Fee-logo-tijdelijk.svg","contentUrl":"https:\/\/saas-fee.com\/wp-content\/uploads\/2022\/08\/Saas-Fee-logo-tijdelijk.svg","width":137,"height":26,"caption":"Saas-Fee"},"image":{"@id":"https:\/\/saas-fee.com\/nl\/#\/schema\/logo\/image\/"}}]}},"_links":{"self":[{"href":"https:\/\/saas-fee.com\/nl\/wp-json\/wp\/v2\/pages\/1844"}],"collection":[{"href":"https:\/\/saas-fee.com\/nl\/wp-json\/wp\/v2\/pages"}],"about":[{"href":"https:\/\/saas-fee.com\/nl\/wp-json\/wp\/v2\/types\/page"}],"author":[{"embeddable":true,"href":"https:\/\/saas-fee.com\/nl\/wp-json\/wp\/v2\/users\/2"}],"replies":[{"embeddable":true,"href":"https:\/\/saas-fee.com\/nl\/wp-json\/wp\/v2\/comments?post=1844"}],"version-history":[{"count":11,"href":"https:\/\/saas-fee.com\/nl\/wp-json\/wp\/v2\/pages\/1844\/revisions"}],"predecessor-version":[{"id":2803,"href":"https:\/\/saas-fee.com\/nl\/wp-json\/wp\/v2\/pages\/1844\/revisions\/2803"}],"up":[{"embeddable":true,"href":"https:\/\/saas-fee.com\/nl\/wp-json\/wp\/v2\/pages\/1297"}],"wp:attachment":[{"href":"https:\/\/saas-fee.com\/nl\/wp-json\/wp\/v2\/media?parent=1844"}],"curies":[{"name":"wp","href":"https:\/\/api.w.org\/{rel}","templated":true}]}}